{"id":8739,"date":"2025-11-10T09:00:57","date_gmt":"2025-11-10T09:00:57","guid":{"rendered":"https:\/\/yenhung.com\/?product=nhot-shell-rimula-r1-multi-20w-50-18l"},"modified":"2026-02-07T01:48:10","modified_gmt":"2026-02-07T01:48:10","slug":"nhot-shell-rimula-r1-multi-20w-50-18l","status":"publish","type":"product","link":"https:\/\/yenhung.com\/?product=nhot-shell-rimula-r1-multi-20w-50-18l","title":{"rendered":"Nh\u1edbt Shell Rimula R1 Multi 20W-50 18L"},"content":{"rendered":"<div class=\"ba-text-fpt\">\n<h2><strong>Nh\u1edbt Shell Rimula R1 Multi 20W-50 18L<\/strong><\/h2>\n<p><strong>Nh\u1edbt Shell Rimula R1 Multi 20W-50<\/strong> v\u1edbi quy c\u00e1ch \u0111\u00f3ng g\u00f3i <strong>18 l\u00edt<\/strong>. \u0110\u00e2y l\u00e0 m\u1ed9t lo\u1ea1i d\u1ea7u \u0111\u1ed9ng c\u01a1 diesel \u0111a c\u1ea5p, ch\u1ea5t l\u01b0\u1ee3ng t\u1ed1t c\u1ee7a <strong>Shell<\/strong>, \u0111\u01b0\u1ee3c thi\u1ebft k\u1ebf \u0111\u1ec3 mang l\u1ea1i hi\u1ec7u su\u1ea5t \u0111\u00e1ng tin c\u1eady v\u00e0 b\u1ea3o v\u1ec7 \u0111\u1ed9ng c\u01a1 cho c\u00e1c \u1ee9ng d\u1ee5ng t\u1ea3i v\u1eeba ph\u1ea3i.<\/p>\n<p><img decoding=\"async\" title=\"nhot-shell-rimula-r1-multi-20w-50-18l-1-2\" src=\"https:\/\/yenhung.com\/wp-content\/uploads\/2025\/11\/nhot-shell-rimula-r1-multi-20w-50-18l-1-2.jpg\" alt=\"Nh\u1edbt Shell Rimula R1 Multi 20W-50 18L\" data-thumb=\"large\" \/><\/p>\n<h3 data-sourcepos=\"5:1-5:61\">\u0110\u1eb7c \u0111i\u1ec3m n\u1ed5i b\u1eadt c\u1ee7a Nh\u1edbt Shell Rimula R1 Multi 20W-50<\/h3>\n<p data-sourcepos=\"7:1-7:145\">Shell Rimula R1 Multi 20W-50 l\u00e0 d\u1ea7u \u0111\u1ed9ng c\u01a1 g\u1ed1c kho\u00e1ng \u0111a c\u1ea5p, \u0111\u01b0\u1ee3c pha ch\u1ebf v\u1edbi c\u00f4ng ngh\u1ec7 ph\u1ee5 gia \u0111\u00e3 \u0111\u01b0\u1ee3c ki\u1ec3m ch\u1ee9ng \u0111\u1ec3 mang l\u1ea1i c\u00e1c l\u1ee3i \u00edch sau:<\/p>\n<p data-sourcepos=\"7:1-7:145\"><img decoding=\"async\" title=\"nhot-shell-rimula-r1-multi-20w-50-18l-2-1\" src=\"https:\/\/yenhung.com\/wp-content\/uploads\/2025\/11\/nhot-shell-rimula-r1-multi-20w-50-18l-2-1.jpg\" alt=\"Nh\u1edbt Shell Rimula R1 Multi 20W-50 18L\" data-thumb=\"large\" \/><\/p>\n<ul data-sourcepos=\"9:1-16:0\">\n<li data-sourcepos=\"9:1-9:214\"><strong>Ch\u1ed1ng m\u00e0i m\u00f2n hi\u1ec7u qu\u1ea3:<\/strong> D\u1ea7u ch\u1ee9a c\u00e1c ph\u1ee5 gia ch\u1ed1ng m\u00e0i m\u00f2n, t\u1ea1o l\u1edbp m\u00e0ng b\u00f4i tr\u01a1n th\u00edch h\u1ee3p \u0111\u1ec3 b\u1ea3o v\u1ec7 c\u00e1c chi ti\u1ebft \u0111\u1ed9ng c\u01a1 (nh\u01b0 piston, xi lanh, tr\u1ee5c cam) kh\u1ecfi s\u1ef1 m\u00e0i m\u00f2n, tr\u1ea7y x\u01b0\u1edbc, k\u00e9o d\u00e0i tu\u1ed5i th\u1ecd \u0111\u1ed9ng c\u01a1.<\/li>\n<li data-sourcepos=\"10:1-10:224\"><strong>Ki\u1ec3m so\u00e1t c\u1eb7n b\u1ea9n v\u00e0 mu\u1ed9i than:<\/strong> H\u1ec7 th\u1ed1ng ph\u1ee5 gia t\u1ea9y r\u1eeda v\u00e0 ph\u00e2n t\u00e1n gi\u00fap gi\u1eef cho \u0111\u1ed9ng c\u01a1 s\u1ea1ch s\u1ebd, ng\u0103n ng\u1eeba s\u1ef1 t\u00edch t\u1ee5 c\u1eb7n b\u1ea9n v\u00e0 mu\u1ed9i than, \u0111\u1eb7c bi\u1ec7t l\u00e0 c\u1eb7n b\u00f9n v\u00e0 c\u1eb7n r\u1eafn p\u00edt-t\u00f4ng, \u0111\u1ea3m b\u1ea3o \u0111\u1ed9ng c\u01a1 ho\u1ea1t \u0111\u1ed9ng tr\u01a1n tru.<\/li>\n<li data-sourcepos=\"11:1-11:190\"><strong>\u0110\u1ed9 \u1ed5n \u0111\u1ecbnh nh\u1edbt:<\/strong> Duy tr\u00ec \u0111\u1ed9 nh\u1edbt \u1ed5n \u0111\u1ecbnh trong su\u1ed1t chu k\u1ef3 ho\u1ea1t \u0111\u1ed9ng c\u1ee7a \u0111\u1ed9ng c\u01a1, t\u1eeb khi kh\u1edfi \u0111\u1ed9ng \u0111\u1ebfn khi v\u1eadn h\u00e0nh \u1edf nhi\u1ec7t \u0111\u1ed9 \u1ed5n \u0111\u1ecbnh, \u0111\u1ea3m b\u1ea3o kh\u1ea3 n\u0103ng b\u01a1m d\u1ec5 d\u00e0ng v\u00e0 b\u1ea3o v\u1ec7 li\u00ean t\u1ee5c.<\/li>\n<li data-sourcepos=\"12:1-12:137\"><strong>Ki\u1ec3m so\u00e1t \u0103n m\u00f2n v\u00e0 axit:<\/strong> Gi\u00fap trung h\u00f2a c\u00e1c axit c\u00f3 h\u1ea1i sinh ra trong qu\u00e1 tr\u00ecnh \u0111\u1ed1t ch\u00e1y, b\u1ea3o v\u1ec7 c\u00e1c b\u1ed9 ph\u1eadn kim lo\u1ea1i kh\u1ecfi \u0103n m\u00f2n.<\/li>\n<li data-sourcepos=\"13:1-13:202\"><strong>Hi\u1ec7u qu\u1ea3 kinh t\u1ebf:<\/strong> Cung c\u1ea5p ch\u1ea5t l\u01b0\u1ee3ng tin c\u1eady v\u1edbi chi ph\u00ed h\u1ee3p l\u00fd, mang l\u1ea1i hi\u1ec7u qu\u1ea3 kinh t\u1ebf cho ng\u01b0\u1eddi s\u1eed d\u1ee5ng. S\u1eed d\u1ee5ng d\u1ea7u n\u00e0y c\u00f3 th\u1ec3 gi\u1ea3m ti\u00eau hao nhi\u00ean li\u1ec7u so v\u1edbi d\u1ea7u \u0111\u01a1n c\u1ea5p SAE 40 ti\u00eau chu\u1ea9n.<\/li>\n<li data-sourcepos=\"14:1-14:177\"><strong>\u0110\u01b0\u1ee3c &#8220;nhi\u1ec7t \u0111\u1edbi h\u00f3a&#8221;:<\/strong> Shell Rimula R1 Multi 20W-50 \u0111\u00e3 \u0111\u01b0\u1ee3c \u0111i\u1ec1u ch\u1ec9nh \u0111\u1ec3 ph\u00f9 h\u1ee3p v\u1edbi \u0111i\u1ec1u ki\u1ec7n kh\u00ed h\u1eadu n\u00f3ng \u1ea9m nh\u01b0 \u1edf Vi\u1ec7t Nam, gi\u00fap t\u0103ng c\u01b0\u1eddng kh\u1ea3 n\u0103ng b\u00f4i tr\u01a1n v\u00e0 b\u1ea3o v\u1ec7.<\/li>\n<li data-sourcepos=\"15:1-16:0\"><strong>Ti\u00eau chu\u1ea9n k\u1ef9 thu\u1eadt:<\/strong> \u0110\u1ea1t ti\u00eau chu\u1ea9n <strong>API CD\/SE<\/strong>.<br \/>\n<h3 data-sourcepos=\"19:1-19:53\">\u1ee8ng d\u1ee5ng c\u1ee7a Nh\u1edbt Shell Rimula R1 Multi 20W-50<\/h3>\n<\/li>\n<li data-sourcepos=\"15:1-16:0\">\n<p data-sourcepos=\"21:1-21:128\"><img decoding=\"async\" title=\"nhot-shell-rimula-r1-multi-20w-50-18l-3-1\" src=\"https:\/\/yenhung.com\/wp-content\/uploads\/2025\/11\/nhot-shell-rimula-r1-multi-20w-50-18l-3-1.jpg\" alt=\"Nh\u1edbt Shell Rimula R1 Multi 20W-50 18L\" data-thumb=\"large\" \/><\/p>\n<\/li>\n<li data-sourcepos=\"15:1-16:0\">\n<p data-sourcepos=\"21:1-21:128\">Shell Rimula R1 Multi 20W-50 \u0111\u01b0\u1ee3c khuy\u1ebfn ngh\u1ecb s\u1eed d\u1ee5ng cho c\u00e1c \u1ee9ng d\u1ee5ng \u0111\u1ed9ng c\u01a1 diesel kh\u00f4ng c\u00f3 turbo t\u0103ng \u00e1p, ch\u1ecbu t\u1ea3i v\u1eeba ph\u1ea3i:<\/p>\n<\/li>\n<li data-sourcepos=\"23:1-23:146\"><strong>\u0110\u1ed9ng c\u01a1 diesel th\u00f4ng th\u01b0\u1eddng:<\/strong> Ph\u00f9 h\u1ee3p cho c\u00e1c \u0111\u1ed9ng c\u01a1 diesel \u0111\u1eddi c\u0169 v\u00e0 c\u00e1c lo\u1ea1i m\u00e1y m\u00f3c ho\u1ea1t \u0111\u1ed9ng trong m\u00f4i tr\u01b0\u1eddng b\u1ee5i b\u1ea9n ho\u1eb7c nhi\u1ec7t \u0111\u1ed9 cao.<\/li>\n<li data-sourcepos=\"24:1-24:88\"><strong>Xe t\u1ea3i nh\u1ecf, xe ch\u1edf h\u00e0ng, xe bu\u00fdt nh\u1ecf:<\/strong> C\u00e1c lo\u1ea1i xe v\u1eadn t\u1ea3i c\u00f3 t\u1ea3i tr\u1ecdng trung b\u00ecnh.<\/li>\n<li data-sourcepos=\"25:1-25:59\"><strong>M\u00e1y k\u00e9o n\u00f4ng nghi\u1ec7p:<\/strong> Trong c\u00e1c ho\u1ea1t \u0111\u1ed9ng n\u00f4ng nghi\u1ec7p.<\/li>\n<li data-sourcepos=\"26:1-26:114\"><strong>M\u00e1y c\u00f4ng nghi\u1ec7p ch\u1ecbu t\u1ea3i nh\u1eb9:<\/strong> M\u1ed9t s\u1ed1 thi\u1ebft b\u1ecb t\u0129nh kh\u00e1c ho\u1eb7c m\u00e1y m\u00f3c c\u00f4ng nghi\u1ec7p c\u00f3 t\u1ea3i tr\u1ecdng kh\u00f4ng qu\u00e1 l\u1edbn.<\/li>\n<li data-sourcepos=\"27:1-28:0\"><strong>T\u00e0u c\u00e1 c\u00f4ng su\u1ea5t nh\u1ecf:<\/strong> D\u00f9ng cho c\u00e1c \u0111\u1ed9ng c\u01a1 tr\u00ean t\u00e0u c\u00e1 c\u00f3 c\u00f4ng su\u1ea5t nh\u1ecf.<\/li>\n<li data-sourcepos=\"15:1-16:0\">\n<p data-sourcepos=\"29:1-29:168\"><strong>L\u01b0u \u00fd:<\/strong> \u0110\u1ed1i v\u1edbi c\u00e1c \u0111\u1ed9ng c\u01a1 cao c\u1ea5p h\u01a1n, c\u00f3 turbo t\u0103ng \u00e1p ho\u1eb7c ch\u1ecbu t\u1ea3i n\u1eb7ng, Shell khuy\u1ebfn c\u00e1o n\u00ean s\u1eed d\u1ee5ng c\u00e1c d\u00f2ng s\u1ea3n ph\u1ea9m cao c\u1ea5p h\u01a1n nh\u01b0 Shell Rimula R2, R3, R4.<\/p>\n<\/li>\n<\/ul>\n<\/div>\n","protected":false},"excerpt":{"rendered":"<p><strong>T\u00ean sa\u0309n ph\u00e2\u0309m:\u00a0Nh\u1edbt Shell Rimula R1 Multi 20W-50 18L<\/strong><\/p>\n","protected":false},"featured_media":8740,"comment_status":"closed","ping_status":"closed","template":"","meta":[],"product_brand":[],"product_cat":[168],"product_tag":[],"class_list":{"0":"post-8739","1":"product","2":"type-product","3":"status-publish","4":"has-post-thumbnail","6":"product_cat-shell","8":"first","9":"instock","10":"shipping-taxable","11":"product-type-simple"},"_links":{"self":[{"href":"https:\/\/yenhung.com\/index.php?rest_route=\/wp\/v2\/product\/8739","targetHints":{"allow":["GET"]}}],"collection":[{"href":"https:\/\/yenhung.com\/index.php?rest_route=\/wp\/v2\/product"}],"about":[{"href":"https:\/\/yenhung.com\/index.php?rest_route=\/wp\/v2\/types\/product"}],"replies":[{"embeddable":true,"href":"https:\/\/yenhung.com\/index.php?rest_route=%2Fwp%2Fv2%2Fcomments&post=8739"}],"wp:featuredmedia":[{"embeddable":true,"href":"https:\/\/yenhung.com\/index.php?rest_route=\/wp\/v2\/media\/8740"}],"wp:attachment":[{"href":"https:\/\/yenhung.com\/index.php?rest_route=%2Fwp%2Fv2%2Fmedia&parent=8739"}],"wp:term":[{"taxonomy":"product_brand","embeddable":true,"href":"https:\/\/yenhung.com\/index.php?rest_route=%2Fwp%2Fv2%2Fproduct_brand&post=8739"},{"taxonomy":"product_cat","embeddable":true,"href":"https:\/\/yenhung.com\/index.php?rest_route=%2Fwp%2Fv2%2Fproduct_cat&post=8739"},{"taxonomy":"product_tag","embeddable":true,"href":"https:\/\/yenhung.com\/index.php?rest_route=%2Fwp%2Fv2%2Fproduct_tag&post=8739"}],"curies":[{"name":"wp","href":"https:\/\/api.w.org\/{rel}","templated":true}]}}