{"id":8747,"date":"2025-11-10T09:01:03","date_gmt":"2025-11-10T09:01:03","guid":{"rendered":"https:\/\/yenhung.com\/?product=shell-gadus-s2-a320-2-18kg"},"modified":"2026-02-07T01:48:00","modified_gmt":"2026-02-07T01:48:00","slug":"shell-gadus-s2-a320-2-18kg","status":"publish","type":"product","link":"https:\/\/yenhung.com\/?product=shell-gadus-s2-a320-2-18kg","title":{"rendered":"Shell gadus S2 A320 2 -18Kg"},"content":{"rendered":"<div class=\"ba-text-fpt\">\n<h2 data-sourcepos=\"5:1-8:318\"><strong>Shell gadus S2 A320 2 -18Kg<\/strong><\/h2>\n<p><strong><img decoding=\"async\" title=\"shell-gadus-s2-a320-2-18kg-3-2\" src=\"https:\/\/yenhung.com\/wp-content\/uploads\/2025\/11\/shell-gadus-s2-a320-2-18kg-3-2.jpg\" alt=\"Shell gadus S2 A320 2 -18Kg\" data-thumb=\"large\" \/><\/strong><\/p>\n<p data-sourcepos=\"5:1-8:318\">&#8220;M\u1ee1 Shell Gadus S2 A320 2 &#8211; 18Kg&#8221; l\u00e0 lo\u1ea1i <strong>m\u1ee1 b\u00f4i tr\u01a1n \u0111a n\u0103ng hi\u1ec7u su\u1ea5t cao ch\u1ecbu c\u1ef1c \u00e1p<\/strong> c\u1ee7a Shell, \u0111\u01b0\u1ee3c \u0111\u00f3ng g\u00f3i trong th\u00f9ng <strong>18 kg<\/strong>. \u0110\u00e2y l\u00e0 m\u1ed9t s\u1ea3n ph\u1ea9m thu\u1ed9c d\u00f2ng Shell Gadus, \u0111\u01b0\u1ee3c thi\u1ebft k\u1ebf cho c\u00e1c \u1ee9ng d\u1ee5ng c\u00f4ng nghi\u1ec7p v\u00e0 h\u00e0ng h\u1ea3i \u1edf nhi\u1ec7t \u0111\u1ed9 v\u1eeba ph\u1ea3i nh\u01b0ng \u0111\u00f2i h\u1ecfi kh\u1ea3 n\u0103ng ch\u1ecbu t\u1ea3i tr\u1ecdng v\u00e0 ch\u1ed1ng m\u00e0i m\u00f2n cao.<\/p>\n<p data-sourcepos=\"10:1-10:30\"><strong>\u0110\u1eb7c \u0111i\u1ec3m v\u00e0 L\u1ee3i \u00edch ch\u00ednh:<\/strong><\/p>\n<p data-sourcepos=\"10:1-10:30\"><strong><img decoding=\"async\" title=\"shell-gadus-s2-a320-2-18kg-1-1\" src=\"https:\/\/yenhung.com\/wp-content\/uploads\/2025\/11\/shell-gadus-s2-a320-2-18kg-1-1.jpg\" alt=\"Shell gadus S2 A320 2 -18Kg\" data-thumb=\"large\" \/><\/strong><\/p>\n<ul data-sourcepos=\"12:1-21:0\">\n<li data-sourcepos=\"12:1-12:182\"><strong>Ch\u1ea5t l\u00e0m \u0111\u1eb7c g\u1ed1c Canxi:<\/strong> Gi\u00fap m\u1ee1 c\u00f3 kh\u1ea3 n\u0103ng <strong>kh\u00e1ng n\u01b0\u1edbc r\u1ea5t t\u1ed1t<\/strong>, ch\u1ed1ng l\u1ea1i s\u1ef1 r\u1eeda tr\u00f4i b\u1edfi n\u01b0\u1edbc hi\u1ec7u qu\u1ea3, duy tr\u00ec l\u1edbp m\u1ee1 b\u1ea3o v\u1ec7 ngay c\u1ea3 trong m\u00f4i tr\u01b0\u1eddng \u1ea9m \u01b0\u1edbt ho\u1eb7c c\u00f3 n\u01b0\u1edbc.<\/li>\n<li data-sourcepos=\"13:1-13:137\"><strong>\u0110\u1ed9 nh\u1edbt d\u1ea7u g\u1ed1c cao:<\/strong> D\u1ea7u g\u1ed1c c\u00f3 \u0111\u1ed9 nh\u1edbt kho\u1ea3ng <strong>320 cSt \u1edf 40\u00b0C<\/strong>, ph\u00f9 h\u1ee3p v\u1edbi c\u00e1c \u1ee9ng d\u1ee5ng ch\u1ecbu t\u1ea3i v\u00e0 t\u1ed1c \u0111\u1ed9 th\u1ea5p \u0111\u1ebfn trung b\u00ecnh.<\/li>\n<li data-sourcepos=\"14:1-14:100\"><strong>C\u1ea5p NLGI:<\/strong> <strong>NLGI 2<\/strong>, l\u00e0 \u0111\u1ed9 \u0111\u1eb7c ph\u1ed5 bi\u1ebfn, ph\u00f9 h\u1ee3p v\u1edbi h\u1ea7u h\u1ebft c\u00e1c h\u1ec7 th\u1ed1ng b\u01a1m m\u1ee1 v\u00e0 \u1ee9ng d\u1ee5ng.<\/li>\n<li data-sourcepos=\"15:1-15:144\"><strong>Ch\u1ecbu c\u1ef1c \u00e1p (EP &#8211; Extreme Pressure):<\/strong> Ch\u1ee9a c\u00e1c ph\u1ee5 gia \u0111\u1eb7c bi\u1ec7t gi\u00fap b\u1ea3o v\u1ec7 c\u00e1c b\u1ed9 ph\u1eadn kh\u1ecfi m\u00e0i m\u00f2n qu\u00e1 m\u1ee9c d\u01b0\u1edbi t\u1ea3i tr\u1ecdng n\u1eb7ng v\u00e0 va \u0111\u1eadp.<\/li>\n<li data-sourcepos=\"16:1-18:49\"><strong>Ph\u1ea1m vi nhi\u1ec7t \u0111\u1ed9 ho\u1ea1t \u0111\u1ed9ng:<\/strong>\n<ul data-sourcepos=\"17:5-18:49\">\n<li data-sourcepos=\"17:5-17:36\">Li\u00ean t\u1ee5c: <strong>-10\u00b0C \u0111\u1ebfn +60\u00b0C<\/strong>.<\/li>\n<li data-sourcepos=\"18:5-18:49\">Nhi\u1ec7t \u0111\u1ed9 \u0111\u1ec9nh (ng\u1eafn h\u1ea1n): L\u00ean \u0111\u1ebfn <strong>80\u00b0C<\/strong>.<\/li>\n<\/ul>\n<\/li>\n<li data-sourcepos=\"19:1-19:19\"><strong>M\u00e0u s\u1eafc:<\/strong> N\u00e2u.<\/li>\n<li data-sourcepos=\"20:1-21:0\"><strong>An to\u00e0n khi s\u1eed d\u1ee5ng:<\/strong> S\u1ea3n ph\u1ea9m kh\u00f4ng y\u00eau c\u1ea7u d\u00e1n nh\u00e3n ch\u00fa \u00fd \u0111\u1eb7c bi\u1ec7t v\u1ec1 s\u1ee9c kh\u1ecfe v\u00e0 an to\u00e0n khi s\u1eed d\u1ee5ng \u0111\u00fang c\u00e1ch.<\/li>\n<\/ul>\n<p data-sourcepos=\"22:1-22:23\"><strong>\u1ee8ng d\u1ee5ng ti\u00eau bi\u1ec3u:<\/strong><\/p>\n<p data-sourcepos=\"22:1-22:23\"><strong><img decoding=\"async\" title=\"shell-gadus-s2-a320-2-18kg-2-1\" src=\"https:\/\/yenhung.com\/wp-content\/uploads\/2025\/11\/shell-gadus-s2-a320-2-18kg-2-1.jpg\" alt=\"Shell gadus S2 A320 2 -18Kg\" data-thumb=\"large\" \/><\/strong><\/p>\n<p data-sourcepos=\"24:1-24:101\">M\u1ee1 Shell Gadus S2 A320 2 r\u1ea5t th\u00edch h\u1ee3p cho c\u00e1c \u1ee9ng d\u1ee5ng trong \u0111i\u1ec1u ki\u1ec7n \u1ea9m \u01b0\u1edbt ho\u1eb7c c\u00f3 n\u01b0\u1edbc, bao g\u1ed3m:<\/p>\n<ul data-sourcepos=\"26:1-30:0\">\n<li data-sourcepos=\"26:1-26:98\"><strong>\u1ed4 tr\u01b0\u1ee3t (Plain bearings):<\/strong> Ho\u1ea1t \u0111\u1ed9ng trong \u0111i\u1ec1u ki\u1ec7n kh\u1eafc nghi\u1ec7t v\u00e0 c\u00f3 s\u1ef1 hi\u1ec7n di\u1ec7n c\u1ee7a n\u01b0\u1edbc.<\/li>\n<li data-sourcepos=\"27:1-27:155\"><strong>C\u00e1c thi\u1ebft b\u1ecb h\u00e0ng h\u1ea3i:<\/strong> \u1ed4 \u0111\u1ee1 ch\u00e2n v\u1ecbt (Stern Tube Bearings), c\u1ea7n c\u1ea9u (Cranes), davits (c\u1ea7n n\u00e2ng h\u1ea1 xu\u1ed3ng c\u1ee9u sinh), t\u1eddi (Winches), c\u1ea9u neo (Windlass).<\/li>\n<li data-sourcepos=\"28:1-28:110\"><strong>D\u00e2y c\u00e1p v\u00e0 b\u00e1nh r\u0103ng h\u1edf:<\/strong> B\u00f4i tr\u01a1n d\u00e2y c\u00e1p n\u00f3i chung ho\u1eb7c c\u00e1c b\u00e1nh r\u0103ng h\u1edf t\u1ea3i tr\u1ecdng th\u1ea5p \u0111\u1ebfn trung b\u00ecnh.<\/li>\n<li data-sourcepos=\"29:1-30:0\"><strong>L\u01b0u \u00fd quan tr\u1ecdng:<\/strong> <strong>Kh\u00f4ng khuy\u1ebfn ngh\u1ecb<\/strong> s\u1eed d\u1ee5ng cho c\u00e1c lo\u1ea1i \u1ed5 bi (rolling element bearings), v\u00ec ch\u00fang th\u01b0\u1eddng y\u00eau c\u1ea7u m\u1ee1 g\u1ed1c lithium ph\u1ee9c h\u1ee3p c\u00f3 \u0111i\u1ec3m nh\u1ecf gi\u1ecdt cao h\u01a1n v\u00e0 kh\u1ea3 n\u0103ng ch\u1ecbu nhi\u1ec7t \u0111\u1ed9 t\u1ed1t h\u01a1n.<br \/>\n<h3><\/h3>\n<\/li>\n<\/ul>\n<\/div>\n","protected":false},"excerpt":{"rendered":"<p><strong>T\u00ean sa\u0309n ph\u00e2\u0309m:\u00a0Shell gadus S2 A320 2 -18Kg<\/strong><\/p>\n","protected":false},"featured_media":8748,"comment_status":"closed","ping_status":"closed","template":"","meta":[],"product_brand":[],"product_cat":[168],"product_tag":[],"class_list":{"0":"post-8747","1":"product","2":"type-product","3":"status-publish","4":"has-post-thumbnail","6":"product_cat-shell","8":"first","9":"instock","10":"shipping-taxable","11":"product-type-simple"},"_links":{"self":[{"href":"https:\/\/yenhung.com\/index.php?rest_route=\/wp\/v2\/product\/8747","targetHints":{"allow":["GET"]}}],"collection":[{"href":"https:\/\/yenhung.com\/index.php?rest_route=\/wp\/v2\/product"}],"about":[{"href":"https:\/\/yenhung.com\/index.php?rest_route=\/wp\/v2\/types\/product"}],"replies":[{"embeddable":true,"href":"https:\/\/yenhung.com\/index.php?rest_route=%2Fwp%2Fv2%2Fcomments&post=8747"}],"wp:featuredmedia":[{"embeddable":true,"href":"https:\/\/yenhung.com\/index.php?rest_route=\/wp\/v2\/media\/8748"}],"wp:attachment":[{"href":"https:\/\/yenhung.com\/index.php?rest_route=%2Fwp%2Fv2%2Fmedia&parent=8747"}],"wp:term":[{"taxonomy":"product_brand","embeddable":true,"href":"https:\/\/yenhung.com\/index.php?rest_route=%2Fwp%2Fv2%2Fproduct_brand&post=8747"},{"taxonomy":"product_cat","embeddable":true,"href":"https:\/\/yenhung.com\/index.php?rest_route=%2Fwp%2Fv2%2Fproduct_cat&post=8747"},{"taxonomy":"product_tag","embeddable":true,"href":"https:\/\/yenhung.com\/index.php?rest_route=%2Fwp%2Fv2%2Fproduct_tag&post=8747"}],"curies":[{"name":"wp","href":"https:\/\/api.w.org\/{rel}","templated":true}]}}