{"id":8755,"date":"2025-11-10T09:01:12","date_gmt":"2025-11-10T09:01:12","guid":{"rendered":"https:\/\/yenhung.com\/?product=dau-nhon-shell-tellus-s2-mx-32-290l"},"modified":"2026-02-07T01:46:42","modified_gmt":"2026-02-07T01:46:42","slug":"dau-nhon-shell-tellus-s2-mx-32-290l","status":"publish","type":"product","link":"https:\/\/yenhung.com\/?product=dau-nhon-shell-tellus-s2-mx-32-290l","title":{"rendered":"D\u1ea6U NH\u1edcN &#8211; SHELL TELLUS S2 MX 32 &#8211; 290L"},"content":{"rendered":"<div class=\"ba-text-fpt\">\n<h2 data-sourcepos=\"9:1-10:232\"><strong>D\u1ea6U NH\u1edcN &#8211; SHELL TELLUS S2 MX 32 &#8211; 290L<\/strong><\/h2>\n<p data-sourcepos=\"9:1-10:232\">Shell Tellus S2 MX 32 th\u01b0\u1eddng \u0111\u01b0\u1ee3c \u0111\u00f3ng g\u00f3i trong phuy <strong>209 l\u00edt<\/strong> (t\u01b0\u01a1ng \u0111\u01b0\u01a1ng 55 US Gallons), kh\u00f4ng ph\u1ea3i 290 l\u00edt. T\u00f4i s\u1ebd cung c\u1ea5p th\u00f4ng tin d\u1ef1a tr\u00ean dung t\u00edch ph\u1ed5 bi\u1ebfn n\u00e0y.<\/p>\n<p data-sourcepos=\"9:1-10:232\"><img decoding=\"async\" title=\"shell-tellus-s2-mx-32-290l-2-1\" src=\"https:\/\/yenhung.com\/wp-content\/uploads\/2025\/11\/shell-tellus-s2-mx-32-290l-2-1.jpg\" alt=\"D\u1ea6U NH\u1edcN - SHELL TELLUS S2 MX 32 - 290L\" data-thumb=\"large\" \/><\/p>\n<p data-sourcepos=\"12:1-12:279\"><strong>SHELL TELLUS S2 MX 32<\/strong> l\u00e0 m\u1ed9t lo\u1ea1i <strong>d\u1ea7u th\u1ee7y l\u1ef1c hi\u1ec7u su\u1ea5t cao<\/strong> c\u1ee7a Shell, v\u1edbi \u0111\u1ed9 nh\u1edbt <strong>ISO VG 32<\/strong>. D\u1ea7u n\u00e0y \u0111\u01b0\u1ee3c pha ch\u1ebf t\u1eeb d\u1ea7u g\u1ed1c nh\u00f3m II v\u00e0 h\u1ec7 ph\u1ee5 gia ti\u00ean ti\u1ebfn, mang l\u1ea1i kh\u1ea3 n\u0103ng b\u1ea3o v\u1ec7 v\u00e0 t\u00ednh n\u0103ng v\u01b0\u1ee3t tr\u1ed9i trong h\u1ea7u h\u1ebft c\u00e1c \u1ee9ng d\u1ee5ng th\u1ee7y l\u1ef1c c\u00f4ng nghi\u1ec7p v\u00e0 di \u0111\u1ed9ng.<\/p>\n<p data-sourcepos=\"14:1-14:30\"><strong>\u0110\u1eb7c \u0111i\u1ec3m v\u00e0 L\u1ee3i \u00edch ch\u00ednh:<\/strong><\/p>\n<p data-sourcepos=\"14:1-14:30\"><strong><img decoding=\"async\" title=\"shell-tellus-s2-mx-32-290l-1-1\" src=\"https:\/\/yenhung.com\/wp-content\/uploads\/2025\/11\/shell-tellus-s2-mx-32-290l-1-1.jpg\" alt=\"D\u1ea6U NH\u1edcN - SHELL TELLUS S2 MX 32 - 290L\" data-thumb=\"large\" \/><\/strong><\/p>\n<ul data-sourcepos=\"16:1-23:0\">\n<li data-sourcepos=\"16:1-16:267\"><strong>Tu\u1ed5i th\u1ecd d\u1ea7u cao:<\/strong> Shell Tellus S2 MX 32 c\u00f3 kh\u1ea3 n\u0103ng ch\u1ed1ng ph\u00e2n h\u1ee7y do nhi\u1ec7t v\u00e0 h\u00f3a h\u1ecdc v\u01b0\u1ee3t tr\u1ed9i, gi\u00fap k\u00e9o d\u00e0i chu k\u1ef3 thay d\u1ea7u (c\u00f3 th\u1ec3 g\u1ea5p 2-3 l\u1ea7n so v\u1edbi d\u1ea7u th\u1ee7y l\u1ef1c th\u00f4ng th\u01b0\u1eddng) v\u00e0 gi\u1ea3m thi\u1ec3u s\u1ef1 h\u00ecnh th\u00e0nh c\u1eb7n b\u00f9n, \u0111\u1ea3m b\u1ea3o \u0111\u1ed9 s\u1ea1ch v\u00e0 \u0111\u1ed9 tin c\u1eady c\u1ee7a h\u1ec7 th\u1ed1ng.<\/li>\n<li data-sourcepos=\"17:1-17:294\"><strong>B\u1ea3o v\u1ec7 ch\u1ed1ng m\u00e0i m\u00f2n v\u01b0\u1ee3t tr\u1ed9i:<\/strong> D\u1ea7u \u0111\u01b0\u1ee3c thi\u1ebft k\u1ebf \u0111\u1ec3 cung c\u1ea5p kh\u1ea3 n\u0103ng b\u1ea3o v\u1ec7 ch\u1ed1ng m\u00e0i m\u00f2n cao cho c\u00e1c b\u1ed9 ph\u1eadn c\u1ee7a h\u1ec7 th\u1ed1ng th\u1ee7y l\u1ef1c, ngay c\u1ea3 trong \u0111i\u1ec1u ki\u1ec7n l\u00e0m vi\u1ec7c kh\u1eafc nghi\u1ec7t v\u00e0 t\u1ea3i tr\u1ecdng cao. N\u00f3 \u0111\u00e1p \u1ee9ng c\u00e1c ti\u00eau chu\u1ea9n k\u1ef9 thu\u1eadt nghi\u00eam ng\u1eb7t nh\u01b0 Denison T6H20C v\u00e0 Eaton Vickers 35VQ25.<\/li>\n<li data-sourcepos=\"18:1-23:0\"><strong>Duy tr\u00ec hi\u1ec7u su\u1ea5t h\u1ec7 th\u1ed1ng:<\/strong>\n<ul data-sourcepos=\"19:5-23:0\">\n<li data-sourcepos=\"19:5-19:107\"><strong>Duy tr\u00ec \u0111\u1ed9 s\u1ea1ch tuy\u1ec7t h\u1ea3o:<\/strong> Ch\u1ed1ng \u0111\u00f3ng c\u1eb7n, gi\u00fap gi\u1ea3m t\u1eafc ngh\u1ebdn b\u1ed9 l\u1ecdc v\u00e0 k\u00e9o d\u00e0i tu\u1ed5i th\u1ecd b\u1ed9 l\u1ecdc.<\/li>\n<li data-sourcepos=\"20:5-20:146\"><strong>T\u00ednh kh\u1eed nh\u0169 \u01b0u vi\u1ec7t:<\/strong> D\u1ea7u c\u00f3 kh\u1ea3 n\u0103ng t\u00e1ch n\u01b0\u1edbc nhanh ch\u00f3ng v\u00e0 hi\u1ec7u qu\u1ea3, gi\u1ea3m nguy c\u01a1 \u0103n m\u00f2n v\u00e0 r\u1ec9 s\u00e9t trong h\u1ec7 th\u1ed1ng khi b\u1ecb nhi\u1ec5m n\u01b0\u1edbc.<\/li>\n<li data-sourcepos=\"21:5-21:162\"><strong>Ch\u1ed1ng t\u1ea1o b\u1ecdt v\u00e0 t\u00e1ch kh\u00ed t\u1ed1t:<\/strong> \u0110\u1ea3m b\u1ea3o truy\u1ec1n t\u1ea3i n\u0103ng l\u01b0\u1ee3ng th\u1ee7y l\u1ef1c hi\u1ec7u qu\u1ea3, gi\u1ea3m thi\u1ec3u hi\u1ec7n t\u01b0\u1ee3ng x\u00e2m th\u1ef1c (cavitation) g\u00e2y h\u1ea1i cho d\u1ea7u v\u00e0 thi\u1ebft b\u1ecb.<\/li>\n<li data-sourcepos=\"22:5-23:0\"><strong>Ki\u1ec3m so\u00e1t ma s\u00e1t:<\/strong> Gi\u00fap h\u1ea1n ch\u1ebf t\u00e1c \u0111\u1ed9ng c\u00f3 h\u1ea1i c\u1ee7a hi\u1ec7n t\u01b0\u1ee3ng d\u00ednh \u2013 tr\u01b0\u1ee3t, \u0111\u1ea3m b\u1ea3o ho\u1ea1t \u0111\u1ed9ng m\u01b0\u1ee3t m\u00e0.<\/li>\n<\/ul>\n<\/li>\n<\/ul>\n<p data-sourcepos=\"24:1-24:23\"><strong>\u1ee8ng d\u1ee5ng ti\u00eau bi\u1ec3u:<\/strong><\/p>\n<p data-sourcepos=\"24:1-24:23\"><strong><img decoding=\"async\" title=\"shell-tellus-s2-mx-32-290l-3-2\" src=\"https:\/\/yenhung.com\/wp-content\/uploads\/2025\/11\/shell-tellus-s2-mx-32-290l-3-2.jpg\" alt=\"D\u1ea6U NH\u1edcN - SHELL TELLUS S2 MX 32 - 290L\" data-thumb=\"large\" \/><\/strong><\/p>\n<p data-sourcepos=\"26:1-26:87\">Shell Tellus S2 MX 32 \u0111\u01b0\u1ee3c khuy\u1ebfn ngh\u1ecb s\u1eed d\u1ee5ng cho h\u1ea7u h\u1ebft c\u00e1c h\u1ec7 th\u1ed1ng th\u1ee7y l\u1ef1c trong:<\/p>\n<ul data-sourcepos=\"28:1-31:0\">\n<li data-sourcepos=\"28:1-28:130\"><strong>H\u1ec7 th\u1ed1ng th\u1ee7y l\u1ef1c c\u00f4ng nghi\u1ec7p:<\/strong> M\u00e1y \u00e9p nh\u1ef1a, m\u00e1y d\u1eadp, m\u00e1y CNC, m\u00e1y gia c\u00f4ng ch\u1ebf t\u1ea1o, v\u00e0 c\u00e1c h\u1ec7 th\u1ed1ng th\u1ee7y l\u1ef1c tu\u1ea7n ho\u00e0n kh\u00e1c.<\/li>\n<li data-sourcepos=\"29:1-29:222\"><strong>H\u1ec7 th\u1ed1ng truy\u1ec1n \u0111\u1ed9ng th\u1ee7y l\u1ef1c di \u0111\u1ed9ng:<\/strong> M\u00e1y x\u00fac, m\u00e1y \u0111\u00e0o, c\u1ea7n c\u1ea9u, xe n\u00e2ng v\u00e0 c\u00e1c thi\u1ebft b\u1ecb x\u00e2y d\u1ef1ng kh\u00e1c (tr\u1eeb nh\u1eefng n\u01a1i c\u00f3 d\u1ea3i nhi\u1ec7t \u0111\u1ed9 m\u00f4i tr\u01b0\u1eddng bi\u1ebfn thi\u00ean r\u1ed9ng, khi \u0111\u00f3 Shell Tellus S2 VX 32 s\u1ebd l\u00e0 l\u1ef1a ch\u1ecdn t\u1ed1t h\u01a1n).<\/li>\n<li data-sourcepos=\"30:1-31:0\">H\u1ec7 th\u1ed1ng th\u1ee7y l\u1ef1c h\u00e0ng h\u1ea3i<strong>.<\/strong><\/li>\n<\/ul>\n<\/div>\n","protected":false},"excerpt":{"rendered":"<p><strong>T\u00ean sa\u0309n ph\u00e2\u0309m:\u00a0D\u1ea6U NH\u1edcN &#8211; SHELL TELLUS S2 MX 32 &#8211; 290L<\/strong><\/p>\n","protected":false},"featured_media":8756,"comment_status":"closed","ping_status":"closed","template":"","meta":[],"product_brand":[],"product_cat":[168],"product_tag":[],"class_list":{"0":"post-8755","1":"product","2":"type-product","3":"status-publish","4":"has-post-thumbnail","6":"product_cat-shell","8":"first","9":"instock","10":"shipping-taxable","11":"product-type-simple"},"_links":{"self":[{"href":"https:\/\/yenhung.com\/index.php?rest_route=\/wp\/v2\/product\/8755","targetHints":{"allow":["GET"]}}],"collection":[{"href":"https:\/\/yenhung.com\/index.php?rest_route=\/wp\/v2\/product"}],"about":[{"href":"https:\/\/yenhung.com\/index.php?rest_route=\/wp\/v2\/types\/product"}],"replies":[{"embeddable":true,"href":"https:\/\/yenhung.com\/index.php?rest_route=%2Fwp%2Fv2%2Fcomments&post=8755"}],"wp:featuredmedia":[{"embeddable":true,"href":"https:\/\/yenhung.com\/index.php?rest_route=\/wp\/v2\/media\/8756"}],"wp:attachment":[{"href":"https:\/\/yenhung.com\/index.php?rest_route=%2Fwp%2Fv2%2Fmedia&parent=8755"}],"wp:term":[{"taxonomy":"product_brand","embeddable":true,"href":"https:\/\/yenhung.com\/index.php?rest_route=%2Fwp%2Fv2%2Fproduct_brand&post=8755"},{"taxonomy":"product_cat","embeddable":true,"href":"https:\/\/yenhung.com\/index.php?rest_route=%2Fwp%2Fv2%2Fproduct_cat&post=8755"},{"taxonomy":"product_tag","embeddable":true,"href":"https:\/\/yenhung.com\/index.php?rest_route=%2Fwp%2Fv2%2Fproduct_tag&post=8755"}],"curies":[{"name":"wp","href":"https:\/\/api.w.org\/{rel}","templated":true}]}}