{"id":8763,"date":"2025-11-10T09:01:18","date_gmt":"2025-11-10T09:01:18","guid":{"rendered":"https:\/\/yenhung.com\/?product=dau-shell-turbo-t32-209l"},"modified":"2026-02-07T01:47:03","modified_gmt":"2026-02-07T01:47:03","slug":"dau-shell-turbo-t32-209l","status":"publish","type":"product","link":"https:\/\/yenhung.com\/?product=dau-shell-turbo-t32-209l","title":{"rendered":"D\u1ea7u Shell Turbo T32 209L"},"content":{"rendered":"<div class=\"ba-text-fpt\">\n<h2 data-sourcepos=\"10:1-10:338\"><strong>D\u1ea7u Shell Turbo T32 209L<\/strong><\/h2>\n<p><strong><img decoding=\"async\" title=\"dau-shell-turbo-t32-209l-3-2\" src=\"https:\/\/yenhung.com\/wp-content\/uploads\/2025\/11\/dau-shell-turbo-t32-209l-3-2.jpg\" alt=\"D\u1ea7u Shell Turbo T32 209L\" data-thumb=\"large\" \/><\/strong><\/p>\n<p data-sourcepos=\"10:1-10:338\"><strong>D\u1ea7u Shell Turbo T32<\/strong> l\u00e0 m\u1ed9t lo\u1ea1i <strong>d\u1ea7u tuabin ch\u1ea5t l\u01b0\u1ee3ng cao<\/strong> c\u1ee7a Shell, v\u1edbi \u0111\u1ed9 nh\u1edbt <strong>ISO VG 32<\/strong>. D\u1ea7u n\u00e0y \u0111\u01b0\u1ee3c pha ch\u1ebf t\u1eeb d\u1ea7u g\u1ed1c kho\u00e1ng \u0111\u01b0\u1ee3c x\u1eed l\u00fd b\u1eb1ng hydro v\u00e0 h\u1ec7 ph\u1ee5 gia ti\u00ean ti\u1ebfn kh\u00f4ng tro. N\u00f3 \u0111\u01b0\u1ee3c thi\u1ebft k\u1ebf \u0111\u1eb7c bi\u1ec7t \u0111\u1ec3 \u0111\u00e1p \u1ee9ng c\u00e1c y\u00eau c\u1ea7u c\u1ee7a c\u00e1c h\u1ec7 th\u1ed1ng tuabin hi\u1ec7n \u0111\u1ea1i, bao g\u1ed3m c\u1ea3 tuabin h\u01a1i n\u01b0\u1edbc v\u00e0 tuabin kh\u00ed t\u1ea3i tr\u1ecdng nh\u1eb9.<\/p>\n<p data-sourcepos=\"10:1-10:338\"><img decoding=\"async\" title=\"dau-shell-turbo-t32-209l-2-1\" src=\"https:\/\/yenhung.com\/wp-content\/uploads\/2025\/11\/dau-shell-turbo-t32-209l-2-1.jpg\" alt=\"D\u1ea7u Shell Turbo T32 209L\" data-thumb=\"large\" \/><\/p>\n<p data-sourcepos=\"12:1-12:30\"><strong>\u0110\u1eb7c \u0111i\u1ec3m v\u00e0 L\u1ee3i \u00edch ch\u00ednh:<\/strong><\/p>\n<ul data-sourcepos=\"14:1-20:0\">\n<li data-sourcepos=\"14:1-14:182\"><strong>Ch\u1ed1ng oxy h\u00f3a tuy\u1ec7t h\u1ea3o:<\/strong> D\u1ea7u c\u00f3 \u0111\u1ed9 b\u1ec1n oxy h\u00f3a cao, gi\u00fap k\u00e9o d\u00e0i tu\u1ed5i th\u1ecd c\u1ee7a d\u1ea7u, gi\u1ea3m thi\u1ec3u s\u1ef1 h\u00ecnh th\u00e0nh axit \u0103n m\u00f2n, c\u1eb7n b\u1ea9n v\u00e0 b\u00f9n, t\u1eeb \u0111\u00f3 gi\u1ea3m chi ph\u00ed v\u1eadn h\u00e0nh v\u00e0 b\u1ea3o tr\u00ec.<\/li>\n<li data-sourcepos=\"15:1-15:288\"><strong>Ch\u1ed1ng t\u1ea1o b\u1ecdt cao v\u00e0 nh\u1ea3 kh\u00ed nhanh:<\/strong> C\u00e1c ph\u1ee5 gia ch\u1ed1ng t\u1ea1o b\u1ecdt kh\u00f4ng ch\u1ee9a silicone gi\u00fap ki\u1ec3m so\u00e1t s\u1ef1 h\u00ecnh th\u00e0nh b\u1ecdt v\u00e0 cho ph\u00e9p kh\u00ed tho\u00e1t ra nhanh ch\u00f3ng kh\u1ecfi d\u1ea7u. \u0110i\u1ec1u n\u00e0y l\u00e0m gi\u1ea3m nguy c\u01a1 x\u1ea3y ra c\u00e1c s\u1ef1 c\u1ed1 nh\u01b0 r\u1ed7 m\u1eb7t b\u01a1m, oxy h\u00f3a d\u1ea7u s\u1edbm v\u00e0 m\u00e0i m\u00f2n qu\u00e1 m\u1ee9c, t\u0103ng \u0111\u1ed9 b\u1ec1n c\u1ee7a h\u1ec7 th\u1ed1ng.<\/li>\n<li data-sourcepos=\"16:1-16:211\"><strong>T\u00ednh n\u0103ng t\u00e1ch n\u01b0\u1edbc m\u1ea1nh m\u1ebd:<\/strong> D\u1ea7u c\u00f3 kh\u1ea3 n\u0103ng t\u00e1ch n\u01b0\u1edbc \u01b0u vi\u1ec7t, cho ph\u00e9p n\u01b0\u1edbc d\u01b0 th\u1eeba d\u1ec5 d\u00e0ng tho\u00e1t ra kh\u1ecfi h\u1ec7 th\u1ed1ng b\u00f4i tr\u01a1n. \u0110i\u1ec1u n\u00e0y gi\u00fap ng\u0103n ng\u1eeba r\u1ec9 s\u00e9t, \u0103n m\u00f2n v\u00e0 gi\u1ea3m nguy c\u01a1 b\u1ea3o tr\u00ec ngo\u00e0i k\u1ebf ho\u1ea1ch.<\/li>\n<li data-sourcepos=\"17:1-17:199\"><strong>B\u1ea3o v\u1ec7 ch\u1ed1ng r\u1ec9 s\u00e9t v\u00e0 \u0103n m\u00f2n \u01b0u vi\u1ec7t:<\/strong> Ng\u0103n c\u1ea3n s\u1ef1 h\u00ecnh th\u00e0nh r\u1ec9 s\u00e9t v\u00e0 ch\u1ed1ng \u0103n m\u00f2n, b\u1ea3o v\u1ec7 c\u00e1c thi\u1ebft b\u1ecb khi ti\u1ebfp x\u00fac v\u1edbi m\u00f4i tr\u01b0\u1eddng \u1ea9m ho\u1eb7c n\u01b0\u1edbc, c\u1ea3 trong qu\u00e1 tr\u00ecnh v\u1eadn h\u00e0nh l\u1eabn khi d\u1eebng m\u00e1y.<\/li>\n<li data-sourcepos=\"18:1-18:193\"><strong>T\u00ednh n\u0103ng ch\u1ed1ng ph\u1ea3n \u1ee9ng v\u1edbi amoniac:<\/strong> Gi\u1ea3m thi\u1ec3u kh\u1ea3 n\u0103ng g\u00e2y h\u1ea1i do s\u1ef1 h\u00ecnh th\u00e0nh c\u00e1c h\u1ee3p ch\u1ea5t amoniac h\u00f2a tan\/kh\u00f4ng h\u00f2a tan v\u1edbi d\u1ea7u, th\u01b0\u1eddng g\u1eb7p trong c\u00e1c \u1ee9ng d\u1ee5ng c\u00f3 kh\u00ed amoniac.<\/li>\n<li data-sourcepos=\"19:1-20:0\"><strong>V\u01b0\u1ee3t ti\u00eau chu\u1ea9n k\u1ef9 thu\u1eadt c\u1ee7a c\u00e1c nh\u00e0 s\u1ea3n xu\u1ea5t:<\/strong> \u0110\u00e1p \u1ee9ng ho\u1eb7c v\u01b0\u1ee3t qua c\u00e1c ti\u00eau chu\u1ea9n b\u00f4i tr\u01a1n c\u1ee7a nhi\u1ec1u nh\u00e0 s\u1ea3n xu\u1ea5t tuabin l\u1edbn nh\u01b0 General Electric (GEK 28143 b\u2013Lo\u1ea1i I), Siemens-Westinghouse (21T0591&amp; PD- 55125Z3), DIN 51515 Ph\u1ea7n 1&amp;2, v.v.<\/li>\n<\/ul>\n<p data-sourcepos=\"21:1-21:23\"><strong>\u1ee8ng d\u1ee5ng ti\u00eau bi\u1ec3u:<\/strong><\/p>\n<p data-sourcepos=\"21:1-21:23\"><strong><img decoding=\"async\" title=\"dau-shell-turbo-t32-209l-1-1\" src=\"https:\/\/yenhung.com\/wp-content\/uploads\/2025\/11\/dau-shell-turbo-t32-209l-1-1.jpg\" alt=\"D\u1ea7u Shell Turbo T32 209L\" data-thumb=\"large\" \/><\/strong><\/p>\n<p data-sourcepos=\"23:1-23:45\">Shell Turbo T32 \u0111\u01b0\u1ee3c khuy\u1ebfn ngh\u1ecb s\u1eed d\u1ee5ng cho:<\/p>\n<ul data-sourcepos=\"25:1-30:0\">\n<li data-sourcepos=\"25:1-25:124\"><strong>Tuabin h\u01a1i n\u01b0\u1edbc c\u00f4ng nghi\u1ec7p v\u00e0 tuabin kh\u00ed t\u1ea3i tr\u1ecdng nh\u1eb9<\/strong> (kh\u00f4ng y\u00eau c\u1ea7u t\u00ednh n\u0103ng ch\u1ed1ng m\u00e0i m\u00f2n t\u0103ng c\u01b0\u1eddng cho h\u1ed9p s\u1ed1).<\/li>\n<li data-sourcepos=\"26:1-26:23\"><strong>Tuabin th\u1ee7y \u0111i\u1ec7n<\/strong>.<\/li>\n<li data-sourcepos=\"27:1-27:100\">C\u00e1c \u1ee9ng d\u1ee5ng kh\u00e1c nhau \u0111\u00f2i h\u1ecfi kh\u1ea3 n\u0103ng <strong>ki\u1ec3m so\u00e1t ch\u1eb7t ch\u1ebd qu\u00e1 tr\u00ecnh r\u1ec9 s\u00e9t v\u00e0 oxy h\u00f3a<\/strong>.<\/li>\n<li data-sourcepos=\"28:1-28:67\">B\u00f4i tr\u01a1n cho c\u1ea3 <strong>m\u00e1y n\u00e9n v\u00e0 tuabin h\u01a1i n\u01b0\u1edbc<\/strong> trong c\u00f4ng nghi\u1ec7p.<\/li>\n<li data-sourcepos=\"29:1-30:0\">C\u00e1c \u1ee9ng d\u1ee5ng \u1ed5 tr\u1ee5c v\u00e0 h\u1ed9p s\u1ed1 b\u00e1nh r\u0103ng th\u1eb3ng ho\u1eb7c nghi\u00eang.<\/li>\n<\/ul>\n<p data-sourcepos=\"31:1-31:45\"><strong>Quy c\u00e1ch \u0111\u00f3ng g\u00f3i:<\/strong> Phuy th\u00e9p <strong>209 l\u00edt<\/strong>.<\/p>\n<p>&nbsp;<\/p>\n<\/div>\n","protected":false},"excerpt":{"rendered":"<p><strong>T\u00ean sa\u0309n ph\u00e2\u0309m:\u00a0<\/strong><\/p>\n","protected":false},"featured_media":8764,"comment_status":"closed","ping_status":"closed","template":"","meta":[],"product_brand":[],"product_cat":[168],"product_tag":[],"class_list":{"0":"post-8763","1":"product","2":"type-product","3":"status-publish","4":"has-post-thumbnail","6":"product_cat-shell","8":"first","9":"instock","10":"shipping-taxable","11":"product-type-simple"},"_links":{"self":[{"href":"https:\/\/yenhung.com\/index.php?rest_route=\/wp\/v2\/product\/8763","targetHints":{"allow":["GET"]}}],"collection":[{"href":"https:\/\/yenhung.com\/index.php?rest_route=\/wp\/v2\/product"}],"about":[{"href":"https:\/\/yenhung.com\/index.php?rest_route=\/wp\/v2\/types\/product"}],"replies":[{"embeddable":true,"href":"https:\/\/yenhung.com\/index.php?rest_route=%2Fwp%2Fv2%2Fcomments&post=8763"}],"wp:featuredmedia":[{"embeddable":true,"href":"https:\/\/yenhung.com\/index.php?rest_route=\/wp\/v2\/media\/8764"}],"wp:attachment":[{"href":"https:\/\/yenhung.com\/index.php?rest_route=%2Fwp%2Fv2%2Fmedia&parent=8763"}],"wp:term":[{"taxonomy":"product_brand","embeddable":true,"href":"https:\/\/yenhung.com\/index.php?rest_route=%2Fwp%2Fv2%2Fproduct_brand&post=8763"},{"taxonomy":"product_cat","embeddable":true,"href":"https:\/\/yenhung.com\/index.php?rest_route=%2Fwp%2Fv2%2Fproduct_cat&post=8763"},{"taxonomy":"product_tag","embeddable":true,"href":"https:\/\/yenhung.com\/index.php?rest_route=%2Fwp%2Fv2%2Fproduct_tag&post=8763"}],"curies":[{"name":"wp","href":"https:\/\/api.w.org\/{rel}","templated":true}]}}