{"id":8771,"date":"2025-11-10T09:01:25","date_gmt":"2025-11-10T09:01:25","guid":{"rendered":"https:\/\/yenhung.com\/?product=dau-shell-turbo-t32-20l-can"},"modified":"2026-02-07T01:46:09","modified_gmt":"2026-02-07T01:46:09","slug":"dau-shell-turbo-t32-20l-can","status":"publish","type":"product","link":"https:\/\/yenhung.com\/?product=dau-shell-turbo-t32-20l-can","title":{"rendered":"D\u1ea7u Shell Turbo T32 (20L\/Can)"},"content":{"rendered":"<div class=\"ba-text-fpt\">\n<h2 data-sourcepos=\"1:1-1:243\"><strong>D\u1ea7u Shell Turbo T32 (20L\/x\u00f4)<\/strong><\/h2>\n<p data-sourcepos=\"1:1-1:243\">&#8220;D\u1ea7u Shell Turbo T32&#8221; l\u00e0 m\u1ed9t lo\u1ea1i <strong>d\u1ea7u tuabin ch\u1ea5t l\u01b0\u1ee3ng cao<\/strong> c\u1ee7a Shell, \u0111\u01b0\u1ee3c pha ch\u1ebf t\u1eeb d\u1ea7u g\u1ed1c kho\u00e1ng \u0111\u01b0\u1ee3c x\u1eed l\u00fd b\u1eb1ng hydro v\u00e0 h\u1ec7 ph\u1ee5 gia ti\u00ean ti\u1ebfn kh\u00f4ng tro. \u0110\u00e2y l\u00e0 lo\u1ea1i d\u1ea7u \u0111\u00e3 \u0111\u01b0\u1ee3c nhi\u1ec7t \u0111\u1edbi h\u00f3a \u0111\u1ec3 ph\u00f9 h\u1ee3p v\u1edbi \u0111i\u1ec1u ki\u1ec7n kh\u00ed h\u1eadu Vi\u1ec7t Nam.<\/p>\n<p data-sourcepos=\"1:1-1:243\"><img decoding=\"async\" title=\"dau-shell-turbo-t32-20l-1-2\" src=\"https:\/\/yenhung.com\/wp-content\/uploads\/2025\/11\/dau-shell-turbo-t32-20l-1-2.png\" alt=\"D\u1ea7u Shell Turbo T32 (20L\/x\u00f4)\" data-thumb=\"large\" \/><\/p>\n<p data-sourcepos=\"3:1-3:54\"><strong>C\u00e1c \u0111\u1eb7c \u0111i\u1ec3m v\u00e0 l\u1ee3i \u00edch ch\u00ednh c\u1ee7a Shell Turbo T32:<\/strong><\/p>\n<p data-sourcepos=\"3:1-3:54\"><strong><img decoding=\"async\" title=\"dau-shell-turbo-t32-3-1\" src=\"https:\/\/yenhung.com\/wp-content\/uploads\/2025\/11\/dau-shell-turbo-t32-3-1.jpg\" alt=\"D\u1ea7u Shell Turbo T32 (20L\/x\u00f4)\" data-thumb=\"large\" \/><\/strong><\/p>\n<ul data-sourcepos=\"5:1-11:0\">\n<li data-sourcepos=\"5:1-5:144\"><strong>Ch\u1ed1ng oxy h\u00f3a tuy\u1ec7t h\u1ea3o:<\/strong> Gi\u00fap k\u00e9o d\u00e0i tu\u1ed5i th\u1ecd c\u1ee7a d\u1ea7u, gi\u1ea3m thi\u1ec3u s\u1ef1 h\u00ecnh th\u00e0nh axit \u0103n m\u00f2n, c\u1eb7n b\u1ea9n v\u00e0 b\u00f9n, t\u1eeb \u0111\u00f3 gi\u1ea3m chi ph\u00ed v\u1eadn h\u00e0nh.<\/li>\n<li data-sourcepos=\"6:1-6:128\"><strong>Ch\u1ed1ng t\u1ea1o b\u1ecdt cao v\u00e0 nh\u1ea3 kh\u00ed nhanh:<\/strong> Gi\u1ea3m nguy c\u01a1 r\u1ed7 m\u1eb7t b\u01a1m, oxy h\u00f3a d\u1ea7u s\u1edbm v\u00e0 m\u00e0i m\u00f2n qu\u00e1 m\u1ee9c, t\u0103ng \u0111\u1ed9 b\u1ec1n c\u1ee7a h\u1ec7 th\u1ed1ng.<\/li>\n<li data-sourcepos=\"7:1-7:115\"><strong>T\u00ednh n\u0103ng t\u00e1ch n\u01b0\u1edbc m\u1ea1nh m\u1ebd:<\/strong> Gi\u00fap d\u1ec5 d\u00e0ng lo\u1ea1i b\u1ecf n\u01b0\u1edbc l\u1eabn v\u00e0o h\u1ec7 th\u1ed1ng b\u00f4i tr\u01a1n, ng\u0103n ng\u1eeba r\u1ec9 s\u00e9t v\u00e0 \u0103n m\u00f2n.<\/li>\n<li data-sourcepos=\"8:1-8:171\"><strong>B\u1ea3o v\u1ec7 ch\u1ed1ng r\u1ec9 s\u00e9t v\u00e0 \u0103n m\u00f2n \u01b0u vi\u1ec7t:<\/strong> B\u1ea3o v\u1ec7 thi\u1ebft b\u1ecb kh\u1ecfi r\u1ec9 s\u00e9t v\u00e0 \u0103n m\u00f2n, \u0111\u1eb7c bi\u1ec7t khi ti\u1ebfp x\u00fac v\u1edbi m\u00f4i tr\u01b0\u1eddng \u1ea9m ho\u1eb7c n\u01b0\u1edbc trong qu\u00e1 tr\u00ecnh v\u1eadn h\u00e0nh v\u00e0 d\u1eebng m\u00e1y.<\/li>\n<li data-sourcepos=\"9:1-9:184\"><strong>T\u00ednh n\u0103ng ch\u1ed1ng ph\u1ea3n \u1ee9ng v\u1edbi amoniac:<\/strong> Gi\u1ea3m thi\u1ec3u kh\u1ea3 n\u0103ng g\u00e2y h\u1ea1i do s\u1ef1 h\u00ecnh th\u00e0nh h\u1ee3p ch\u1ea5t amoniac h\u00f2a tan\/kh\u00f4ng h\u00f2a tan trong d\u1ea7u, th\u01b0\u1eddng g\u1eb7p trong c\u00e1c \u1ee9ng d\u1ee5ng c\u00f3 kh\u00ed amoniac.<\/li>\n<li data-sourcepos=\"10:1-11:0\"><strong>V\u01b0\u1ee3t ti\u00eau chu\u1ea9n k\u1ef9 thu\u1eadt c\u1ee7a c\u00e1c nh\u00e0 s\u1ea3n xu\u1ea5t:<\/strong> \u0110\u00e1p \u1ee9ng ho\u1eb7c v\u01b0\u1ee3t qua c\u00e1c ti\u00eau chu\u1ea9n b\u00f4i tr\u01a1n c\u1ee7a nhi\u1ec1u nh\u00e0 s\u1ea3n xu\u1ea5t tuabin kh\u00ed v\u00e0 h\u01a1i n\u01b0\u1edbc l\u1edbn nh\u01b0 General Electric, Siemens-Westinghouse, DIN, ISO, v.v.<\/li>\n<\/ul>\n<p data-sourcepos=\"12:1-12:43\"><strong>\u1ee8ng d\u1ee5ng ti\u00eau bi\u1ec3u c\u1ee7a Shell Turbo T32:<\/strong><\/p>\n<p data-sourcepos=\"12:1-12:43\"><img decoding=\"async\" title=\"dau-shell-turbo-t32-20l-3-1\" src=\"https:\/\/yenhung.com\/wp-content\/uploads\/2025\/11\/dau-shell-turbo-t32-20l-3-1.jpg\" alt=\"D\u1ea7u Shell Turbo T32 (20L\/x\u00f4)\" data-thumb=\"large\" \/><\/p>\n<ul data-sourcepos=\"14:1-20:0\">\n<li data-sourcepos=\"14:1-14:51\">B\u00f4i tr\u01a1n cho c\u00e1c <strong>tuabin h\u01a1i n\u01b0\u1edbc c\u00f4ng nghi\u1ec7p<\/strong>.<\/li>\n<li data-sourcepos=\"15:1-15:108\">B\u00f4i tr\u01a1n cho c\u00e1c <strong>tuabin kh\u00ed t\u1ea3i tr\u1ecdng nh\u1eb9<\/strong> kh\u00f4ng y\u00eau c\u1ea7u t\u00ednh n\u0103ng ch\u1ed1ng m\u00e0i m\u00f2n t\u0103ng c\u01b0\u1eddng cho h\u1ed9p s\u1ed1.<\/li>\n<li data-sourcepos=\"16:1-16:40\">B\u00f4i tr\u01a1n cho c\u00e1c <strong>tuabin th\u1ee7y \u0111i\u1ec7n<\/strong>.<\/li>\n<li data-sourcepos=\"17:1-17:95\">Nhi\u1ec1u \u1ee9ng d\u1ee5ng kh\u00e1c nhau \u0111\u00f2i h\u1ecfi kh\u1ea3 n\u0103ng <strong>ki\u1ec3m so\u00e1t ch\u1eb7t ch\u1ebd qu\u00e1 tr\u00ecnh r\u1ec9 s\u00e9t v\u00e0 oxy h\u00f3a<\/strong>.<\/li>\n<li data-sourcepos=\"18:1-18:67\">B\u00f4i tr\u01a1n cho c\u1ea3 <strong>m\u00e1y n\u00e9n v\u00e0 tuabin h\u01a1i n\u01b0\u1edbc<\/strong> trong c\u00f4ng nghi\u1ec7p.<\/li>\n<li data-sourcepos=\"19:1-20:0\">C\u00e1c \u1ee9ng d\u1ee5ng \u1ed5 tr\u1ee5c v\u00e0 h\u1ed9p s\u1ed1 b\u00e1nh r\u0103ng th\u1eb3ng ho\u1eb7c nghi\u00eang.<\/li>\n<\/ul>\n<\/div>\n","protected":false},"excerpt":{"rendered":"<p>T\u00ean sa\u0309n ph\u00e2\u0309m:\u00a0D\u1ea7u Shell Turbo T32 (20L\/x\u00f4)<\/p>\n","protected":false},"featured_media":8772,"comment_status":"closed","ping_status":"closed","template":"","meta":[],"product_brand":[],"product_cat":[168],"product_tag":[],"class_list":{"0":"post-8771","1":"product","2":"type-product","3":"status-publish","4":"has-post-thumbnail","6":"product_cat-shell","8":"first","9":"instock","10":"shipping-taxable","11":"product-type-simple"},"_links":{"self":[{"href":"https:\/\/yenhung.com\/index.php?rest_route=\/wp\/v2\/product\/8771","targetHints":{"allow":["GET"]}}],"collection":[{"href":"https:\/\/yenhung.com\/index.php?rest_route=\/wp\/v2\/product"}],"about":[{"href":"https:\/\/yenhung.com\/index.php?rest_route=\/wp\/v2\/types\/product"}],"replies":[{"embeddable":true,"href":"https:\/\/yenhung.com\/index.php?rest_route=%2Fwp%2Fv2%2Fcomments&post=8771"}],"wp:featuredmedia":[{"embeddable":true,"href":"https:\/\/yenhung.com\/index.php?rest_route=\/wp\/v2\/media\/8772"}],"wp:attachment":[{"href":"https:\/\/yenhung.com\/index.php?rest_route=%2Fwp%2Fv2%2Fmedia&parent=8771"}],"wp:term":[{"taxonomy":"product_brand","embeddable":true,"href":"https:\/\/yenhung.com\/index.php?rest_route=%2Fwp%2Fv2%2Fproduct_brand&post=8771"},{"taxonomy":"product_cat","embeddable":true,"href":"https:\/\/yenhung.com\/index.php?rest_route=%2Fwp%2Fv2%2Fproduct_cat&post=8771"},{"taxonomy":"product_tag","embeddable":true,"href":"https:\/\/yenhung.com\/index.php?rest_route=%2Fwp%2Fv2%2Fproduct_tag&post=8771"}],"curies":[{"name":"wp","href":"https:\/\/api.w.org\/{rel}","templated":true}]}}