{"id":8779,"date":"2025-11-10T09:01:30","date_gmt":"2025-11-10T09:01:30","guid":{"rendered":"https:\/\/yenhung.com\/?product=mo-shell-gadus-s2-v220-3-18kg-xo"},"modified":"2026-02-07T01:44:34","modified_gmt":"2026-02-07T01:44:34","slug":"mo-shell-gadus-s2-v220-3-18kg-xo","status":"publish","type":"product","link":"https:\/\/yenhung.com\/?product=mo-shell-gadus-s2-v220-3-18kg-xo","title":{"rendered":"M\u1ee0 -SHELL GADUS S2 V220 3 (18kg\/x\u00f4)"},"content":{"rendered":"<div class=\"ba-text-fpt\">\n<h2 data-sourcepos=\"1:1-1:239\"><strong>SHELL GADUS S2 V220 3<\/strong><\/h2>\n<h2 data-sourcepos=\"1:1-1:239\"><strong><img decoding=\"async\" title=\"shell-gadus-s2-v220-3-jpeg-1\" src=\"https:\/\/yenhung.com\/wp-content\/uploads\/2025\/11\/shell-gadus-s2-v220-3-jpeg-1.jpg\" alt=\"SHELL GADUS S2 V220 3\" data-thumb=\"large\" \/><\/strong><\/h2>\n<p data-sourcepos=\"1:1-1:239\">Shell Gadus S2 V220 3 l\u00e0 m\u1ed9t lo\u1ea1i m\u1ee1 b\u00f4i tr\u01a1n \u0111a d\u1ee5ng, ch\u1ecbu c\u1ef1c \u00e1p, \u0111\u01b0\u1ee3c s\u1ea3n xu\u1ea5t t\u1eeb d\u1ea7u kho\u00e1ng ch\u1ea5t l\u01b0\u1ee3ng cao v\u00e0 ch\u1ea5t l\u00e0m \u0111\u1eb7c x\u00e0 ph\u00f2ng lithium. Lo\u1ea1i m\u1ee1 n\u00e0y \u0111\u01b0\u1ee3c thi\u1ebft k\u1ebf \u0111\u1ec3 b\u00f4i tr\u01a1n c\u00e1c \u1ed5 tr\u01b0\u1ee3t v\u00e0 \u1ed5 l\u0103n trong ng\u00e0nh c\u00f4ng nghi\u1ec7p v\u00e0 v\u1eadn t\u1ea3i.<\/p>\n<p data-sourcepos=\"3:1-3:21\"><strong>\u0110\u1eb7c \u0111i\u1ec3m n\u1ed5i b\u1eadt:<\/strong><\/p>\n<ul data-sourcepos=\"5:1-9:0\">\n<li data-sourcepos=\"5:1-5:124\"><strong>Ch\u1ecbu c\u1ef1c \u00e1p (EP):<\/strong> Shell Gadus S2 V220 3 c\u00f3 kh\u1ea3 n\u0103ng ch\u1ecbu t\u1ea3i n\u1eb7ng v\u00e0 t\u1ea3i va \u0111\u1eadp m\u00e0 kh\u00f4ng b\u1ecb ph\u00e1 h\u1ee7y l\u1edbp m\u00e0ng b\u00f4i tr\u01a1n.<\/li>\n<li data-sourcepos=\"6:1-6:103\"><strong>\u1ed4n \u0111\u1ecbnh c\u01a1 h\u1ecdc:<\/strong> M\u1ee1 c\u00f3 \u0111\u1ed9 \u1ed5n \u0111\u1ecbnh c\u01a1 h\u1ecdc cao, gi\u00fap duy tr\u00ec hi\u1ec7u su\u1ea5t b\u00f4i tr\u01a1n trong th\u1eddi gian d\u00e0i.<\/li>\n<li data-sourcepos=\"7:1-7:143\"><strong>Ch\u1ed1ng \u0103n m\u00f2n:<\/strong> Shell Gadus S2 V220 3 c\u00f3 \u00e1i l\u1ef1c v\u1edbi kim lo\u1ea1i v\u00e0 kh\u1ea3 n\u0103ng b\u1ea3o v\u1ec7 b\u1ec1 m\u1eb7t \u1ed5 \u0111\u1ee1 ch\u1ed1ng l\u1ea1i \u0103n m\u00f2n, ngay c\u1ea3 khi m\u1ee1 b\u1ecb nhi\u1ec5m n\u01b0\u1edbc.<\/li>\n<li data-sourcepos=\"8:1-9:0\"><strong>\u0110a d\u1ee5ng:<\/strong> M\u1ee1 c\u00f3 th\u1ec3 \u0111\u01b0\u1ee3c s\u1eed d\u1ee5ng trong nhi\u1ec1u \u1ee9ng d\u1ee5ng kh\u00e1c nhau, bao g\u1ed3m b\u00f4i tr\u01a1n \u1ed5 bi b\u00e1nh xe, \u1ed5 tr\u01b0\u1ee3t v\u00e0 \u1ed5 l\u0103n ch\u1ecbu t\u1ea3i tr\u1ecdng n\u1eb7ng trong c\u00f4ng nghi\u1ec7p v\u00e0 v\u1eadn t\u1ea3i.<\/li>\n<\/ul>\n<p data-sourcepos=\"10:1-10:19\"><strong>\u1ee8ng d\u1ee5ng ch\u00ednh:<\/strong><\/p>\n<p data-sourcepos=\"10:1-10:19\"><strong><img decoding=\"async\" title=\"shell-gadus-s2-v220-3-2-1\" src=\"https:\/\/yenhung.com\/wp-content\/uploads\/2025\/11\/shell-gadus-s2-v220-3-2-1.jpg\" alt=\"SHELL GADUS S2 V220 3\" data-thumb=\"large\" \/><\/strong><\/p>\n<ul data-sourcepos=\"12:1-16:0\">\n<li style=\"margin-bottom: 11px;\"><span style=\"font-size: 11pt;\"><span style=\"line-height: normal;\"><span style=\"tab-stops: list 36.0pt;\"><span style=\"font-family: Calibri,sans-serif;\"><span style=\"font-size: 12.0pt;\"><span style=\"font-family: 'Times New Roman',serif;\">B\u00f4i tr\u01a1n c\u00e1c \u1ed5 tr\u01b0\u1ee3t v\u00e0 \u1ed5 l\u0103n ch\u1ecbu t\u1ea3i tr\u1ecdng n\u1eb7ng v\u00e0 c\u00e1c v\u1ecb tr\u00ed b\u00f4i tr\u01a1n trong c\u00f4ng nghi\u1ec7p v\u00e0 v\u1eadn t\u1ea3i.<\/span><\/span><\/span><\/span><\/span><\/span><\/li>\n<li style=\"margin-bottom: 11px;\"><span style=\"font-size: 11pt;\"><span style=\"line-height: normal;\"><span style=\"tab-stops: list 36.0pt;\"><span style=\"font-family: Calibri,sans-serif;\"><span style=\"font-size: 12.0pt;\"><span style=\"font-family: 'Times New Roman',serif;\">B\u00f4i tr\u01a1n \u1ed5 bi b\u00e1nh xe. \u00a0<\/span><\/span><\/span><\/span><\/span><\/span><\/li>\n<li style=\"margin-bottom: 11px;\"><span style=\"font-size: 11pt;\"><span style=\"line-height: normal;\"><span style=\"tab-stops: list 36.0pt;\"><span style=\"font-family: Calibri,sans-serif;\"><span style=\"font-size: 12.0pt;\"><span style=\"font-family: 'Times New Roman',serif;\">S\u1eed d\u1ee5ng cho c\u00e1c h\u1ec7 th\u1ed1ng b\u00f4i tr\u01a1n m\u00e1y c\u00e1n th\u00e9p, n\u01a1i m\u00e0 lo\u1ea1i m\u1ee1 m\u1ec1m \u0111\u01b0\u1ee3c y\u00eau c\u1ea7u cho c\u00e1c h\u1ec7 th\u1ed1ng b\u01a1m ph\u00e2n ph\u1ed1i m\u1ee1 \u0111\u1eb7c bi\u1ec7t. \u00a0<\/span><\/span><\/span><\/span><\/span><\/span><\/li>\n<li style=\"margin-bottom: 11px;\"><span style=\"font-size: 11pt;\"><span style=\"line-height: normal;\"><span style=\"tab-stops: list 36.0pt;\"><span style=\"font-family: Calibri,sans-serif;\"><span style=\"font-size: 12.0pt;\"><span style=\"font-family: 'Times New Roman',serif;\">S\u1eed d\u1ee5ng cho c\u00e1c \u1ed5 l\u0103n ho\u1eb7c \u1ed5 tr\u01b0\u1ee3t t\u1ea3i tr\u1ecdng n\u1eb7ng l\u00e0m vi\u1ec7c trong \u0111i\u1ec1u ki\u1ec7n kh\u1eafc nghi\u1ec7t bao g\u1ed3m t\u1ea3i tr\u1ecdng va \u0111\u1eadp v\u00e0 m\u00f4i tr\u01b0\u1eddng \u1ea9m \u01b0\u1edbt.\u00a0\u00a0<\/span><\/span><\/span><\/span><\/span><\/span><\/li>\n<\/ul>\n<p data-sourcepos=\"17:1-17:28\"><strong>Th\u00f4ng s\u1ed1 k\u1ef9 thu\u1eadt ch\u00ednh:<\/strong><\/p>\n<p data-sourcepos=\"17:1-17:28\"><strong><img decoding=\"async\" title=\"shell-gadus-s2-v220-3-1-2\" src=\"https:\/\/yenhung.com\/wp-content\/uploads\/2025\/11\/shell-gadus-s2-v220-3-1-2.jpg\" alt=\"SHELL GADUS S2 V220 3\" data-thumb=\"large\" \/><\/strong><\/p>\n<ul data-sourcepos=\"19:1-24:0\">\n<li data-sourcepos=\"19:1-19:24\">Ch\u1ea5t l\u00e0m \u0111\u1eb7c: Lithium.<\/li>\n<li data-sourcepos=\"20:1-20:27\">Lo\u1ea1i d\u1ea7u g\u1ed1c: D\u1ea7u kho\u00e1ng.<\/li>\n<li data-sourcepos=\"21:1-21:49\">\u0110\u1ed9 nh\u1edbt \u0111\u1ed9ng h\u1ecdc \u1edf 40oC, cSt | ASTM D445 | 220.<\/li>\n<li data-sourcepos=\"22:1-22:49\">\u0110\u1ed9 nh\u1edbt \u0111\u1ed9ng h\u1ecdc \u1edf 100oC, cSt | ASTM D445 | 19.<\/li>\n<li data-sourcepos=\"23:1-24:0\">\u0110\u1ed9 c\u1ee9ng NLGI | | 3<\/li>\n<\/ul>\n<p data-sourcepos=\"25:1-25:12\"><strong>L\u1ee3i \u00edch:<\/strong><\/p>\n<ul data-sourcepos=\"27:1-32:0\">\n<li data-sourcepos=\"27:1-27:52\">B\u1ea3o v\u1ec7 c\u00e1c b\u1ed9 ph\u1eadn m\u00e1y m\u00f3c kh\u1ecfi m\u00e0i m\u00f2n v\u00e0 \u0103n m\u00f2n.<\/li>\n<li data-sourcepos=\"28:1-28:43\">K\u00e9o d\u00e0i tu\u1ed5i th\u1ecd c\u1ee7a c\u00e1c b\u1ed9 ph\u1eadn m\u00e1y m\u00f3c.<\/li>\n<li data-sourcepos=\"29:1-29:35\">Gi\u1ea3m chi ph\u00ed b\u1ea3o tr\u00ec v\u00e0 thay th\u1ebf.<\/li>\n<li data-sourcepos=\"30:1-30:31\">T\u0103ng c\u01b0\u1eddng \u0111\u1ed9 \u1ed5n \u0111\u1ecbnh c\u01a1 h\u1ecdc.<\/li>\n<li data-sourcepos=\"31:1-32:0\">B\u1ea3o v\u1ec7 ch\u1ed1ng \u0103n m\u00f2n.<\/li>\n<\/ul>\n<p>&nbsp;<\/p>\n<\/div>\n","protected":false},"excerpt":{"rendered":"<p>T\u00ean sa\u0309n ph\u00e2\u0309m:\u00a0SHELL GADUS S2 V220 3<\/p>\n","protected":false},"featured_media":8780,"comment_status":"closed","ping_status":"closed","template":"","meta":[],"product_brand":[],"product_cat":[168],"product_tag":[],"class_list":{"0":"post-8779","1":"product","2":"type-product","3":"status-publish","4":"has-post-thumbnail","6":"product_cat-shell","8":"first","9":"instock","10":"shipping-taxable","11":"product-type-simple"},"_links":{"self":[{"href":"https:\/\/yenhung.com\/index.php?rest_route=\/wp\/v2\/product\/8779","targetHints":{"allow":["GET"]}}],"collection":[{"href":"https:\/\/yenhung.com\/index.php?rest_route=\/wp\/v2\/product"}],"about":[{"href":"https:\/\/yenhung.com\/index.php?rest_route=\/wp\/v2\/types\/product"}],"replies":[{"embeddable":true,"href":"https:\/\/yenhung.com\/index.php?rest_route=%2Fwp%2Fv2%2Fcomments&post=8779"}],"wp:featuredmedia":[{"embeddable":true,"href":"https:\/\/yenhung.com\/index.php?rest_route=\/wp\/v2\/media\/8780"}],"wp:attachment":[{"href":"https:\/\/yenhung.com\/index.php?rest_route=%2Fwp%2Fv2%2Fmedia&parent=8779"}],"wp:term":[{"taxonomy":"product_brand","embeddable":true,"href":"https:\/\/yenhung.com\/index.php?rest_route=%2Fwp%2Fv2%2Fproduct_brand&post=8779"},{"taxonomy":"product_cat","embeddable":true,"href":"https:\/\/yenhung.com\/index.php?rest_route=%2Fwp%2Fv2%2Fproduct_cat&post=8779"},{"taxonomy":"product_tag","embeddable":true,"href":"https:\/\/yenhung.com\/index.php?rest_route=%2Fwp%2Fv2%2Fproduct_tag&post=8779"}],"curies":[{"name":"wp","href":"https:\/\/api.w.org\/{rel}","templated":true}]}}