{"id":8787,"date":"2025-11-10T09:01:38","date_gmt":"2025-11-10T09:01:38","guid":{"rendered":"https:\/\/yenhung.com\/?product=dau-ranh-truot-shell-tonna-s3-m68"},"modified":"2026-02-07T01:44:47","modified_gmt":"2026-02-07T01:44:47","slug":"dau-ranh-truot-shell-tonna-s3-m68","status":"publish","type":"product","link":"https:\/\/yenhung.com\/?product=dau-ranh-truot-shell-tonna-s3-m68","title":{"rendered":"D\u1ea6U R\u00c3NH TR\u01af\u1ee2T SHELL TONNA S3 M68"},"content":{"rendered":"<div class=\"ba-text-fpt\">\n<h2 data-sourcepos=\"1:1-1:201\"><strong>D\u1ea6U R\u00c3NH TR\u01af\u1ee2T SHELL TONNA S3 M68<\/strong><\/h2>\n<p><strong><img decoding=\"async\" title=\"shell-tonna-s3-m68-4\" src=\"https:\/\/yenhung.com\/wp-content\/uploads\/2025\/11\/shell-tonna-s3-m68-4.jpg\" alt=\"D\u1ea6U R\u00c3NH TR\u01af\u1ee2T SHELL TONNA S3 M68\" data-thumb=\"large\" \/><\/strong><\/p>\n<p data-sourcepos=\"1:1-1:201\">Shell Tonna S3 M68 l\u00e0 m\u1ed9t lo\u1ea1i d\u1ea7u r\u00e3nh tr\u01b0\u1ee3t m\u00e1y c\u00f4ng c\u1ee5 cao c\u1ea5p, \u0111\u01b0\u1ee3c thi\u1ebft k\u1ebf \u0111\u1ec3 \u0111\u00e1p \u1ee9ng c\u00e1c y\u00eau c\u1ea7u b\u00f4i tr\u01a1n kh\u1eaft khe c\u1ee7a m\u00e1y c\u00f4ng c\u1ee5 hi\u1ec7n \u0111\u1ea1i. D\u01b0\u1edbi \u0111\u00e2y l\u00e0 nh\u1eefng th\u00f4ng tin chi ti\u1ebft v\u1ec1 s\u1ea3n ph\u1ea9m n\u00e0y:<\/p>\n<p data-sourcepos=\"3:1-3:21\"><strong>\u0110\u1eb7c \u0111i\u1ec3m n\u1ed5i b\u1eadt:<\/strong><\/p>\n<p data-sourcepos=\"3:1-3:21\"><strong><img decoding=\"async\" title=\"shell-tonna-s3-m68-1-1\" src=\"https:\/\/yenhung.com\/wp-content\/uploads\/2025\/11\/shell-tonna-s3-m68-1-1.jpg\" alt=\"SHELL TONNA S3 M68\" data-thumb=\"large\" \/><\/strong><\/p>\n<ul data-sourcepos=\"5:1-19:0\">\n<li data-sourcepos=\"5:1-7:114\"><strong>Hi\u1ec7u su\u1ea5t b\u00f4i tr\u01a1n v\u01b0\u1ee3t tr\u1ed9i:<\/strong>\n<ul data-sourcepos=\"6:5-7:114\">\n<li data-sourcepos=\"6:5-6:195\">\u0110\u01b0\u1ee3c pha ch\u1ebf t\u1eeb d\u1ea7u g\u1ed1c kho\u00e1ng tinh ch\u1ebf cao v\u00e0 h\u1ec7 ph\u1ee5 gia \u0111\u1eb7c bi\u1ec7t, Shell Tonna S3 M68 mang l\u1ea1i kh\u1ea3 n\u0103ng b\u00f4i tr\u01a1n tuy\u1ec7t v\u1eddi cho r\u00e3nh tr\u01b0\u1ee3t, b\u00e0n tr\u01b0\u1ee3t v\u00e0 c\u00e1c c\u01a1 c\u1ea5u n\u1ea1p li\u1ec7u c\u1ee7a m\u00e1y c\u00f4ng c\u1ee5.<\/li>\n<li data-sourcepos=\"7:5-7:114\">Gi\u00fap gi\u1ea3m thi\u1ec3u ma s\u00e1t, m\u00e0i m\u00f2n v\u00e0 hi\u1ec7n t\u01b0\u1ee3ng gi\u1eadt c\u1ee5c, \u0111\u1ea3m b\u1ea3o ho\u1ea1t \u0111\u1ed9ng tr\u01a1n tru v\u00e0 ch\u00ednh x\u00e1c c\u1ee7a m\u00e1y m\u00f3c.<\/li>\n<\/ul>\n<\/li>\n<li data-sourcepos=\"8:1-9:130\"><strong>Kh\u1ea3 n\u0103ng ch\u1ed1ng m\u00e0i m\u00f2n v\u00e0 \u0103n m\u00f2n:<\/strong>\n<ul data-sourcepos=\"9:5-9:130\">\n<li data-sourcepos=\"9:5-9:130\">Ch\u1ee9a c\u00e1c ph\u1ee5 gia ch\u1ed1ng m\u00e0i m\u00f2n v\u00e0 \u0103n m\u00f2n hi\u1ec7u qu\u1ea3, gi\u00fap b\u1ea3o v\u1ec7 c\u00e1c chi ti\u1ebft m\u00e1y m\u00f3c kh\u1ecfi h\u01b0 h\u1ecfng, k\u00e9o d\u00e0i tu\u1ed5i th\u1ecd thi\u1ebft b\u1ecb.<\/li>\n<\/ul>\n<\/li>\n<li data-sourcepos=\"10:1-11:115\"><strong>Kh\u1ea3 n\u0103ng t\u00e1ch n\u01b0\u1edbc t\u1ed1t:<\/strong>\n<ul data-sourcepos=\"11:5-11:115\">\n<li data-sourcepos=\"11:5-11:115\">C\u00f3 kh\u1ea3 n\u0103ng t\u00e1ch n\u01b0\u1edbc tuy\u1ec7t v\u1eddi, gi\u00fap ng\u0103n ng\u1eeba s\u1ef1 h\u00ecnh th\u00e0nh c\u1eb7n v\u00e0 b\u00f9n, \u0111\u1ea3m b\u1ea3o h\u1ec7 th\u1ed1ng ho\u1ea1t \u0111\u1ed9ng s\u1ea1ch s\u1ebd.<\/li>\n<\/ul>\n<\/li>\n<li data-sourcepos=\"12:1-13:122\"><strong>\u0110\u1ed9 \u1ed5n \u0111\u1ecbnh cao:<\/strong>\n<ul data-sourcepos=\"13:5-13:122\">\n<li data-sourcepos=\"13:5-13:122\">\u0110\u1ed9 \u1ed5n \u0111\u1ecbnh nhi\u1ec7t v\u00e0 \u0111\u1ed9 nh\u1edbt cao, gi\u00fap duy tr\u00ec hi\u1ec7u su\u1ea5t b\u00f4i tr\u01a1n \u1ed5n \u0111\u1ecbnh trong \u0111i\u1ec1u ki\u1ec7n v\u1eadn h\u00e0nh kh\u1eafc nghi\u1ec7t.<\/li>\n<\/ul>\n<\/li>\n<li data-sourcepos=\"14:1-15:116\"><strong>Kh\u1ea3 n\u0103ng<sup data-turn-source-index=\"1\"> 1 <\/sup> b\u00e1m d\u00ednh t\u1ed1t:<\/strong>\n<ul data-sourcepos=\"15:5-15:116\">\n<li data-sourcepos=\"15:5-15:116\">T\u0103ng c\u01b0\u1eddng \u0111\u1ed9 b\u00e1m d\u00ednh v\u00e0 t\u00ednh n\u0103ng d\u00ednh \u2013 tr\u01b0\u1ee3t li\u00ean h\u1ee3p t\u1ea1o ra hi\u1ec7u qu\u1ea3 ma s\u00e1t v\u01b0\u1ee3t tr\u1ed9i cho c\u00e1c r\u00e3nh tr\u01b0\u1ee3t<\/li>\n<\/ul>\n<\/li>\n<li data-sourcepos=\"16:1-19:0\"><strong>T\u00ednh \u0111a d\u1ee5ng:<\/strong>\n<ul data-sourcepos=\"17:5-19:0\">\n<li data-sourcepos=\"17:5-17:84\">Shell Tonna S3 M68 c\u00f3 th\u1ec3 \u0111\u01b0\u1ee3c s\u1eed d\u1ee5ng cho c\u1ea3 r\u00e3nh tr\u01b0\u1ee3t n\u1eb1m ngang v\u00e0 n\u1eb1m d\u1ecdc.<\/li>\n<li data-sourcepos=\"18:5-19:0\">Ngo\u00e0i ra c\u0169ng ph\u00f9 h\u1ee3p s\u1eed d\u1ee5ng cho c\u00e1c h\u1ec7 th\u1ed1ng th\u1ee7y l\u1ef1c, v\u00e0 h\u1ed9p s\u1ed1.<\/li>\n<\/ul>\n<\/li>\n<\/ul>\n<p data-sourcepos=\"20:1-20:13\"><strong>\u1ee8ng d\u1ee5ng:<\/strong><\/p>\n<p data-sourcepos=\"20:1-20:13\"><strong><img decoding=\"async\" title=\"shell-tonna-s3-m68-2-2\" src=\"https:\/\/yenhung.com\/wp-content\/uploads\/2025\/11\/shell-tonna-s3-m68-2-2.jpg\" alt=\"SHELL TONNA S3 M68\" data-thumb=\"large\" \/><\/strong><\/p>\n<ul data-sourcepos=\"22:1-26:0\">\n<li data-sourcepos=\"22:1-22:84\">R\u00e3nh tr\u01b0\u1ee3t v\u00e0 b\u00e0n tr\u01b0\u1ee3t c\u1ee7a m\u00e1y c\u00f4ng c\u1ee5 (m\u00e1y ti\u1ec7n, m\u00e1y phay, m\u00e1y m\u00e0i, m\u00e1y CNC&#8230;).<\/li>\n<li data-sourcepos=\"23:1-23:36\">H\u1ec7 th\u1ed1ng th\u1ee7y l\u1ef1c c\u1ee7a m\u00e1y c\u00f4ng c\u1ee5.<\/li>\n<li data-sourcepos=\"24:1-24:25\">H\u1ed9p s\u1ed1 c\u1ee7a m\u00e1y c\u00f4ng c\u1ee5.<\/li>\n<li data-sourcepos=\"25:1-26:0\">\u0110\u01b0\u1ee3c khuy\u1ebfn ngh\u1ecb \u0111\u1eb7c bi\u1ec7t t\u1ea1i nh\u1eefng n\u01a1i d\u1ec5 b\u1ecb tr\u1ed9n l\u1eabn v\u1edbi d\u1ea7u c\u1eaft g\u1ecdt.<\/li>\n<\/ul>\n<p data-sourcepos=\"27:1-27:28\"><strong>Th\u00f4ng s\u1ed1 k\u1ef9 thu\u1eadt ch\u00ednh:<\/strong><\/p>\n<ul data-sourcepos=\"29:1-31:0\">\n<li data-sourcepos=\"29:1-29:20\">\u0110\u1ed9 nh\u1edbt ISO VG 68.<\/li>\n<li data-sourcepos=\"30:1-31:0\">D\u1ea7u g\u1ed1c kho\u00e1ng.<\/li>\n<\/ul>\n<p data-sourcepos=\"32:1-32:12\"><strong>L\u1ee3i \u00edch:<\/strong><\/p>\n<ul data-sourcepos=\"34:1-38:0\">\n<li data-sourcepos=\"34:1-34:27\">K\u00e9o d\u00e0i tu\u1ed5i th\u1ecd m\u00e1y m\u00f3c.<\/li>\n<li data-sourcepos=\"35:1-35:23\">Gi\u1ea3m chi ph\u00ed b\u1ea3o tr\u00ec.<\/li>\n<li data-sourcepos=\"36:1-36:33\">N\u00e2ng cao \u0111\u1ed9 ch\u00ednh x\u00e1c gia c\u00f4ng.<\/li>\n<li data-sourcepos=\"37:1-38:0\">Gi\u1ea3m t\u1ed1i \u0111a hi\u1ec7n t\u01b0\u1ee3ng tr\u01b0\u1ee3t gi\u1eadt.<\/li>\n<\/ul>\n<p data-sourcepos=\"39:1-39:22\"><strong>L\u01b0u \u00fd khi s\u1eed d\u1ee5ng:<\/strong><\/p>\n<ul data-sourcepos=\"41:1-43:0\">\n<li data-sourcepos=\"41:1-41:78\">Tu\u00e2n th\u1ee7 h\u01b0\u1edbng d\u1eabn c\u1ee7a nh\u00e0 s\u1ea3n xu\u1ea5t m\u00e1y c\u00f4ng c\u1ee5 v\u1ec1 vi\u1ec7c s\u1eed d\u1ee5ng v\u00e0 thay d\u1ea7u.<\/li>\n<li data-sourcepos=\"42:1-43:0\">B\u1ea3o qu\u1ea3n d\u1ea7u \u1edf n\u01a1i kh\u00f4 r\u00e1o, tho\u00e1ng m\u00e1t, tr\u00e1nh \u00e1nh n\u1eafng tr\u1ef1c ti\u1ebfp.<\/li>\n<\/ul>\n<\/div>\n","protected":false},"excerpt":{"rendered":"<p>T\u00ean sa\u0309n ph\u00e2\u0309m: SHELL TONNA S3 M68<\/p>\n","protected":false},"featured_media":8788,"comment_status":"closed","ping_status":"closed","template":"","meta":[],"product_brand":[],"product_cat":[168],"product_tag":[],"class_list":{"0":"post-8787","1":"product","2":"type-product","3":"status-publish","4":"has-post-thumbnail","6":"product_cat-shell","8":"first","9":"instock","10":"shipping-taxable","11":"product-type-simple"},"_links":{"self":[{"href":"https:\/\/yenhung.com\/index.php?rest_route=\/wp\/v2\/product\/8787","targetHints":{"allow":["GET"]}}],"collection":[{"href":"https:\/\/yenhung.com\/index.php?rest_route=\/wp\/v2\/product"}],"about":[{"href":"https:\/\/yenhung.com\/index.php?rest_route=\/wp\/v2\/types\/product"}],"replies":[{"embeddable":true,"href":"https:\/\/yenhung.com\/index.php?rest_route=%2Fwp%2Fv2%2Fcomments&post=8787"}],"wp:featuredmedia":[{"embeddable":true,"href":"https:\/\/yenhung.com\/index.php?rest_route=\/wp\/v2\/media\/8788"}],"wp:attachment":[{"href":"https:\/\/yenhung.com\/index.php?rest_route=%2Fwp%2Fv2%2Fmedia&parent=8787"}],"wp:term":[{"taxonomy":"product_brand","embeddable":true,"href":"https:\/\/yenhung.com\/index.php?rest_route=%2Fwp%2Fv2%2Fproduct_brand&post=8787"},{"taxonomy":"product_cat","embeddable":true,"href":"https:\/\/yenhung.com\/index.php?rest_route=%2Fwp%2Fv2%2Fproduct_cat&post=8787"},{"taxonomy":"product_tag","embeddable":true,"href":"https:\/\/yenhung.com\/index.php?rest_route=%2Fwp%2Fv2%2Fproduct_tag&post=8787"}],"curies":[{"name":"wp","href":"https:\/\/api.w.org\/{rel}","templated":true}]}}