{"id":8817,"date":"2025-11-10T09:02:07","date_gmt":"2025-11-10T09:02:07","guid":{"rendered":"https:\/\/yenhung.com\/?product=dau-nhon-shell-tellus-s2-mx22-209l"},"modified":"2026-01-30T09:25:51","modified_gmt":"2026-01-30T09:25:51","slug":"dau-nhon-shell-tellus-s2-mx22-209l","status":"publish","type":"product","link":"https:\/\/yenhung.com\/?product=dau-nhon-shell-tellus-s2-mx22-209l","title":{"rendered":"D\u1ea6U NH\u1edcN &#8211; SHELL TELLUS S2 MX22 &#8211; 209L"},"content":{"rendered":"<div class=\"ba-text-fpt\">\n<h2 data-sourcepos=\"1:1-1:229\"><strong>D\u1ea6U NH\u1edcN &#8211; SHELL TELLUS S2 MX22 &#8211; 290L<\/strong><\/h2>\n<p data-sourcepos=\"1:1-1:229\">Shell Tellus S2 MX 22 l\u00e0 m\u1ed9t lo\u1ea1i d\u1ea7u th\u1ee7y l\u1ef1c hi\u1ec7u su\u1ea5t cao, \u0111\u01b0\u1ee3c thi\u1ebft k\u1ebf \u0111\u1ec3 cung c\u1ea5p s\u1ef1 b\u1ea3o v\u1ec7 v\u00e0 hi\u1ec7u su\u1ea5t v\u01b0\u1ee3t tr\u1ed9i trong nhi\u1ec1u \u1ee9ng d\u1ee5ng th\u1ee7y l\u1ef1c c\u00f4ng nghi\u1ec7p v\u00e0 di \u0111\u1ed9ng. D\u01b0\u1edbi \u0111\u00e2y l\u00e0 m\u1ed9t s\u1ed1 th\u00f4ng tin chi ti\u1ebft v\u1ec1 s\u1ea3n ph\u1ea9m n\u00e0y:<\/p>\n<p data-sourcepos=\"1:1-1:229\"><img decoding=\"async\" title=\"tellus-s2-mx22-2\" src=\"https:\/\/yenhung.com\/wp-content\/uploads\/2025\/11\/tellus-s2-mx22-2.jpg\" alt=\"TELLUS S2 MX22\" data-thumb=\"large\" \/><\/p>\n<p data-sourcepos=\"3:1-3:21\"><strong>\u0110\u1eb7c \u0111i\u1ec3m n\u1ed5i b\u1eadt:<\/strong><\/p>\n<ul data-sourcepos=\"5:1-19:0\">\n<li data-sourcepos=\"5:1-7:122\"><strong>Hi\u1ec7u su\u1ea5t cao:<\/strong>\n<ul data-sourcepos=\"6:5-7:122\">\n<li data-sourcepos=\"6:5-6:109\">Shell Tellus S2 MX 22 \u0111\u01b0\u1ee3c pha ch\u1ebf t\u1eeb d\u1ea7u g\u1ed1c nh\u00f3m II, mang l\u1ea1i kh\u1ea3 n\u0103ng b\u1ea3o v\u1ec7 v\u00e0 hi\u1ec7u su\u1ea5t tuy\u1ec7t v\u1eddi.<\/li>\n<li data-sourcepos=\"7:5-7:122\">N\u00f3 ch\u1ed1ng l\u1ea1i s\u1ef1 ph\u00e2n h\u1ee7y do nhi\u1ec7t v\u00e0 \u1ee9ng su\u1ea5t c\u01a1 h\u1ecdc, gi\u00fap k\u00e9o d\u00e0i tu\u1ed5i th\u1ecd d\u1ea7u v\u00e0 gi\u1ea3m thi\u1ec3u s\u1ef1 h\u00ecnh th\u00e0nh c\u1eb7n b\u1ea9n.<\/li>\n<\/ul>\n<\/li>\n<li data-sourcepos=\"8:1-10:76\"><strong>B\u1ea3o v\u1ec7 ch\u1ed1ng m\u00e0i m\u00f2n v\u01b0\u1ee3t tr\u1ed9i:<\/strong>\n<ul data-sourcepos=\"9:5-10:76\">\n<li data-sourcepos=\"9:5-9:113\">D\u1ea7u \u0111\u01b0\u1ee3c thi\u1ebft k\u1ebf \u0111\u1ec3 \u0111\u00e1p \u1ee9ng nhu c\u1ea7u c\u1ee7a c\u00e1c h\u1ec7 th\u1ed1ng th\u1ee7y l\u1ef1c hi\u1ec7n \u0111\u1ea1i, bao g\u1ed3m hi\u1ec7u su\u1ea5t \u00e1p su\u1ea5t c\u1ef1c cao.<\/li>\n<li data-sourcepos=\"10:5-10:76\">N\u00f3 th\u1ec3 hi\u1ec7n hi\u1ec7u su\u1ea5t tuy\u1ec7t v\u1eddi trong c\u00e1c th\u1eed nghi\u1ec7m m\u00e0i m\u00f2n kh\u1eaft khe.<\/li>\n<\/ul>\n<\/li>\n<li data-sourcepos=\"11:1-13:96\"><strong>Duy tr\u00ec hi\u1ec7u qu\u1ea3 h\u1ec7 th\u1ed1ng:<\/strong>\n<ul data-sourcepos=\"12:5-13:96\">\n<li data-sourcepos=\"12:5-12:151\">Kh\u1ea3 n\u0103ng l\u1ecdc tuy\u1ec7t v\u1eddi v\u00e0 kh\u1ea3 n\u0103ng t\u00e1ch n\u01b0\u1edbc, tho\u00e1t kh\u00ed v\u00e0 ch\u1ed1ng t\u1ea1o b\u1ecdt hi\u1ec7u su\u1ea5t cao gi\u00fap duy tr\u00ec ho\u1eb7c n\u00e2ng cao hi\u1ec7u qu\u1ea3 c\u1ee7a h\u1ec7 th\u1ed1ng th\u1ee7y l\u1ef1c.<\/li>\n<li data-sourcepos=\"13:5-13:96\">S\u1ef1 t\u1ed1i \u01b0u h\u00f3a c\u00e1c \u0111\u1eb7c t\u00ednh ma s\u00e1t c\u0169ng gi\u00fap gi\u1ea3m \u1ea3nh h\u01b0\u1edfng c\u00f3 h\u1ea1i c\u1ee7a hi\u1ec7n t\u01b0\u1ee3ng gi\u1eadt c\u1ee5c.<\/li>\n<\/ul>\n<\/li>\n<li data-sourcepos=\"14:1-19:0\"><strong>\u1ee8ng d\u1ee5ng \u0111a d\u1ea1ng:<\/strong>\n<ul data-sourcepos=\"15:5-19:0\">\n<li data-sourcepos=\"15:5-15:146\">Ph\u00f9 h\u1ee3p cho nhi\u1ec1u lo\u1ea1i h\u1ec7 th\u1ed1ng th\u1ee7y l\u1ef1c c\u00f4ng nghi\u1ec7p v\u00e0 di \u0111\u1ed9ng, bao g\u1ed3m m\u00e1y \u00e9p phun, m\u00e1y c\u00f4ng c\u1ee5, m\u00e1y m\u00f3c x\u00e2y d\u1ef1ng v\u00e0 thi\u1ebft b\u1ecb n\u00f4ng nghi\u1ec7p.<\/li>\n<li data-sourcepos=\"16:5-16:43\">Thi\u1ebft b\u1ecb th\u1ee7y l\u1ef1c di \u0111\u1ed9ng\/ngo\u00e0i tr\u1eddi.<\/li>\n<li data-sourcepos=\"17:5-17:34\">H\u1ec7 th\u1ed1ng th\u1ee7y l\u1ef1c ch\u00ednh x\u00e1c.<\/li>\n<li data-sourcepos=\"18:5-19:0\">H\u1ec7 th\u1ed1ng th\u1ee7y l\u1ef1c tr\u00ean t\u00e0u bi\u1ec3n.<\/li>\n<\/ul>\n<\/li>\n<\/ul>\n<p data-sourcepos=\"20:1-20:18\"><strong>L\u1ee3i \u00edch ch\u00ednh:<\/strong><\/p>\n<p data-sourcepos=\"20:1-20:18\"><strong><img decoding=\"async\" title=\"shell-tellus-s2-mx22-3-1\" src=\"https:\/\/yenhung.com\/wp-content\/uploads\/2025\/11\/shell-tellus-s2-mx22-3-1.jpg\" alt=\"D\u1ea6U NH\u1edcN - SHELL TELLUS S2 MX22 - 290L\" data-thumb=\"large\" \/><\/strong><\/p>\n<ul data-sourcepos=\"22:1-27:0\">\n<li data-sourcepos=\"22:1-22:41\">K\u00e9o d\u00e0i tu\u1ed5i th\u1ecd c\u1ee7a h\u1ec7 th\u1ed1ng th\u1ee7y l\u1ef1c.<\/li>\n<li data-sourcepos=\"23:1-23:58\">Gi\u1ea3m thi\u1ec3u th\u1eddi gian ng\u1eebng ho\u1ea1t \u0111\u1ed9ng v\u00e0 chi ph\u00ed b\u1ea3o tr\u00ec.<\/li>\n<li data-sourcepos=\"24:1-24:50\">T\u0103ng c\u01b0\u1eddng hi\u1ec7u su\u1ea5t v\u00e0 \u0111\u1ed9 tin c\u1eady c\u1ee7a h\u1ec7 th\u1ed1ng.<\/li>\n<li data-sourcepos=\"25:1-25:38\">B\u1ea3o v\u1ec7 ch\u1ed1ng m\u00e0i m\u00f2n v\u00e0 oxy h\u00f3a t\u1ed1t.<\/li>\n<li data-sourcepos=\"26:1-27:0\">Kh\u1ea3 n\u0103ng t\u00e1ch n\u01b0\u1edbc t\u1ed1t.<\/li>\n<\/ul>\n<p data-sourcepos=\"28:1-28:22\"><strong>Th\u00f4ng s\u1ed1 k\u1ef9 thu\u1eadt:<\/strong><\/p>\n<p data-sourcepos=\"28:1-28:22\"><strong><img decoding=\"async\" title=\"shell-tellus-s2-mx-22-2-1\" src=\"https:\/\/yenhung.com\/wp-content\/uploads\/2025\/11\/shell-tellus-s2-mx-22-2-1.png\" alt=\"D\u1ea6U NH\u1edcN - SHELL TELLUS S2 MX22 - 290L\" data-thumb=\"large\" \/><\/strong><\/p>\n<ul data-sourcepos=\"30:1-32:0\">\n<li data-sourcepos=\"30:1-30:20\">\u0110\u1ed9 nh\u1edbt ISO VG 22.<\/li>\n<li data-sourcepos=\"31:1-32:0\">\u0110\u00e1p \u1ee9ng ho\u1eb7c v\u01b0\u1ee3t qu\u00e1 c\u00e1c ti\u00eau chu\u1ea9n c\u00f4ng nghi\u1ec7p ch\u00ednh.<\/li>\n<\/ul>\n<p data-sourcepos=\"33:1-33:10\"><strong>L\u01b0u \u00fd:<\/strong><\/p>\n<ul data-sourcepos=\"35:1-37:0\">\n<li data-sourcepos=\"35:1-35:87\">Lu\u00f4n tham kh\u1ea3o h\u01b0\u1edbng d\u1eabn c\u1ee7a nh\u00e0 s\u1ea3n xu\u1ea5t thi\u1ebft b\u1ecb \u0111\u1ec3 ch\u1ecdn lo\u1ea1i d\u1ea7u th\u1ee7y l\u1ef1c ph\u00f9 h\u1ee3p.<\/li>\n<li data-sourcepos=\"36:1-37:0\">Tu\u00e2n th\u1ee7 c\u00e1c quy tr\u00ecnh b\u1ea3o tr\u00ec v\u00e0 thay d\u1ea7u \u0111\u01b0\u1ee3c khuy\u1ebfn ngh\u1ecb.<\/li>\n<\/ul>\n<p data-sourcepos=\"38:1-38:109\">Shell Tellus S2 MX 22 l\u00e0 m\u1ed9t l\u1ef1a ch\u1ecdn \u0111\u00e1ng tin c\u1eady cho c\u00e1c \u1ee9ng d\u1ee5ng th\u1ee7y l\u1ef1c \u0111\u00f2i h\u1ecfi hi\u1ec7u su\u1ea5t cao v\u00e0 \u0111\u1ed9 b\u1ec1n.<\/p>\n<\/div>\n","protected":false},"excerpt":{"rendered":"<p>T\u00ean sa\u0309n ph\u00e2\u0309m:\u00a0TELLUS S2 MX22<\/p>\n","protected":false},"featured_media":8818,"comment_status":"closed","ping_status":"closed","template":"","meta":[],"product_brand":[],"product_cat":[168],"product_tag":[],"class_list":{"0":"post-8817","1":"product","2":"type-product","3":"status-publish","4":"has-post-thumbnail","6":"product_cat-shell","8":"first","9":"instock","10":"shipping-taxable","11":"product-type-simple"},"_links":{"self":[{"href":"https:\/\/yenhung.com\/index.php?rest_route=\/wp\/v2\/product\/8817","targetHints":{"allow":["GET"]}}],"collection":[{"href":"https:\/\/yenhung.com\/index.php?rest_route=\/wp\/v2\/product"}],"about":[{"href":"https:\/\/yenhung.com\/index.php?rest_route=\/wp\/v2\/types\/product"}],"replies":[{"embeddable":true,"href":"https:\/\/yenhung.com\/index.php?rest_route=%2Fwp%2Fv2%2Fcomments&post=8817"}],"wp:featuredmedia":[{"embeddable":true,"href":"https:\/\/yenhung.com\/index.php?rest_route=\/wp\/v2\/media\/8818"}],"wp:attachment":[{"href":"https:\/\/yenhung.com\/index.php?rest_route=%2Fwp%2Fv2%2Fmedia&parent=8817"}],"wp:term":[{"taxonomy":"product_brand","embeddable":true,"href":"https:\/\/yenhung.com\/index.php?rest_route=%2Fwp%2Fv2%2Fproduct_brand&post=8817"},{"taxonomy":"product_cat","embeddable":true,"href":"https:\/\/yenhung.com\/index.php?rest_route=%2Fwp%2Fv2%2Fproduct_cat&post=8817"},{"taxonomy":"product_tag","embeddable":true,"href":"https:\/\/yenhung.com\/index.php?rest_route=%2Fwp%2Fv2%2Fproduct_tag&post=8817"}],"curies":[{"name":"wp","href":"https:\/\/api.w.org\/{rel}","templated":true}]}}