{"id":8825,"date":"2025-11-10T09:02:12","date_gmt":"2025-11-10T09:02:12","guid":{"rendered":"https:\/\/yenhung.com\/?product=dau-thuy-luc-shell-tellus-s2-vx15-209l-phuy"},"modified":"2026-01-30T09:23:37","modified_gmt":"2026-01-30T09:23:37","slug":"dau-thuy-luc-shell-tellus-s2-vx15-209l-phuy","status":"publish","type":"product","link":"https:\/\/yenhung.com\/?product=dau-thuy-luc-shell-tellus-s2-vx15-209l-phuy","title":{"rendered":"D\u1ea7u th\u1ee7y l\u1ef1c Shell Tellus S2 VX15 &#8211; (209L\/phuy)"},"content":{"rendered":"<div class=\"ba-text-fpt\">\n<h2 data-sourcepos=\"1:1-1:200\"><strong>D\u1ea7u th\u1ee7y l\u1ef1c Shell Tellus S2 VX15 &#8211; (209L\/phuy)<\/strong><\/h2>\n<p data-sourcepos=\"1:1-1:200\">Shell Tellus S2 VX 15 l\u00e0 m\u1ed9t lo\u1ea1i d\u1ea7u th\u1ee7y l\u1ef1c hi\u1ec7u su\u1ea5t cao, \u0111\u01b0\u1ee3c thi\u1ebft k\u1ebf \u0111\u1ec3 cung c\u1ea5p s\u1ef1 b\u1ea3o v\u1ec7 v\u00e0 hi\u1ec7u su\u1ea5t v\u01b0\u1ee3t tr\u1ed9i trong m\u1ed9t ph\u1ea1m vi nhi\u1ec7t \u0111\u1ed9 r\u1ed9ng. D\u01b0\u1edbi \u0111\u00e2y l\u00e0 m\u1ed9t s\u1ed1 \u0111i\u1ec3m ch\u00ednh v\u1ec1 s\u1ea3n ph\u1ea9m n\u00e0y:<\/p>\n<p data-sourcepos=\"1:1-1:200\"><img decoding=\"async\" title=\"shell-tellus-s2-vx15-2\" src=\"https:\/\/yenhung.com\/wp-content\/uploads\/2025\/11\/shell-tellus-s2-vx15-2.jpg\" alt=\"Shell Tellus S2 VX15\" data-thumb=\"large\" \/><\/p>\n<p data-sourcepos=\"3:1-3:24\"><strong>\u0110\u1eb7c \u0111i\u1ec3m v\u00e0 L\u1ee3i \u00edch:<\/strong><\/p>\n<ul data-sourcepos=\"5:1-23:0\">\n<li data-sourcepos=\"5:1-7:181\"><strong>Hi\u1ec7u su\u1ea5t cao:<\/strong>\n<ul data-sourcepos=\"6:5-7:181\">\n<li data-sourcepos=\"6:5-6:144\">D\u1ea7u Shell Tellus S2 VX 15 \u0111\u01b0\u1ee3c pha ch\u1ebf t\u1eeb d\u1ea7u g\u1ed1c Nh\u00f3m II, mang l\u1ea1i kh\u1ea3 n\u0103ng b\u1ea3o v\u1ec7 v\u00e0 hi\u1ec7u su\u1ea5t tuy\u1ec7t v\u1eddi trong nhi\u1ec1u \u0111i\u1ec1u ki\u1ec7n nhi\u1ec7t \u0111\u1ed9.<\/li>\n<li data-sourcepos=\"7:5-7:181\">N\u00f3 ch\u1ed1ng l\u1ea1i s\u1ef1 ph\u00e2n h\u1ee7y do nhi\u1ec7t ho\u1eb7c \u1ee9ng su\u1ea5t c\u01a1 h\u1ecdc, l\u00e0m cho n\u00f3 ph\u00f9 h\u1ee3p cho thi\u1ebft b\u1ecb di \u0111\u1ed9ng v\u00e0 c\u00e1c \u1ee9ng d\u1ee5ng kh\u00e1c ph\u1ea3i ch\u1ecbu ph\u1ea1m vi nhi\u1ec7t \u0111\u1ed9 m\u00f4i tr\u01b0\u1eddng ho\u1eb7c ho\u1ea1t \u0111\u1ed9ng r\u1ed9ng.<\/li>\n<\/ul>\n<\/li>\n<li data-sourcepos=\"8:1-11:97\"><strong>Tu\u1ed5i th\u1ecd d\u1ea7u d\u00e0i:<\/strong>\n<ul data-sourcepos=\"9:5-11:97\">\n<li data-sourcepos=\"9:5-9:97\">D\u1ea7u gi\u00fap k\u00e9o d\u00e0i kho\u1ea3ng th\u1eddi gian b\u1ea3o tr\u00ec b\u1eb1ng c\u00e1ch ch\u1ed1ng l\u1ea1i s\u1ef1 ph\u00e2n h\u1ee7y nhi\u1ec7t v\u00e0 h\u00f3a h\u1ecdc.<\/li>\n<li data-sourcepos=\"10:5-10:101\">\u0110i\u1ec1u n\u00e0y gi\u1ea3m thi\u1ec3u s\u1ef1 h\u00ecnh th\u00e0nh c\u1eb7n b\u00f9n c\u00f3 h\u1ea1i v\u00e0 \u0111\u1ea3m b\u1ea3o \u0111\u1ed9 tin c\u1eady v\u00e0 \u0111\u1ed9 s\u1ea1ch c\u1ee7a h\u1ec7 th\u1ed1ng.<\/li>\n<li data-sourcepos=\"11:5-11:97\">N\u00f3 c\u0169ng c\u00f3 \u0111\u1ed9 \u1ed5n \u0111\u1ecbnh th\u1ee7y ph\u00e2n t\u1ed1t, gi\u1ea3m nguy c\u01a1 \u0103n m\u00f2n v\u00e0 r\u1ec9 s\u00e9t trong m\u00f4i tr\u01b0\u1eddng \u1ea9m \u01b0\u1edbt.<\/li>\n<\/ul>\n<\/li>\n<li data-sourcepos=\"12:1-14:112\"><strong>B\u1ea3o v\u1ec7 ch\u1ed1ng m\u00e0i m\u00f2n v\u01b0\u1ee3t tr\u1ed9i:<\/strong>\n<ul data-sourcepos=\"13:5-14:112\">\n<li data-sourcepos=\"13:5-13:150\">D\u1ea7u \u0111\u01b0\u1ee3c thi\u1ebft k\u1ebf \u0111\u1ec3 \u0111\u00e1p \u1ee9ng nhu c\u1ea7u c\u1ee7a c\u00e1c h\u1ec7 th\u1ed1ng th\u1ee7y l\u1ef1c hi\u1ec7n \u0111\u1ea1i, bao g\u1ed3m hi\u1ec7u su\u1ea5t \u00e1p su\u1ea5t c\u1ef1c cao \u0111\u01b0\u1ee3c t\u0103ng c\u01b0\u1eddng trong th\u1eed nghi\u1ec7m FZG.<\/li>\n<li data-sourcepos=\"14:5-14:112\">N\u00f3 c\u0169ng th\u1ec3 hi\u1ec7n hi\u1ec7u su\u1ea5t tuy\u1ec7t v\u1eddi trong c\u00e1c th\u1eed nghi\u1ec7m Denison T6H20C v\u00e0 Eaton Vickers 35VQ25 kh\u1eaft khe.<\/li>\n<\/ul>\n<\/li>\n<li data-sourcepos=\"15:1-18:31\"><strong>Duy tr\u00ec hi\u1ec7u qu\u1ea3 h\u1ec7 th\u1ed1ng:<\/strong>\n<ul data-sourcepos=\"16:5-18:31\">\n<li data-sourcepos=\"16:5-16:151\">Kh\u1ea3 n\u0103ng l\u1ecdc tuy\u1ec7t v\u1eddi v\u00e0 kh\u1ea3 n\u0103ng t\u00e1ch n\u01b0\u1edbc, tho\u00e1t kh\u00ed v\u00e0 ch\u1ed1ng t\u1ea1o b\u1ecdt hi\u1ec7u su\u1ea5t cao gi\u00fap duy tr\u00ec ho\u1eb7c n\u00e2ng cao hi\u1ec7u qu\u1ea3 c\u1ee7a h\u1ec7 th\u1ed1ng th\u1ee7y l\u1ef1c.<\/li>\n<li data-sourcepos=\"17:5-17:150\">\u0110\u1ed9 s\u1ea1ch c\u1ee7a d\u1ea7u gi\u00fap gi\u1ea3m t\u00e1c \u0111\u1ed9ng c\u1ee7a ch\u1ea5t g\u00e2y \u00f4 nhi\u1ec5m l\u00ean s\u1ef1 t\u1eafc ngh\u1ebdn b\u1ed9 l\u1ecdc, cho ph\u00e9p k\u00e9o d\u00e0i tu\u1ed5i th\u1ecd b\u1ed9 l\u1ecdc v\u00e0 t\u0103ng c\u01b0\u1eddng b\u1ea3o v\u1ec7 thi\u1ebft b\u1ecb.<\/li>\n<li data-sourcepos=\"18:5-18:31\">T\u00ednh n\u0103ng ch\u1ed1ng gi\u1eadt c\u1ee5c.<\/li>\n<\/ul>\n<\/li>\n<\/ul>\n<p><img decoding=\"async\" title=\"shell-tellus-s2-vx15-1-2\" src=\"https:\/\/yenhung.com\/wp-content\/uploads\/2025\/11\/shell-tellus-s2-vx15-1-2.jpg\" alt=\"Shell Tellus S2 VX15\" data-thumb=\"grande\" \/><\/p>\n<ul data-sourcepos=\"5:1-23:0\">\n<li data-sourcepos=\"19:1-23:0\"><strong>\u1ee8ng d\u1ee5ng:<\/strong>\n<ul data-sourcepos=\"20:5-23:0\">\n<li data-sourcepos=\"20:5-20:43\">Thi\u1ebft b\u1ecb th\u1ee7y l\u1ef1c di \u0111\u1ed9ng\/ngo\u00e0i tr\u1eddi.<\/li>\n<li data-sourcepos=\"21:5-21:34\">H\u1ec7 th\u1ed1ng th\u1ee7y l\u1ef1c ch\u00ednh x\u00e1c.<\/li>\n<li data-sourcepos=\"22:5-23:0\">H\u1ec7 th\u1ed1ng th\u1ee7y l\u1ef1c tr\u00ean t\u00e0u bi\u1ec3n.<\/li>\n<\/ul>\n<\/li>\n<\/ul>\n<p data-sourcepos=\"24:1-24:22\"><strong>Th\u00f4ng tin b\u1ed5 sung:<\/strong><\/p>\n<p data-sourcepos=\"24:1-24:22\"><strong><img decoding=\"async\" title=\"dau-thuy-luc-shell-tellus-s2-vx15-209l-1-1\" src=\"https:\/\/yenhung.com\/wp-content\/uploads\/2025\/11\/dau-thuy-luc-shell-tellus-s2-vx15-209l-1-1.jpg\" alt=\"D\u1ea7u th\u1ee7y l\u1ef1c Shell Tellus S2 VX15 - (209L\/phuy)\" data-thumb=\"large\" \/><\/strong><\/p>\n<ul data-sourcepos=\"26:1-28:0\">\n<li data-sourcepos=\"26:1-26:109\">Shell Tellus S2 VX 15 l\u00e0 s\u1ef1 k\u1ebf th\u1eeba tr\u1ef1c ti\u1ebfp c\u1ee7a Shell Tellus S2 V 15, v\u1edbi s\u1ef1 c\u1ea3i ti\u1ebfn \u0111\u00e1ng k\u1ec3 v\u1ec1 d\u1ea7u g\u1ed1c.<\/li>\n<li data-sourcepos=\"27:1-28:0\">N\u00f3 \u0111\u00e1p \u1ee9ng nhi\u1ec1u th\u00f4ng s\u1ed1 k\u1ef9 thu\u1eadt v\u00e0 ph\u00ea duy\u1ec7t c\u1ee7a OEM.<\/li>\n<\/ul>\n<p data-sourcepos=\"29:1-29:175\">T\u00f3m l\u1ea1i, Shell Tellus S2 VX 15 l\u00e0 m\u1ed9t lo\u1ea1i d\u1ea7u th\u1ee7y l\u1ef1c ch\u1ea5t l\u01b0\u1ee3ng cao \u0111\u01b0\u1ee3c thi\u1ebft k\u1ebf \u0111\u1ec3 mang l\u1ea1i hi\u1ec7u su\u1ea5t \u0111\u00e1ng tin c\u1eady v\u00e0 b\u1ea3o v\u1ec7 trong c\u00e1c \u1ee9ng d\u1ee5ng th\u1ee7y l\u1ef1c \u0111\u00f2i h\u1ecfi kh\u1eaft khe.<\/p>\n<\/div>\n","protected":false},"excerpt":{"rendered":"<p>T\u00ean sa\u0309n ph\u00e2\u0309m:\u00a0Shell Tellus S2 VX15<\/p>\n","protected":false},"featured_media":8826,"comment_status":"closed","ping_status":"closed","template":"","meta":[],"product_brand":[],"product_cat":[168],"product_tag":[],"class_list":{"0":"post-8825","1":"product","2":"type-product","3":"status-publish","4":"has-post-thumbnail","6":"product_cat-shell","8":"first","9":"instock","10":"shipping-taxable","11":"product-type-simple"},"_links":{"self":[{"href":"https:\/\/yenhung.com\/index.php?rest_route=\/wp\/v2\/product\/8825","targetHints":{"allow":["GET"]}}],"collection":[{"href":"https:\/\/yenhung.com\/index.php?rest_route=\/wp\/v2\/product"}],"about":[{"href":"https:\/\/yenhung.com\/index.php?rest_route=\/wp\/v2\/types\/product"}],"replies":[{"embeddable":true,"href":"https:\/\/yenhung.com\/index.php?rest_route=%2Fwp%2Fv2%2Fcomments&post=8825"}],"wp:featuredmedia":[{"embeddable":true,"href":"https:\/\/yenhung.com\/index.php?rest_route=\/wp\/v2\/media\/8826"}],"wp:attachment":[{"href":"https:\/\/yenhung.com\/index.php?rest_route=%2Fwp%2Fv2%2Fmedia&parent=8825"}],"wp:term":[{"taxonomy":"product_brand","embeddable":true,"href":"https:\/\/yenhung.com\/index.php?rest_route=%2Fwp%2Fv2%2Fproduct_brand&post=8825"},{"taxonomy":"product_cat","embeddable":true,"href":"https:\/\/yenhung.com\/index.php?rest_route=%2Fwp%2Fv2%2Fproduct_cat&post=8825"},{"taxonomy":"product_tag","embeddable":true,"href":"https:\/\/yenhung.com\/index.php?rest_route=%2Fwp%2Fv2%2Fproduct_tag&post=8825"}],"curies":[{"name":"wp","href":"https:\/\/api.w.org\/{rel}","templated":true}]}}