{"id":8833,"date":"2025-11-10T09:02:19","date_gmt":"2025-11-10T09:02:19","guid":{"rendered":"https:\/\/yenhung.com\/?product=mo-shell-gadus-s2-v220-0-18kg"},"modified":"2026-01-30T09:22:35","modified_gmt":"2026-01-30T09:22:35","slug":"mo-shell-gadus-s2-v220-0-18kg","status":"publish","type":"product","link":"https:\/\/yenhung.com\/?product=mo-shell-gadus-s2-v220-0-18kg","title":{"rendered":"M\u1ee1 &#8211; SHELL GADUS S2 V220 0 &#8211; 18Kg"},"content":{"rendered":"<div class=\"ba-text-fpt\">\n<h2 data-sourcepos=\"1:1-1:147\"><strong>M\u1ee1 &#8211; SHELL GADUS S2 V220 0 &#8211; 18Kg<\/strong><\/h2>\n<p data-sourcepos=\"1:1-1:147\">Shell Gadus S2 V220 0 l\u00e0 m\u1ed9t lo\u1ea1i m\u1ee1 b\u00f4i tr\u01a1n \u0111a d\u1ee5ng, ch\u1ecbu c\u1ef1c \u00e1p, \u0111\u01b0\u1ee3c s\u1ea3n xu\u1ea5t b\u1edfi Shell. D\u01b0\u1edbi \u0111\u00e2y l\u00e0 m\u1ed9t s\u1ed1 th\u00f4ng tin chi ti\u1ebft v\u1ec1 s\u1ea3n ph\u1ea9m n\u00e0y:<\/p>\n<p data-sourcepos=\"1:1-1:147\"><img decoding=\"async\" title=\"shell-gadus-s2-v220-0-2-1\" src=\"https:\/\/yenhung.com\/wp-content\/uploads\/2025\/11\/shell-gadus-s2-v220-0-2-1.jpg\" alt=\"M\u1ee1 - SHELL GADUS S2 V220 0 - 18Kg\" data-thumb=\"large\" \/><\/p>\n<p data-sourcepos=\"3:1-3:21\"><strong>\u0110\u1eb7c \u0111i\u1ec3m n\u1ed5i b\u1eadt:<\/strong><\/p>\n<ul data-sourcepos=\"5:1-19:0\">\n<li data-sourcepos=\"5:1-6:96\"><strong>\u0110a d\u1ee5ng:<\/strong>\n<ul data-sourcepos=\"6:5-6:96\">\n<li data-sourcepos=\"6:5-6:96\">Shell Gadus S2 V220 0 \u0111\u01b0\u1ee3c thi\u1ebft k\u1ebf \u0111\u1ec3 s\u1eed d\u1ee5ng trong nhi\u1ec1u \u1ee9ng d\u1ee5ng c\u00f4ng nghi\u1ec7p kh\u00e1c nhau.<\/li>\n<\/ul>\n<\/li>\n<li data-sourcepos=\"7:1-8:110\"><strong>Ch\u1ecbu c\u1ef1c \u00e1p (EP):<\/strong>\n<ul data-sourcepos=\"8:5-8:110\">\n<li data-sourcepos=\"8:5-8:110\">Kh\u1ea3 n\u0103ng ch\u1ecbu t\u1ea3i cao, b\u1ea3o v\u1ec7 c\u00e1c b\u1ed9 ph\u1eadn m\u00e1y m\u00f3c kh\u1ecfi m\u00e0i m\u00f2n trong \u0111i\u1ec1u ki\u1ec7n t\u1ea3i tr\u1ecdng n\u1eb7ng v\u00e0 va \u0111\u1eadp.<\/li>\n<\/ul>\n<\/li>\n<li data-sourcepos=\"9:1-10:89\"><strong>Ch\u1ed1ng \u0103n m\u00f2n:<\/strong>\n<ul data-sourcepos=\"10:5-10:89\">\n<li data-sourcepos=\"10:5-10:89\">B\u1ea3o v\u1ec7 c\u00e1c b\u1ed9 ph\u1eadn m\u00e1y m\u00f3c kh\u1ecfi r\u1ec9 s\u00e9t v\u00e0 \u0103n m\u00f2n, \u0111\u1eb7c bi\u1ec7t trong m\u00f4i tr\u01b0\u1eddng \u1ea9m \u01b0\u1edbt.<\/li>\n<\/ul>\n<\/li>\n<li data-sourcepos=\"11:1-12:81\"><strong>\u1ed4n \u0111\u1ecbnh c\u01a1 h\u1ecdc:<\/strong>\n<ul data-sourcepos=\"12:5-12:81\">\n<li data-sourcepos=\"12:5-12:81\">Duy tr\u00ec \u0111\u1ed9 \u0111\u1eb7c v\u00e0 hi\u1ec7u su\u1ea5t b\u00f4i tr\u01a1n ngay c\u1ea3 khi ch\u1ecbu t\u00e1c \u0111\u1ed9ng c\u01a1 h\u1ecdc m\u1ea1nh.<\/li>\n<\/ul>\n<\/li>\n<li data-sourcepos=\"13:1-14:55\"><strong>Ch\u1ecbu nhi\u1ec7t:<\/strong>\n<ul data-sourcepos=\"14:5-14:55\">\n<li data-sourcepos=\"14:5-14:55\">C\u00f3 th\u1ec3 ho\u1ea1t \u0111\u1ed9ng trong m\u1ed9t ph\u1ea1m vi nhi\u1ec7t \u0111\u1ed9 r\u1ed9ng.<\/li>\n<\/ul>\n<\/li>\n<li data-sourcepos=\"15:1-16:109\"><strong>G\u1ed1c Lithium:<\/strong>\n<ul data-sourcepos=\"16:5-16:109\">\n<li data-sourcepos=\"16:5-16:109\">M\u1ee1 g\u1ed1c lithium c\u00f3 nhi\u1ec1u \u0111\u1eb7c t\u00ednh v\u01b0\u1ee3t tr\u1ed9i nh\u01b0: b\u00e1m d\u00ednh t\u1ed1t, ch\u1ed1ng \u0103n m\u00f2n, ch\u1ecbu nhi\u1ec7t v\u00e0 ch\u1ecbu t\u1ea3i t\u1ed1t.<\/li>\n<\/ul>\n<\/li>\n<li data-sourcepos=\"17:1-19:0\"><strong>\u0110\u1ed9 xuy\u00ean kim NLGI 0:<\/strong>\n<ul data-sourcepos=\"18:5-19:0\">\n<li data-sourcepos=\"18:5-19:0\">M\u1ee1 n\u00e0y c\u00f3 \u0111\u1ed9 xuy\u00ean kim NLGI c\u1ea5p 0 (r\u1ea5t m\u1ec1m). M\u1ee1 n\u00e0y mang l\u1ea1i kh\u1ea3 n\u0103ng b\u00f4i tr\u01a1n t\u1ed1i \u01b0u cho c\u00e1c \u1ed5 tr\u01b0\u1ee3t, b\u1ea1c l\u00f3t v\u00e0 c\u00e1c ch\u1ed1t trong c\u00f4ng nghi\u1ec7p.<\/li>\n<\/ul>\n<\/li>\n<\/ul>\n<p data-sourcepos=\"20:1-20:13\"><strong>\u1ee8ng d\u1ee5ng:<\/strong><\/p>\n<p data-sourcepos=\"20:1-20:13\"><strong><img decoding=\"async\" title=\"shell-gadus-s2-v220-0-1-2\" src=\"https:\/\/yenhung.com\/wp-content\/uploads\/2025\/11\/shell-gadus-s2-v220-0-1-2.jpg\" alt=\"SHELL GADUS S2 V220 0\" data-thumb=\"large\" \/><\/strong><\/p>\n<ul data-sourcepos=\"22:1-26:0\">\n<li data-sourcepos=\"22:1-22:33\">\u1ed4 bi v\u00e0 \u1ed5 tr\u01b0\u1ee3t t\u1ea3i tr\u1ecdng n\u1eb7ng.<\/li>\n<li data-sourcepos=\"23:1-23:34\">C\u00e1c h\u1ec7 th\u1ed1ng b\u00f4i tr\u01a1n t\u1eadp trung.<\/li>\n<li data-sourcepos=\"24:1-24:106\">C\u00e1c \u1ee9ng d\u1ee5ng trong ng\u00e0nh c\u00f4ng nghi\u1ec7p th\u00e9p, khai th\u00e1c m\u1ecf, x\u00e2y d\u1ef1ng v\u00e0 nhi\u1ec1u ng\u00e0nh c\u00f4ng nghi\u1ec7p kh\u00e1c.<\/li>\n<li data-sourcepos=\"25:1-26:0\">S\u1eed d\u1ee5ng cho c\u00e1c h\u1ec7 th\u1ed1ng b\u00f4i tr\u01a1n m\u00e1y c\u00e1n th\u00e9p, n\u01a1i m\u00e0 lo\u1ea1i m\u1ee1 m\u1ec1m \u0111\u01b0\u1ee3c y\u00eau c\u1ea7u cho c\u00e1c h\u1ec7 th\u1ed1ng b\u01a1m ph\u00e2n ph\u1ed1i m\u1ee1 \u0111\u1eb7c bi\u1ec7t. \u00a0<button aria-controls=\"sources\" aria-describedby=\"cdk-describedby-message-ng-1-26\" aria-expanded=\"false\"><\/button><\/li>\n<\/ul>\n<p data-sourcepos=\"27:1-27:12\"><strong>L\u1ee3i \u00edch:<\/strong><\/p>\n<p data-sourcepos=\"27:1-27:12\"><strong><img decoding=\"async\" title=\"shell-gadus-s2-v220-0-1-3b7c06e6-1a64-49d8-9e05-aadd797306ab-1\" src=\"https:\/\/yenhung.com\/wp-content\/uploads\/2025\/11\/shell-gadus-s2-v220-0-1-3b7c06e6-1a64-49d8-9e05-aadd797306ab-1.jpg\" alt=\"M\u1ee1 - SHELL GADUS S2 V220 0 - 18Kg\" data-thumb=\"large\" \/><\/strong><\/p>\n<ul data-sourcepos=\"29:1-33:0\">\n<li data-sourcepos=\"29:1-29:41\">B\u1ea3o v\u1ec7 m\u00e1y m\u00f3c kh\u1ecfi m\u00e0i m\u00f2n v\u00e0 h\u01b0 h\u1ecfng.<\/li>\n<li data-sourcepos=\"30:1-30:32\">K\u00e9o d\u00e0i tu\u1ed5i th\u1ecd c\u1ee7a thi\u1ebft b\u1ecb.<\/li>\n<li data-sourcepos=\"31:1-31:52\">Gi\u1ea3m chi ph\u00ed b\u1ea3o tr\u00ec v\u00e0 th\u1eddi gian ng\u1eebng ho\u1ea1t \u0111\u1ed9ng.<\/li>\n<li data-sourcepos=\"32:1-33:0\">Ho\u1ea1t \u0111\u1ed9ng t\u1ed1t trong \u0111i\u1ec1u ki\u1ec7n kh\u1eafc nghi\u1ec7t.<\/li>\n<\/ul>\n<p data-sourcepos=\"34:1-34:10\"><strong>L\u01b0u \u00fd:<\/strong><\/p>\n<ul data-sourcepos=\"36:1-38:0\">\n<li data-sourcepos=\"36:1-36:86\">Lu\u00f4n tham kh\u1ea3o h\u01b0\u1edbng d\u1eabn c\u1ee7a nh\u00e0 s\u1ea3n xu\u1ea5t thi\u1ebft b\u1ecb \u0111\u1ec3 ch\u1ecdn lo\u1ea1i m\u1ee1 b\u00f4i tr\u01a1n ph\u00f9 h\u1ee3p.<\/li>\n<li data-sourcepos=\"37:1-38:0\">B\u1ea3o qu\u1ea3n m\u1ee1 \u1edf n\u01a1i kh\u00f4 r\u00e1o, tho\u00e1ng m\u00e1t, tr\u00e1nh \u00e1nh n\u1eafng tr\u1ef1c ti\u1ebfp v\u00e0 nhi\u1ec7t \u0111\u1ed9 cao.<\/li>\n<\/ul>\n<p data-sourcepos=\"39:1-39:121\">Shell Gadus S2 V220 0 l\u00e0 m\u1ed9t l\u1ef1a ch\u1ecdn \u0111\u00e1ng tin c\u1eady cho c\u00e1c \u1ee9ng d\u1ee5ng b\u00f4i tr\u01a1n c\u00f4ng nghi\u1ec7p \u0111\u00f2i h\u1ecfi hi\u1ec7u su\u1ea5t cao v\u00e0 \u0111\u1ed9 b\u1ec1n.<\/p>\n<\/div>\n","protected":false},"excerpt":{"rendered":"<p>T\u00ean sa\u0309n ph\u00e2\u0309m:\u00a0SHELL GADUS S2 V220 0<\/p>\n","protected":false},"featured_media":8834,"comment_status":"closed","ping_status":"closed","template":"","meta":[],"product_brand":[],"product_cat":[168],"product_tag":[],"class_list":{"0":"post-8833","1":"product","2":"type-product","3":"status-publish","4":"has-post-thumbnail","6":"product_cat-shell","8":"first","9":"instock","10":"shipping-taxable","11":"product-type-simple"},"_links":{"self":[{"href":"https:\/\/yenhung.com\/index.php?rest_route=\/wp\/v2\/product\/8833","targetHints":{"allow":["GET"]}}],"collection":[{"href":"https:\/\/yenhung.com\/index.php?rest_route=\/wp\/v2\/product"}],"about":[{"href":"https:\/\/yenhung.com\/index.php?rest_route=\/wp\/v2\/types\/product"}],"replies":[{"embeddable":true,"href":"https:\/\/yenhung.com\/index.php?rest_route=%2Fwp%2Fv2%2Fcomments&post=8833"}],"wp:featuredmedia":[{"embeddable":true,"href":"https:\/\/yenhung.com\/index.php?rest_route=\/wp\/v2\/media\/8834"}],"wp:attachment":[{"href":"https:\/\/yenhung.com\/index.php?rest_route=%2Fwp%2Fv2%2Fmedia&parent=8833"}],"wp:term":[{"taxonomy":"product_brand","embeddable":true,"href":"https:\/\/yenhung.com\/index.php?rest_route=%2Fwp%2Fv2%2Fproduct_brand&post=8833"},{"taxonomy":"product_cat","embeddable":true,"href":"https:\/\/yenhung.com\/index.php?rest_route=%2Fwp%2Fv2%2Fproduct_cat&post=8833"},{"taxonomy":"product_tag","embeddable":true,"href":"https:\/\/yenhung.com\/index.php?rest_route=%2Fwp%2Fv2%2Fproduct_tag&post=8833"}],"curies":[{"name":"wp","href":"https:\/\/api.w.org\/{rel}","templated":true}]}}