{"id":8849,"date":"2025-11-10T09:02:48","date_gmt":"2025-11-10T09:02:48","guid":{"rendered":"https:\/\/yenhung.com\/?product=dau-banh-rang-tong-hop-shell-omala-s4-we-460"},"modified":"2026-01-30T09:20:32","modified_gmt":"2026-01-30T09:20:32","slug":"dau-banh-rang-tong-hop-shell-omala-s4-we-460","status":"publish","type":"product","link":"https:\/\/yenhung.com\/?product=dau-banh-rang-tong-hop-shell-omala-s4-we-460","title":{"rendered":"D\u1ea6U B\u00c1NH R\u0102NG T\u1ed4NG H\u1ee2P SHELL OMALA S4 WE 460"},"content":{"rendered":"<div class=\"ba-text-fpt\">\n<h2 data-sourcepos=\"1:1-1:68\"><strong>Shell Omala S4 WE 460<\/strong><\/h2>\n<h2 data-sourcepos=\"1:1-1:68\">D\u1ea7u b\u00e1nh r\u0103ng c\u00f4ng nghi\u1ec7p t\u1ed5ng h\u1ee3p cao c\u1ea5p<\/h2>\n<p><img decoding=\"async\" title=\"dau-banh-rang-tong-hop-shell-omala-s4-we-460-a-1750213956863-1\" src=\"https:\/\/yenhung.com\/wp-content\/uploads\/2025\/11\/dau-banh-rang-tong-hop-shell-omala-s4-we-460-a-1750213956863-1.jpg\" alt=\"D\u1ea6U B\u00c1NH R\u0102NG T\u1ed4NG H\u1ee2P SHELL OMALA S4 WE 460\" data-thumb=\"large\" \/><\/p>\n<p data-sourcepos=\"3:1-3:313\"><strong>Shell Omala S4 WE 460<\/strong> l\u00e0 m\u1ed9t lo\u1ea1i d\u1ea7u b\u00e1nh r\u0103ng c\u00f4ng nghi\u1ec7p t\u1ed5ng h\u1ee3p cao c\u1ea5p, \u0111\u01b0\u1ee3c pha ch\u1ebf t\u1eeb d\u1ea7u g\u1ed1c polyalkylene glycol (PAG) v\u00e0 c\u00e1c ph\u1ee5 gia \u0111\u1eb7c bi\u1ec7t. S\u1ea3n ph\u1ea9m n\u00e0y \u0111\u01b0\u1ee3c thi\u1ebft k\u1ebf \u0111\u1eb7c bi\u1ec7t \u0111\u1ec3 s\u1eed d\u1ee5ng trong c\u00e1c h\u1ec7 th\u1ed1ng truy\u1ec1n \u0111\u1ed9ng b\u00e1nh r\u0103ng tr\u1ee5c v\u00edt c\u00f4ng nghi\u1ec7p, n\u01a1i \u0111\u00f2i h\u1ecfi hi\u1ec7u su\u1ea5t cao v\u00e0 \u0111\u1ed9 b\u1ec1n v\u01b0\u1ee3t tr\u1ed9i.<\/p>\n<h3 data-sourcepos=\"5:1-5:47\">\u0110\u1eb7c \u0111i\u1ec3m n\u1ed5i b\u1eadt c\u1ee7a Shell Omala S4 WE 460:<\/h3>\n<ul data-sourcepos=\"7:1-12:0\">\n<li data-sourcepos=\"7:1-7:122\"><strong>Hi\u1ec7u su\u1ea5t n\u0103ng l\u01b0\u1ee3ng cao:<\/strong> Gi\u1ea3m ma s\u00e1t v\u00e0 nhi\u1ec7t \u0111\u1ed9 ho\u1ea1t \u0111\u1ed9ng, gi\u00fap ti\u1ebft ki\u1ec7m n\u0103ng l\u01b0\u1ee3ng v\u00e0 k\u00e9o d\u00e0i tu\u1ed5i th\u1ecd thi\u1ebft b\u1ecb.<\/li>\n<li data-sourcepos=\"8:1-8:111\"><strong>Ch\u1ecbu t\u1ea3i tr\u1ecdng cao:<\/strong> B\u1ea3o v\u1ec7 b\u00e1nh r\u0103ng kh\u1ecfi m\u00e0i m\u00f2n, \u0103n m\u00f2n, \u0111\u1eb7c bi\u1ec7t trong \u0111i\u1ec1u ki\u1ec7n t\u1ea3i tr\u1ecdng va \u0111\u1eadp l\u1edbn.<\/li>\n<li data-sourcepos=\"9:1-9:86\"><strong>\u1ed4n \u0111\u1ecbnh nhi\u1ec7t \u0111\u1ed9:<\/strong> Duy tr\u00ec \u0111\u1ed9 nh\u1edbt \u1ed5n \u0111\u1ecbnh trong \u0111i\u1ec1u ki\u1ec7n nhi\u1ec7t \u0111\u1ed9 thay \u0111\u1ed5i l\u1edbn.<\/li>\n<li data-sourcepos=\"10:1-10:99\"><strong>Kh\u1ea3 n\u0103ng t\u00e1ch n\u01b0\u1edbc t\u1ed1t:<\/strong> Ng\u0103n ng\u1eeba s\u1ef1 h\u00ecnh th\u00e0nh emulsion, b\u1ea3o v\u1ec7 c\u00e1c thi\u1ebft b\u1ecb kh\u1ecfi s\u1ef1 \u0103n m\u00f2n.<\/li>\n<li data-sourcepos=\"11:1-12:0\"><strong>Tu\u1ed5i th\u1ecd d\u1ea7u cao:<\/strong> Nh\u1edd kh\u1ea3 n\u0103ng ch\u1ed1ng oxy h\u00f3a v\u00e0 ph\u00e2n h\u1ee7y t\u1ed1t, d\u1ea7u c\u00f3 tu\u1ed5i th\u1ecd cao, gi\u1ea3m t\u1ea7n su\u1ea5t thay d\u1ea7u.<\/li>\n<\/ul>\n<h3 data-sourcepos=\"13:1-13:39\">\u1ee8ng d\u1ee5ng c\u1ee7a Shell Omala S4 WE 460:<\/h3>\n<p><img decoding=\"async\" title=\"dau-banh-rang-tong-hop-shell-omala-s4-we-460-b-1750213956247-1\" src=\"https:\/\/yenhung.com\/wp-content\/uploads\/2025\/11\/dau-banh-rang-tong-hop-shell-omala-s4-we-460-b-1750213956247-1.jpg\" alt=\"D\u1ea6U B\u00c1NH R\u0102NG T\u1ed4NG H\u1ee2P SHELL OMALA S4 WE 460\" data-thumb=\"large\" \/><\/p>\n<ul data-sourcepos=\"15:1-17:0\">\n<li data-sourcepos=\"15:1-15:126\"><strong>H\u1ec7 th\u1ed1ng b\u00e1nh r\u0103ng tr\u1ee5c v\u00edt c\u00f4ng nghi\u1ec7p:<\/strong> S\u1eed d\u1ee5ng trong c\u00e1c h\u1ed9p s\u1ed1 tr\u1ee5c v\u00edt c\u00f4ng nghi\u1ec7p, m\u00e1y \u00e9p, m\u00e1y tr\u1ed9n, m\u00e1y nghi\u1ec1n,&#8230;<\/li>\n<li data-sourcepos=\"16:1-17:0\"><strong>C\u00e1c \u1ee9ng d\u1ee5ng \u0111\u00f2i h\u1ecfi t\u1ea3i tr\u1ecdng cao:<\/strong> M\u00e1y c\u00e1n, m\u00e1y nghi\u1ec1n, m\u00e1y \u00e9p th\u1ee7y l\u1ef1c,&#8230;<\/li>\n<\/ul>\n<h3 data-sourcepos=\"20:1-20:46\">L\u1ee3i \u00edch khi s\u1eed d\u1ee5ng Shell Omala S4 WE 460:<\/h3>\n<p><img decoding=\"async\" title=\"dau-banh-rang-tong-hop-shell-omala-s4-we-460-c-jpeg-1750213955836-2\" src=\"https:\/\/yenhung.com\/wp-content\/uploads\/2025\/11\/dau-banh-rang-tong-hop-shell-omala-s4-we-460-c-jpeg-1750213955836-2.jpg\" alt=\"D\u1ea6U B\u00c1NH R\u0102NG T\u1ed4NG H\u1ee2P SHELL OMALA S4 WE 460\" data-thumb=\"large\" \/><\/p>\n<ul data-sourcepos=\"22:1-26:0\">\n<li data-sourcepos=\"22:1-22:110\"><strong>T\u0103ng tu\u1ed5i th\u1ecd thi\u1ebft b\u1ecb:<\/strong> Gi\u1ea3m thi\u1ec3u s\u1ef1 m\u00e0i m\u00f2n v\u00e0 h\u01b0 h\u1ecfng, gi\u00fap thi\u1ebft b\u1ecb ho\u1ea1t \u0111\u1ed9ng \u1ed5n \u0111\u1ecbnh v\u00e0 b\u1ec1n b\u1ec9 h\u01a1n.<\/li>\n<li data-sourcepos=\"23:1-23:115\"><strong>N\u00e2ng cao hi\u1ec7u su\u1ea5t:<\/strong> Gi\u1ea3m ma s\u00e1t gi\u00fap thi\u1ebft b\u1ecb ho\u1ea1t \u0111\u1ed9ng tr\u01a1n tru h\u01a1n, ti\u1ebft ki\u1ec7m n\u0103ng l\u01b0\u1ee3ng v\u00e0 t\u0103ng n\u0103ng su\u1ea5t.<\/li>\n<li data-sourcepos=\"24:1-24:73\"><strong>Gi\u1ea3m chi ph\u00ed b\u1ea3o tr\u00ec:<\/strong> Gi\u1ea3m t\u1ea7n su\u1ea5t b\u1ea3o d\u01b0\u1ee1ng v\u00e0 s\u1eeda ch\u1eefa thi\u1ebft b\u1ecb.<\/li>\n<li data-sourcepos=\"25:1-26:0\"><strong>B\u1ea3o v\u1ec7 m\u00f4i tr\u01b0\u1eddng:<\/strong> S\u1ea3n ph\u1ea9m th\u00e2n thi\u1ec7n v\u1edbi m\u00f4i tr\u01b0\u1eddng, kh\u00f4ng g\u00e2y h\u1ea1i cho ng\u01b0\u1eddi s\u1eed d\u1ee5ng v\u00e0 thi\u1ebft b\u1ecb.<\/li>\n<\/ul>\n<\/div>\n","protected":false},"excerpt":{"rendered":"<p>T\u00ean sa\u0309n ph\u00e2\u0309m:\u00a0SHELL OMALA S4 WE 460<\/p>\n","protected":false},"featured_media":8850,"comment_status":"closed","ping_status":"closed","template":"","meta":[],"product_brand":[],"product_cat":[168],"product_tag":[],"class_list":{"0":"post-8849","1":"product","2":"type-product","3":"status-publish","4":"has-post-thumbnail","6":"product_cat-shell","8":"first","9":"instock","10":"shipping-taxable","11":"product-type-simple"},"_links":{"self":[{"href":"https:\/\/yenhung.com\/index.php?rest_route=\/wp\/v2\/product\/8849","targetHints":{"allow":["GET"]}}],"collection":[{"href":"https:\/\/yenhung.com\/index.php?rest_route=\/wp\/v2\/product"}],"about":[{"href":"https:\/\/yenhung.com\/index.php?rest_route=\/wp\/v2\/types\/product"}],"replies":[{"embeddable":true,"href":"https:\/\/yenhung.com\/index.php?rest_route=%2Fwp%2Fv2%2Fcomments&post=8849"}],"wp:featuredmedia":[{"embeddable":true,"href":"https:\/\/yenhung.com\/index.php?rest_route=\/wp\/v2\/media\/8850"}],"wp:attachment":[{"href":"https:\/\/yenhung.com\/index.php?rest_route=%2Fwp%2Fv2%2Fmedia&parent=8849"}],"wp:term":[{"taxonomy":"product_brand","embeddable":true,"href":"https:\/\/yenhung.com\/index.php?rest_route=%2Fwp%2Fv2%2Fproduct_brand&post=8849"},{"taxonomy":"product_cat","embeddable":true,"href":"https:\/\/yenhung.com\/index.php?rest_route=%2Fwp%2Fv2%2Fproduct_cat&post=8849"},{"taxonomy":"product_tag","embeddable":true,"href":"https:\/\/yenhung.com\/index.php?rest_route=%2Fwp%2Fv2%2Fproduct_tag&post=8849"}],"curies":[{"name":"wp","href":"https:\/\/api.w.org\/{rel}","templated":true}]}}