{"id":8865,"date":"2025-11-10T09:03:13","date_gmt":"2025-11-10T09:03:13","guid":{"rendered":"https:\/\/yenhung.com\/?product=dau-shell-tellus-s2-mx-100-20l-xo"},"modified":"2026-01-30T09:18:55","modified_gmt":"2026-01-30T09:18:55","slug":"dau-shell-tellus-s2-mx-100-20l-xo","status":"publish","type":"product","link":"https:\/\/yenhung.com\/?product=dau-shell-tellus-s2-mx-100-20l-xo","title":{"rendered":"D\u1ea7u Shell Tellus S2 MX 100 (20L\/x\u00f4)"},"content":{"rendered":"<div class=\"ba-text-fpt\">\n<h2 data-sourcepos=\"1:1-1:53\">Shell Tellus S2 MX 100: D\u1ea7u th\u1ee7y l\u1ef1c hi\u1ec7u n\u0103ng cao<\/h2>\n<p><strong>Shell Tellus S2 MX 100<\/strong> l\u00e0 m\u1ed9t lo\u1ea1i d\u1ea7u th\u1ee7y l\u1ef1c ch\u1ea5t l\u01b0\u1ee3ng cao, \u0111\u01b0\u1ee3c \u0111\u1eb7c ch\u1ebf t\u1eeb d\u1ea7u g\u1ed1c nh\u00f3m II mang l\u1ea1i s\u1ef1 b\u1ea3o v\u1ec7 v\u00e0 t\u00ednh n\u0103ng v\u01b0\u1ee3t tr\u1ed9i trong h\u1ea7u h\u1ebft c\u00e1c thi\u1ebft b\u1ecb s\u1ea3n xu\u1ea5t<\/p>\n<p><img decoding=\"async\" title=\"dau-shell-tellus-s2-mx-100-a-1750149483745-1\" src=\"https:\/\/yenhung.com\/wp-content\/uploads\/2025\/11\/dau-shell-tellus-s2-mx-100-a-1750149483745-1.jpg\" alt=\"D\u1ea7u Shell Tellus S2 MX 100 (20L\/x\u00f4)\" data-thumb=\"large\" \/><\/p>\n<h3 data-sourcepos=\"5:1-5:47\">\u0110\u1eb7c \u0111i\u1ec3m n\u1ed5i b\u1eadt c\u1ee7a Shell Tellus S2 MX 100<\/h3>\n<ul data-sourcepos=\"7:1-12:0\">\n<li data-sourcepos=\"7:1-7:77\"><strong>\u0110\u1ed9 b\u1ec1n cao:<\/strong> D\u1ea7u c\u00f3 kh\u1ea3 n\u0103ng ch\u1ed1ng ph\u00e2n h\u1ee7y do \u1ee9ng su\u1ea5t nhi\u1ec7t v\u00e0 c\u01a1 h\u1ecdc.<\/li>\n<li data-sourcepos=\"8:1-8:73\"><strong>Ch\u1ed1ng m\u00e0i m\u00f2n:<\/strong> B\u1ea3o v\u1ec7 c\u00e1c b\u1ed9 ph\u1eadn th\u1ee7y l\u1ef1c kh\u1ecfi s\u1ef1 m\u00e0i m\u00f2n, \u0103n m\u00f2n.<\/li>\n<li data-sourcepos=\"9:1-9:86\"><strong>\u1ed4n \u0111\u1ecbnh nhi\u1ec7t \u0111\u1ed9:<\/strong> Duy tr\u00ec \u0111\u1ed9 nh\u1edbt \u1ed5n \u0111\u1ecbnh trong \u0111i\u1ec1u ki\u1ec7n nhi\u1ec7t \u0111\u1ed9 thay \u0111\u1ed5i l\u1edbn.<\/li>\n<li data-sourcepos=\"10:1-10:99\"><strong>Kh\u1ea3 n\u0103ng t\u00e1ch n\u01b0\u1edbc t\u1ed1t:<\/strong> Ng\u0103n ng\u1eeba s\u1ef1 h\u00ecnh th\u00e0nh emulsion, b\u1ea3o v\u1ec7 c\u00e1c thi\u1ebft b\u1ecb kh\u1ecfi s\u1ef1 \u0103n m\u00f2n.<\/li>\n<li data-sourcepos=\"11:1-12:0\"><strong>Tu\u1ed5i th\u1ecd d\u1ea7u cao:<\/strong> Nh\u1edd kh\u1ea3 n\u0103ng ch\u1ed1ng oxy h\u00f3a v\u00e0 ph\u00e2n h\u1ee7y t\u1ed1t, d\u1ea7u c\u00f3 tu\u1ed5i th\u1ecd cao, gi\u1ea3m t\u1ea7n su\u1ea5t thay d\u1ea7u.<\/li>\n<\/ul>\n<h3 data-sourcepos=\"13:1-13:39\">\u1ee8ng d\u1ee5ng c\u1ee7a Shell Tellus S2 MX 100<\/h3>\n<p><img decoding=\"async\" title=\"dau-shell-tellus-s2-mx-100-c-1750149483182-1\" src=\"https:\/\/yenhung.com\/wp-content\/uploads\/2025\/11\/dau-shell-tellus-s2-mx-100-c-1750149483182-1.jpg\" alt=\"D\u1ea7u Shell Tellus S2 MX 100 (20L\/x\u00f4)\" data-thumb=\"large\" \/><\/p>\n<ul data-sourcepos=\"15:1-18:0\">\n<li data-sourcepos=\"15:1-15:86\"><strong>H\u1ec7 th\u1ed1ng th\u1ee7y l\u1ef1c c\u00f4ng nghi\u1ec7p:<\/strong> M\u00e1y \u00e9p, m\u00e1y \u0111\u00f9n, m\u00e1y c\u1eaft, m\u00e1y CNC, m\u00e1y c\u00f4ng c\u1ee5&#8230;<\/li>\n<li data-sourcepos=\"16:1-16:61\"><strong>H\u1ec7 th\u1ed1ng th\u1ee7y l\u1ef1c di \u0111\u1ed9ng:<\/strong> Xe n\u00e2ng, m\u00e1y x\u00fac, m\u00e1y \u0111\u00e0o&#8230;<\/li>\n<li data-sourcepos=\"17:1-18:0\"><strong>H\u1ec7 th\u1ed1ng th\u1ee7y l\u1ef1c trong c\u00e1c ng\u00e0nh c\u00f4ng nghi\u1ec7p:<\/strong> Th\u00e9p, gi\u1ea5y, xi m\u0103ng, nh\u1ef1a&#8230;<\/li>\n<li data-sourcepos=\"17:1-18:0\"><img decoding=\"async\" title=\"dau-shell-tellus-s2-mx-100-d-1750149482608-2\" src=\"https:\/\/yenhung.com\/wp-content\/uploads\/2025\/11\/dau-shell-tellus-s2-mx-100-d-1750149482608-2.jpg\" alt=\"D\u1ea7u Shell Tellus S2 MX 100 (20L\/x\u00f4)\" data-thumb=\"large\" \/><\/li>\n<\/ul>\n<h3 data-sourcepos=\"21:1-21:46\">L\u1ee3i \u00edch khi s\u1eed d\u1ee5ng Shell Tellus S2 MX 100<\/h3>\n<ul data-sourcepos=\"23:1-27:0\">\n<li data-sourcepos=\"23:1-23:110\"><strong>T\u0103ng tu\u1ed5i th\u1ecd thi\u1ebft b\u1ecb:<\/strong> Gi\u1ea3m thi\u1ec3u s\u1ef1 m\u00e0i m\u00f2n v\u00e0 h\u01b0 h\u1ecfng, gi\u00fap thi\u1ebft b\u1ecb ho\u1ea1t \u0111\u1ed9ng \u1ed5n \u0111\u1ecbnh v\u00e0 b\u1ec1n b\u1ec9 h\u01a1n.<\/li>\n<li data-sourcepos=\"24:1-24:115\"><strong>N\u00e2ng cao hi\u1ec7u su\u1ea5t:<\/strong> Gi\u1ea3m ma s\u00e1t gi\u00fap thi\u1ebft b\u1ecb ho\u1ea1t \u0111\u1ed9ng tr\u01a1n tru h\u01a1n, ti\u1ebft ki\u1ec7m n\u0103ng l\u01b0\u1ee3ng v\u00e0 t\u0103ng n\u0103ng su\u1ea5t.<\/li>\n<li data-sourcepos=\"25:1-25:73\"><strong>Gi\u1ea3m chi ph\u00ed b\u1ea3o tr\u00ec:<\/strong> Gi\u1ea3m t\u1ea7n su\u1ea5t b\u1ea3o d\u01b0\u1ee1ng v\u00e0 s\u1eeda ch\u1eefa thi\u1ebft b\u1ecb.<\/li>\n<li data-sourcepos=\"26:1-27:0\"><strong>B\u1ea3o v\u1ec7 m\u00f4i tr\u01b0\u1eddng:<\/strong> S\u1ea3n ph\u1ea9m th\u00e2n thi\u1ec7n v\u1edbi m\u00f4i tr\u01b0\u1eddng.<\/li>\n<\/ul>\n<\/div>\n","protected":false},"excerpt":{"rendered":"<p>T\u00ean sa\u0309n ph\u00e2\u0309m:\u00a0Shell Tellus S2 MX 100<\/p>\n","protected":false},"featured_media":8866,"comment_status":"closed","ping_status":"closed","template":"","meta":[],"product_brand":[],"product_cat":[168],"product_tag":[],"class_list":{"0":"post-8865","1":"product","2":"type-product","3":"status-publish","4":"has-post-thumbnail","6":"product_cat-shell","8":"first","9":"instock","10":"shipping-taxable","11":"product-type-simple"},"_links":{"self":[{"href":"https:\/\/yenhung.com\/index.php?rest_route=\/wp\/v2\/product\/8865","targetHints":{"allow":["GET"]}}],"collection":[{"href":"https:\/\/yenhung.com\/index.php?rest_route=\/wp\/v2\/product"}],"about":[{"href":"https:\/\/yenhung.com\/index.php?rest_route=\/wp\/v2\/types\/product"}],"replies":[{"embeddable":true,"href":"https:\/\/yenhung.com\/index.php?rest_route=%2Fwp%2Fv2%2Fcomments&post=8865"}],"wp:featuredmedia":[{"embeddable":true,"href":"https:\/\/yenhung.com\/index.php?rest_route=\/wp\/v2\/media\/8866"}],"wp:attachment":[{"href":"https:\/\/yenhung.com\/index.php?rest_route=%2Fwp%2Fv2%2Fmedia&parent=8865"}],"wp:term":[{"taxonomy":"product_brand","embeddable":true,"href":"https:\/\/yenhung.com\/index.php?rest_route=%2Fwp%2Fv2%2Fproduct_brand&post=8865"},{"taxonomy":"product_cat","embeddable":true,"href":"https:\/\/yenhung.com\/index.php?rest_route=%2Fwp%2Fv2%2Fproduct_cat&post=8865"},{"taxonomy":"product_tag","embeddable":true,"href":"https:\/\/yenhung.com\/index.php?rest_route=%2Fwp%2Fv2%2Fproduct_tag&post=8865"}],"curies":[{"name":"wp","href":"https:\/\/api.w.org\/{rel}","templated":true}]}}