{"id":8873,"date":"2025-11-10T09:03:19","date_gmt":"2025-11-10T09:03:19","guid":{"rendered":"https:\/\/yenhung.com\/?product=dau-shell-rimula-r4x-20w50-ci4-209l"},"modified":"2026-01-30T09:17:22","modified_gmt":"2026-01-30T09:17:22","slug":"dau-shell-rimula-r4x-20w50-ci4-209l","status":"publish","type":"product","link":"https:\/\/yenhung.com\/?product=dau-shell-rimula-r4x-20w50-ci4-209l","title":{"rendered":"D\u1ea7u &#8211; SHELL RIMULA R4X 20W50 CI4 &#8211; 209L"},"content":{"rendered":"<div class=\"ba-text-fpt\">\n<h2 data-sourcepos=\"1:1-1:89\">Nh\u1edbt Shell Rimula R4 20W50 (209L\/Phuy): Gi\u1ea3i ph\u00e1p ho\u00e0n h\u1ea3o cho \u0111\u1ed9ng c\u01a1 diesel t\u1ea3i n\u1eb7ng<\/h2>\n<p><img decoding=\"async\" title=\"nho-t-shell-rimula-r4-20w50-1\" src=\"https:\/\/yenhung.com\/wp-content\/uploads\/2025\/11\/nho-t-shell-rimula-r4-20w50-1.jpg\" alt=\"Nh\u1edbt shell rimula r4 20w50 (209l\/phuy)\" data-thumb=\"large\" \/><\/p>\n<p data-sourcepos=\"3:1-3:325\"><strong>Shell Rimula R4 20W50<\/strong> l\u00e0 m\u1ed9t lo\u1ea1i d\u1ea7u nh\u1edbt \u0111\u1ed9ng c\u01a1 diesel ch\u1ea5t l\u01b0\u1ee3ng cao, \u0111\u01b0\u1ee3c thi\u1ebft k\u1ebf \u0111\u1eb7c bi\u1ec7t \u0111\u1ec3 \u0111\u00e1p \u1ee9ng nhu c\u1ea7u c\u1ee7a c\u00e1c \u0111\u1ed9ng c\u01a1 diesel t\u1ea3i n\u1eb7ng ho\u1ea1t \u0111\u1ed9ng trong \u0111i\u1ec1u ki\u1ec7n kh\u1eafc nghi\u1ec7t. V\u1edbi c\u00f4ng th\u1ee9c ti\u00ean ti\u1ebfn v\u00e0 c\u00e1c ph\u1ee5 gia \u0111\u1eb7c bi\u1ec7t, s\u1ea3n ph\u1ea9m n\u00e0y mang l\u1ea1i hi\u1ec7u su\u1ea5t v\u01b0\u1ee3t tr\u1ed9i, b\u1ea3o v\u1ec7 \u0111\u1ed9ng c\u01a1 t\u1ed1i \u01b0u v\u00e0 k\u00e9o d\u00e0i tu\u1ed5i th\u1ecd.<\/p>\n<h3 data-sourcepos=\"5:1-5:47\">\u0110\u1eb7c \u0111i\u1ec3m n\u1ed5i b\u1eadt c\u1ee7a Shell Rimula R4 20W50:<\/h3>\n<ul data-sourcepos=\"7:1-11:0\">\n<li data-sourcepos=\"7:1-7:173\"><strong>C\u00f4ng ngh\u1ec7 b\u1ea3o v\u1ec7 \u0111\u1ed9ng n\u0103ng:<\/strong> C\u00f4ng ngh\u1ec7 n\u00e0y gi\u00fap t\u1ea1o ra m\u1ed9t l\u1edbp m\u00e0ng b\u1ea3o v\u1ec7 ch\u1eafc ch\u1eafn tr\u00ean c\u00e1c b\u1ec1 m\u1eb7t kim lo\u1ea1i, gi\u1ea3m ma s\u00e1t, m\u00e0i m\u00f2n v\u00e0 \u0103n m\u00f2n, k\u00e9o d\u00e0i tu\u1ed5i th\u1ecd \u0111\u1ed9ng c\u01a1.<\/li>\n<li data-sourcepos=\"8:1-8:127\"><strong>Ch\u1ecbu nhi\u1ec7t \u0111\u1ed9 cao:<\/strong> D\u1ea7u nh\u1edbt c\u00f3 kh\u1ea3 n\u0103ng ch\u1ecbu \u0111\u01b0\u1ee3c nhi\u1ec7t \u0111\u1ed9 cao, gi\u00fap b\u1ea3o v\u1ec7 \u0111\u1ed9ng c\u01a1 trong \u0111i\u1ec1u ki\u1ec7n l\u00e0m vi\u1ec7c kh\u1eafc nghi\u1ec7t.<\/li>\n<li data-sourcepos=\"9:1-9:92\"><strong>L\u00e0m s\u1ea1ch \u0111\u1ed9ng c\u01a1:<\/strong> Gi\u00fap lo\u1ea1i b\u1ecf c\u1eb7n b\u1ea9n v\u00e0 mu\u1ed9i than, duy tr\u00ec hi\u1ec7u su\u1ea5t \u0111\u1ed9ng c\u01a1 t\u1ed1i \u01b0u.<\/li>\n<li data-sourcepos=\"10:1-11:0\"><strong>B\u1ea3o v\u1ec7 h\u1ec7 th\u1ed1ng x\u1eed l\u00fd kh\u00ed th\u1ea3i:<\/strong> Gi\u00fap k\u00e9o d\u00e0i tu\u1ed5i th\u1ecd c\u1ee7a h\u1ec7 th\u1ed1ng x\u1eed l\u00fd kh\u00ed th\u1ea3i.<\/li>\n<\/ul>\n<h3 data-sourcepos=\"12:1-12:13\">\u1ee8ng d\u1ee5ng:<\/h3>\n<ul data-sourcepos=\"14:1-16:0\">\n<li data-sourcepos=\"14:1-14:80\"><strong>\u0110\u1ed9ng c\u01a1 diesel t\u1ea3i n\u1eb7ng:<\/strong> Xe t\u1ea3i, xe kh\u00e1ch, xe c\u00f4ng tr\u00ecnh, m\u00e1y ph\u00e1t \u0111i\u1ec7n&#8230;<\/li>\n<li data-sourcepos=\"15:1-16:0\"><strong>\u0110\u1ed9ng c\u01a1 diesel l\u00e0m vi\u1ec7c trong \u0111i\u1ec1u ki\u1ec7n kh\u1eafc nghi\u1ec7t:<\/strong> M\u00f4i tr\u01b0\u1eddng b\u1ee5i b\u1ea9n, nhi\u1ec7t \u0111\u1ed9 cao, t\u1ea3i tr\u1ecdng n\u1eb7ng.<\/li>\n<\/ul>\n<h3 data-sourcepos=\"17:1-17:24\">L\u1ee3i \u00edch khi s\u1eed d\u1ee5ng:<\/h3>\n<ul data-sourcepos=\"19:1-23:0\">\n<li data-sourcepos=\"19:1-19:108\"><strong>T\u0103ng tu\u1ed5i th\u1ecd \u0111\u1ed9ng c\u01a1:<\/strong> Gi\u1ea3m thi\u1ec3u s\u1ef1 m\u00e0i m\u00f2n v\u00e0 h\u01b0 h\u1ecfng, gi\u00fap \u0111\u1ed9ng c\u01a1 ho\u1ea1t \u0111\u1ed9ng \u1ed5n \u0111\u1ecbnh v\u00e0 b\u1ec1n b\u1ec9 h\u01a1n.<\/li>\n<li data-sourcepos=\"20:1-20:114\"><strong>N\u00e2ng cao hi\u1ec7u su\u1ea5t:<\/strong> Gi\u1ea3m ma s\u00e1t gi\u00fap \u0111\u1ed9ng c\u01a1 ho\u1ea1t \u0111\u1ed9ng tr\u01a1n tru h\u01a1n, ti\u1ebft ki\u1ec7m nhi\u00ean li\u1ec7u v\u00e0 t\u0103ng n\u0103ng su\u1ea5t.<\/li>\n<li data-sourcepos=\"21:1-21:72\"><strong>Gi\u1ea3m chi ph\u00ed b\u1ea3o tr\u00ec:<\/strong> Gi\u1ea3m t\u1ea7n su\u1ea5t b\u1ea3o d\u01b0\u1ee1ng v\u00e0 s\u1eeda ch\u1eefa \u0111\u1ed9ng c\u01a1.<\/li>\n<li data-sourcepos=\"22:1-23:0\"><strong>B\u1ea3o v\u1ec7 m\u00f4i tr\u01b0\u1eddng:<\/strong> S\u1ea3n ph\u1ea9m th\u00e2n thi\u1ec7n v\u1edbi m\u00f4i tr\u01b0\u1eddng, \u0111\u00e1p \u1ee9ng c\u00e1c ti\u00eau chu\u1ea9n kh\u00ed th\u1ea3i.<\/li>\n<\/ul>\n<\/div>\n","protected":false},"excerpt":{"rendered":"<p>T\u00ean sa\u0309n ph\u00e2\u0309m:\u00a0Nh\u1edbt shell rimula r4 20w50 (209l\/phuy)<\/p>\n","protected":false},"featured_media":8874,"comment_status":"closed","ping_status":"closed","template":"","meta":[],"product_brand":[],"product_cat":[168],"product_tag":[],"class_list":{"0":"post-8873","1":"product","2":"type-product","3":"status-publish","4":"has-post-thumbnail","6":"product_cat-shell","8":"first","9":"instock","10":"shipping-taxable","11":"product-type-simple"},"_links":{"self":[{"href":"https:\/\/yenhung.com\/index.php?rest_route=\/wp\/v2\/product\/8873","targetHints":{"allow":["GET"]}}],"collection":[{"href":"https:\/\/yenhung.com\/index.php?rest_route=\/wp\/v2\/product"}],"about":[{"href":"https:\/\/yenhung.com\/index.php?rest_route=\/wp\/v2\/types\/product"}],"replies":[{"embeddable":true,"href":"https:\/\/yenhung.com\/index.php?rest_route=%2Fwp%2Fv2%2Fcomments&post=8873"}],"wp:featuredmedia":[{"embeddable":true,"href":"https:\/\/yenhung.com\/index.php?rest_route=\/wp\/v2\/media\/8874"}],"wp:attachment":[{"href":"https:\/\/yenhung.com\/index.php?rest_route=%2Fwp%2Fv2%2Fmedia&parent=8873"}],"wp:term":[{"taxonomy":"product_brand","embeddable":true,"href":"https:\/\/yenhung.com\/index.php?rest_route=%2Fwp%2Fv2%2Fproduct_brand&post=8873"},{"taxonomy":"product_cat","embeddable":true,"href":"https:\/\/yenhung.com\/index.php?rest_route=%2Fwp%2Fv2%2Fproduct_cat&post=8873"},{"taxonomy":"product_tag","embeddable":true,"href":"https:\/\/yenhung.com\/index.php?rest_route=%2Fwp%2Fv2%2Fproduct_tag&post=8873"}],"curies":[{"name":"wp","href":"https:\/\/api.w.org\/{rel}","templated":true}]}}