{"id":8878,"date":"2025-11-10T09:03:25","date_gmt":"2025-11-10T09:03:25","guid":{"rendered":"https:\/\/yenhung.com\/?product=shell-s2-fra-68-xo-20l"},"modified":"2025-12-30T03:10:37","modified_gmt":"2025-12-30T03:10:37","slug":"shell-s2-fra-68-xo-20l","status":"publish","type":"product","link":"https:\/\/yenhung.com\/?product=shell-s2-fra-68-xo-20l","title":{"rendered":"D\u1ea6U M\u00c1Y N\u00c9N L\u1ea0NH &#8211; SHELL S2 FRA 68 x\u00f4 20L"},"content":{"rendered":"<div class=\"ba-text-fpt\">\n<h2 data-sourcepos=\"1:1-1:45\"><strong>SHELL S2 FRA 68 x\u00f4 20L<\/strong><\/h2>\n<h2 data-sourcepos=\"1:1-1:45\">D\u1ea7u m\u00e1y n\u00e9n l\u1ea1nh cao c\u1ea5p<\/h2>\n<p><img decoding=\"async\" title=\"shell-s2-fra-68-c-1750232851933-1\" src=\"https:\/\/yenhung.com\/wp-content\/uploads\/2025\/11\/shell-s2-fra-68-c-1750232851933-1.jpg\" alt=\"SHELL S2 FRA 68 x\u00f4 20L\" data-thumb=\"large\" \/><\/p>\n<p data-sourcepos=\"3:1-3:230\"><strong>Shell S2 FR-A 68<\/strong> l\u00e0 m\u1ed9t lo\u1ea1i d\u1ea7u m\u00e1y n\u00e9n l\u1ea1nh \u0111\u1eb7c bi\u1ec7t, \u0111\u01b0\u1ee3c pha ch\u1ebf t\u1eeb d\u1ea7u g\u1ed1c parafin tinh ch\u1ebf v\u00e0 c\u00e1c ph\u1ee5 gia ch\u1ecdn l\u1ecdc. S\u1ea3n ph\u1ea9m n\u00e0y \u0111\u01b0\u1ee3c thi\u1ebft k\u1ebf \u0111\u1ec3 b\u00f4i tr\u01a1n c\u00e1c m\u00e1y n\u00e9n l\u1ea1nh c\u00f4ng nghi\u1ec7p s\u1eed d\u1ee5ng m\u00f4i ch\u1ea5t l\u1ea1nh amoniac (NH3).<\/p>\n<h3 data-sourcepos=\"5:1-5:41\">\u0110\u1eb7c t\u00ednh n\u1ed5i b\u1eadt c\u1ee7a Shell S2 FR-A 68<\/h3>\n<p><img decoding=\"async\" title=\"shell-s2-fra-68-b-1750232669268-1\" src=\"https:\/\/yenhung.com\/wp-content\/uploads\/2025\/11\/shell-s2-fra-68-b-1750232669268-1.jpg\" alt=\"SHELL S2 FRA 68 x\u00f4 20L\" data-thumb=\"large\" \/><\/p>\n<ul data-sourcepos=\"7:1-11:0\">\n<li data-sourcepos=\"7:1-7:93\"><strong>\u0110\u1ed9 h\u00f2a tr\u1ed9n th\u1ea5p:<\/strong> Gi\u00fap t\u00e1ch d\u1ea7u v\u00e0 kh\u00ed l\u1ea1nh d\u1ec5 d\u00e0ng, \u0111\u1ea3m b\u1ea3o hi\u1ec7u su\u1ea5t l\u00e0m l\u1ea1nh t\u1ed1i \u01b0u.<\/li>\n<li data-sourcepos=\"8:1-8:119\"><strong>\u1ed4n \u0111\u1ecbnh nhi\u1ec7t \u0111\u1ed9:<\/strong> Ho\u1ea1t \u0111\u1ed9ng t\u1ed1t trong \u0111i\u1ec1u ki\u1ec7n nhi\u1ec7t \u0111\u1ed9 cao v\u00e0 thay \u0111\u1ed5i \u0111\u1ed9t ng\u1ed9t, gi\u00fap k\u00e9o d\u00e0i tu\u1ed5i th\u1ecd m\u00e1y n\u00e9n.<\/li>\n<li data-sourcepos=\"9:1-9:92\"><strong>Kh\u1ea3 n\u0103ng ch\u1ed1ng oxy h\u00f3a:<\/strong> Gi\u1ea3m thi\u1ec3u s\u1ef1 h\u00ecnh th\u00e0nh c\u1eb7n, k\u00e9o d\u00e0i tu\u1ed5i th\u1ecd d\u1ea7u v\u00e0 m\u00e1y n\u00e9n.<\/li>\n<li data-sourcepos=\"10:1-11:0\"><strong>\u0110\u1ed9 nh\u1edbt \u1ed5n \u0111\u1ecbnh:<\/strong> Duy tr\u00ec \u0111\u1ed9 nh\u1edbt \u1ed5n \u0111\u1ecbnh trong su\u1ed1t qu\u00e1 tr\u00ecnh ho\u1ea1t \u0111\u1ed9ng, \u0111\u1ea3m b\u1ea3o kh\u1ea3 n\u0103ng b\u00f4i tr\u01a1n t\u1ed1t.<\/li>\n<\/ul>\n<h3 data-sourcepos=\"12:1-12:12\">\u1ee8ng d\u1ee5ng<\/h3>\n<p><img decoding=\"async\" title=\"shell-s2-fra-68-1750232656610-2\" src=\"https:\/\/yenhung.com\/wp-content\/uploads\/2025\/11\/shell-s2-fra-68-1750232656610-2.jpg\" alt=\"SHELL S2 FRA 68 x\u00f4 20L\" data-thumb=\"large\" \/><\/p>\n<ul data-sourcepos=\"14:1-16:0\">\n<li data-sourcepos=\"14:1-14:140\"><strong>M\u00e1y n\u00e9n l\u1ea1nh c\u00f4ng nghi\u1ec7p:<\/strong> S\u1eed d\u1ee5ng r\u1ed9ng r\u00e3i trong c\u00e1c h\u1ec7 th\u1ed1ng l\u00e0m l\u1ea1nh c\u00f4ng nghi\u1ec7p, nh\u00e0 m\u00e1y s\u1ea3n xu\u1ea5t th\u1ef1c ph\u1ea9m, h\u00f3a ch\u1ea5t, d\u01b0\u1ee3c ph\u1ea9m&#8230;<\/li>\n<li data-sourcepos=\"15:1-16:0\"><strong>H\u1ec7 th\u1ed1ng \u0111i\u1ec1u h\u00f2a kh\u00f4ng kh\u00ed trung t\u00e2m:<\/strong> B\u00f4i tr\u01a1n cho c\u00e1c m\u00e1y n\u00e9n l\u1ea1nh trong c\u00e1c h\u1ec7 th\u1ed1ng \u0111i\u1ec1u h\u00f2a kh\u00f4ng kh\u00ed l\u1edbn.<\/li>\n<\/ul>\n<h3 data-sourcepos=\"17:1-17:40\">\u01afu \u0111i\u1ec3m khi s\u1eed d\u1ee5ng Shell S2 FR-A 68<\/h3>\n<ul data-sourcepos=\"19:1-23:0\">\n<li data-sourcepos=\"19:1-19:80\"><strong>T\u0103ng tu\u1ed5i th\u1ecd m\u00e1y n\u00e9n:<\/strong> Nh\u1edd kh\u1ea3 n\u0103ng ch\u1ed1ng oxy h\u00f3a v\u00e0 \u1ed5n \u0111\u1ecbnh nhi\u1ec7t \u0111\u1ed9 cao.<\/li>\n<li data-sourcepos=\"20:1-20:81\"><strong>N\u00e2ng cao hi\u1ec7u su\u1ea5t l\u00e0m l\u1ea1nh:<\/strong> Nh\u1edd \u0111\u1ed9 h\u00f2a tr\u1ed9n th\u1ea5p v\u00e0 kh\u1ea3 n\u0103ng t\u00e1ch d\u1ea7u t\u1ed1t.<\/li>\n<li data-sourcepos=\"21:1-21:63\"><strong>Gi\u1ea3m chi ph\u00ed b\u1ea3o tr\u00ec:<\/strong> Gi\u1ea3m t\u1ea7n su\u1ea5t thay d\u1ea7u v\u00e0 s\u1eeda ch\u1eefa.<\/li>\n<li data-sourcepos=\"22:1-23:0\"><strong>B\u1ea3o v\u1ec7 m\u00f4i tr\u01b0\u1eddng:<\/strong> S\u1ea3n ph\u1ea9m th\u00e2n thi\u1ec7n v\u1edbi m\u00f4i tr\u01b0\u1eddng.<\/li>\n<\/ul>\n<\/div>\n","protected":false},"excerpt":{"rendered":"<p>T\u00ean sa\u0309n ph\u00e2\u0309m:\u00a0SHELL S2 FRA 68<\/p>\n","protected":false},"featured_media":8879,"comment_status":"closed","ping_status":"closed","template":"","meta":[],"product_brand":[],"product_cat":[168],"product_tag":[],"class_list":{"0":"post-8878","1":"product","2":"type-product","3":"status-publish","4":"has-post-thumbnail","6":"product_cat-shell","8":"first","9":"instock","10":"shipping-taxable","11":"product-type-simple"},"_links":{"self":[{"href":"https:\/\/yenhung.com\/index.php?rest_route=\/wp\/v2\/product\/8878","targetHints":{"allow":["GET"]}}],"collection":[{"href":"https:\/\/yenhung.com\/index.php?rest_route=\/wp\/v2\/product"}],"about":[{"href":"https:\/\/yenhung.com\/index.php?rest_route=\/wp\/v2\/types\/product"}],"replies":[{"embeddable":true,"href":"https:\/\/yenhung.com\/index.php?rest_route=%2Fwp%2Fv2%2Fcomments&post=8878"}],"wp:featuredmedia":[{"embeddable":true,"href":"https:\/\/yenhung.com\/index.php?rest_route=\/wp\/v2\/media\/8879"}],"wp:attachment":[{"href":"https:\/\/yenhung.com\/index.php?rest_route=%2Fwp%2Fv2%2Fmedia&parent=8878"}],"wp:term":[{"taxonomy":"product_brand","embeddable":true,"href":"https:\/\/yenhung.com\/index.php?rest_route=%2Fwp%2Fv2%2Fproduct_brand&post=8878"},{"taxonomy":"product_cat","embeddable":true,"href":"https:\/\/yenhung.com\/index.php?rest_route=%2Fwp%2Fv2%2Fproduct_cat&post=8878"},{"taxonomy":"product_tag","embeddable":true,"href":"https:\/\/yenhung.com\/index.php?rest_route=%2Fwp%2Fv2%2Fproduct_tag&post=8878"}],"curies":[{"name":"wp","href":"https:\/\/api.w.org\/{rel}","templated":true}]}}