{"id":8886,"date":"2025-11-10T09:03:37","date_gmt":"2025-11-10T09:03:37","guid":{"rendered":"https:\/\/yenhung.com\/?product=dau-nhon-shell-spirax-s2-g140-20l"},"modified":"2025-12-29T08:08:24","modified_gmt":"2025-12-29T08:08:24","slug":"dau-nhon-shell-spirax-s2-g140-20l","status":"publish","type":"product","link":"https:\/\/yenhung.com\/?product=dau-nhon-shell-spirax-s2-g140-20l","title":{"rendered":"D\u1ea6U H\u1ed8P S\u1ed0 &#8211; SHELL SPIRAX S2 G140 &#8211; 20L"},"content":{"rendered":"<div class=\"ba-text-fpt\">\n<h2 data-sourcepos=\"1:1-1:197\"><strong>D\u1ea6U H\u1ed8P S\u1ed0 &#8211; SHELL SPIRAX S2 G140 &#8211; 20L<\/strong><\/h2>\n<p><strong><img decoding=\"async\" title=\"shell-spirax-s2-g140-1-1\" src=\"https:\/\/yenhung.com\/wp-content\/uploads\/2025\/11\/shell-spirax-s2-g140-1-1.jpg\" alt=\"D\u1ea6U NH\u1edcN - SHELL SPIRAX S2 G140 - 20L\" data-thumb=\"large\" \/><\/strong><\/p>\n<p data-sourcepos=\"1:1-1:197\">L\u00e0 lo\u1ea1i <strong>d\u1ea7u h\u1ed9p s\u1ed1 \u00f4 t\u00f4 ch\u1ea5t l\u01b0\u1ee3ng cao<\/strong> c\u1ee7a Shell, thu\u1ed9c d\u00f2ng s\u1ea3n ph\u1ea9m Shell Spirax S2 G, v\u1edbi \u0111\u1ed9 nh\u1edbt <strong>SAE 140<\/strong> v\u00e0 \u0111\u01b0\u1ee3c \u0111\u00f3ng g\u00f3i trong <strong>th\u00f9ng 20 l\u00edt<\/strong>.<\/p>\n<p data-sourcepos=\"1:1-1:197\"><img decoding=\"async\" title=\"shell-spirax-s2-g140-20l-1-2\" src=\"https:\/\/yenhung.com\/wp-content\/uploads\/2025\/11\/shell-spirax-s2-g140-20l-1-2.jpg\" alt=\"SHELL SPIRAX S2 G140 - 20L\" data-thumb=\"large\" \/><\/p>\n<p data-sourcepos=\"3:1-3:30\"><strong>\u0110\u1eb7c \u0111i\u1ec3m v\u00e0 L\u1ee3i \u00edch ch\u00ednh:<\/strong><\/p>\n<ul data-sourcepos=\"5:1-11:0\">\n<li data-sourcepos=\"5:1-5:155\"><strong>C\u1ea5p ch\u1ea5t l\u01b0\u1ee3ng API GL-4:<\/strong> \u0110\u01b0\u1ee3c pha ch\u1ebf v\u1edbi c\u00e1c ph\u1ee5 gia \u0111a ch\u1ee9c n\u0103ng c\u1ea7n thi\u1ebft cho \u0111i\u1ec1u ki\u1ec7n c\u1ef1c \u00e1p trung b\u00ecnh, ph\u00f9 h\u1ee3p v\u1edbi c\u00e1c y\u00eau c\u1ea7u c\u1ee7a h\u1ed9p s\u1ed1 tay.<\/li>\n<li data-sourcepos=\"6:1-6:150\"><strong>Ch\u1ed1ng m\u00e0i m\u00f2n v\u00e0 \u0103n m\u00f2n:<\/strong> C\u00e1c ph\u1ee5 gia \u0111\u01b0\u1ee3c l\u1ef1a ch\u1ecdn \u0111\u1eb7c bi\u1ec7t gi\u00fap b\u1ea3o v\u1ec7 b\u00e1nh r\u0103ng kh\u1ecfi m\u00e0i m\u00f2n, r\u1ec9 s\u00e9t v\u00e0 \u0103n m\u00f2n, k\u00e9o d\u00e0i tu\u1ed5i th\u1ecd c\u1ee7a thi\u1ebft b\u1ecb.<\/li>\n<li data-sourcepos=\"7:1-7:128\"><strong>\u1ed4n \u0111\u1ecbnh oxy h\u00f3a t\u1ed1t:<\/strong> Gi\u00fap duy tr\u00ec \u0111\u1ed9 s\u1ea1ch c\u1ee7a d\u1ea7u, ng\u0103n ng\u1eeba s\u1ef1 h\u00ecnh th\u00e0nh c\u1eb7n b\u1ea9n v\u00e0 c\u1eb7n d\u1ea7u, t\u1eeb \u0111\u00f3 k\u00e9o d\u00e0i tu\u1ed5i th\u1ecd d\u1ea7u.<\/li>\n<li data-sourcepos=\"8:1-8:139\"><strong>D\u1ea7u g\u1ed1c ch\u1ea5t l\u01b0\u1ee3ng cao:<\/strong> \u0110\u1ea3m b\u1ea3o duy tr\u00ec d\u00f2ng ch\u1ea3y \u1edf nhi\u1ec7t \u0111\u1ed9 th\u1ea5p trong d\u1ea3i nhi\u1ec7t \u0111\u1ed9 thi\u1ebft k\u1ebf v\u00e0 duy tr\u00ec m\u00e0ng d\u1ea7u gi\u1eefa c\u00e1c b\u00e1nh r\u0103ng.<\/li>\n<li data-sourcepos=\"9:1-9:128\"><strong>Ch\u1ecbu t\u1ea3i cao:<\/strong> D\u1ea7u c\u00f3 kh\u1ea3 n\u0103ng ch\u1ecbu \u0111\u01b0\u1ee3c \u0111i\u1ec1u ki\u1ec7n t\u1ea3i n\u1eb7ng v\u00e0 \u00e1p l\u1ef1c cao, l\u00fd t\u01b0\u1edfng cho c\u00e1c \u1ee9ng d\u1ee5ng c\u00f3 t\u1ea3i tr\u1ecdng v\u1eeba ph\u1ea3i.<\/li>\n<li data-sourcepos=\"10:1-11:0\"><strong>T\u01b0\u01a1ng th\u00edch v\u1edbi b\u1ed9 \u0111\u1ed3ng t\u1ed1c:<\/strong> R\u1ea5t th\u00edch h\u1ee3p cho c\u00e1c h\u1ed9p s\u1ed1 c\u00f3 b\u1ed9 \u0111\u1ed3ng t\u1ed1c.<\/li>\n<\/ul>\n<p data-sourcepos=\"12:1-12:23\"><strong>\u1ee8ng d\u1ee5ng ti\u00eau bi\u1ec3u:<\/strong><\/p>\n<p data-sourcepos=\"12:1-12:23\"><strong><img decoding=\"async\" title=\"shell-spirax-s2-g140-2\" src=\"https:\/\/yenhung.com\/wp-content\/uploads\/2025\/11\/shell-spirax-s2-g140-2.jpg\" alt=\"SHELL SPIRAX S2 G140 - 20L\" data-thumb=\"large\" \/><\/strong><\/p>\n<p data-sourcepos=\"14:1-14:46\">Shell Spirax S2 G140 \u0111\u01b0\u1ee3c s\u1eed d\u1ee5ng \u0111\u1ec3 b\u00f4i tr\u01a1n:<\/p>\n<ul data-sourcepos=\"16:1-19:0\">\n<li data-sourcepos=\"16:1-16:176\"><strong>H\u1ed9p s\u1ed1 tay (s\u1ed1 s\u00e0n):<\/strong> D\u00f9ng cho xe m\u00e1y, xe con v\u00e0 xe t\u1ea3i (v\u1eadn t\u1ea3i v\u00e0 c\u00f4ng tr\u01b0\u1eddng) ho\u1ea1t \u0111\u1ed9ng trong \u0111i\u1ec1u ki\u1ec7n t\u1ed1c \u0111\u1ed9 cao\/m\u00f4-men th\u1ea5p v\u00e0 t\u1ed1c \u0111\u1ed9 th\u1ea5p\/m\u00f4-men cao.<\/li>\n<li data-sourcepos=\"17:1-17:311\"><strong>C\u00e1c b\u1ed9 c\u1ea7u xe:<\/strong> Th\u00edch h\u1ee3p cho c\u00e1c \u1ee9ng d\u1ee5ng c\u00f3 \u0111i\u1ec1u ki\u1ec7n kh\u1eafc nghi\u1ec7t trung b\u00ecnh, nh\u01b0 m\u1ed9t s\u1ed1 xe th\u01b0\u01a1ng m\u1ea1i t\u1ea3i tr\u1ecdng nh\u1eb9, xe con, xe m\u00e1y. <strong>L\u01b0u \u00fd: Kh\u00f4ng th\u00edch h\u1ee3p cho c\u00e1c b\u00e1nh r\u0103ng hypoid t\u1ea3i tr\u1ecdng n\u1eb7ng<\/strong> (\u0111\u1ed1i v\u1edbi c\u00e1c c\u1ea7u xe t\u1ea3i n\u1eb7ng, khuy\u1ebfn c\u00e1o s\u1eed d\u1ee5ng d\u1ea7u Shell Spirax S2 A Series \u0111\u1ea1t ti\u00eau chu\u1ea9n API GL-5).<\/li>\n<li data-sourcepos=\"18:1-19:0\">C\u00e1c b\u1ed9 b\u00e1nh r\u0103ng ch\u1ecbu t\u1ea3i v\u1eeba \u0111\u1ebfn n\u1eb7ng trong c\u00e1c thi\u1ebft b\u1ecb t\u0129nh v\u00e0 c\u00e1c thi\u1ebft b\u1ecb ph\u1ee5 tr\u1ee3.<\/li>\n<\/ul>\n<\/div>\n","protected":false},"excerpt":{"rendered":"<p>T\u00ean sa\u0309n ph\u00e2\u0309m:\u00a0D\u1ea6U NH\u1edcN &#8211; SHELL SPIRAX S2 G140 &#8211; 20L<\/p>\n","protected":false},"featured_media":8887,"comment_status":"closed","ping_status":"closed","template":"","meta":[],"product_brand":[],"product_cat":[168],"product_tag":[],"class_list":{"0":"post-8886","1":"product","2":"type-product","3":"status-publish","4":"has-post-thumbnail","6":"product_cat-shell","8":"first","9":"instock","10":"shipping-taxable","11":"product-type-simple"},"_links":{"self":[{"href":"https:\/\/yenhung.com\/index.php?rest_route=\/wp\/v2\/product\/8886","targetHints":{"allow":["GET"]}}],"collection":[{"href":"https:\/\/yenhung.com\/index.php?rest_route=\/wp\/v2\/product"}],"about":[{"href":"https:\/\/yenhung.com\/index.php?rest_route=\/wp\/v2\/types\/product"}],"replies":[{"embeddable":true,"href":"https:\/\/yenhung.com\/index.php?rest_route=%2Fwp%2Fv2%2Fcomments&post=8886"}],"wp:featuredmedia":[{"embeddable":true,"href":"https:\/\/yenhung.com\/index.php?rest_route=\/wp\/v2\/media\/8887"}],"wp:attachment":[{"href":"https:\/\/yenhung.com\/index.php?rest_route=%2Fwp%2Fv2%2Fmedia&parent=8886"}],"wp:term":[{"taxonomy":"product_brand","embeddable":true,"href":"https:\/\/yenhung.com\/index.php?rest_route=%2Fwp%2Fv2%2Fproduct_brand&post=8886"},{"taxonomy":"product_cat","embeddable":true,"href":"https:\/\/yenhung.com\/index.php?rest_route=%2Fwp%2Fv2%2Fproduct_cat&post=8886"},{"taxonomy":"product_tag","embeddable":true,"href":"https:\/\/yenhung.com\/index.php?rest_route=%2Fwp%2Fv2%2Fproduct_tag&post=8886"}],"curies":[{"name":"wp","href":"https:\/\/api.w.org\/{rel}","templated":true}]}}