{"id":8894,"date":"2025-11-10T09:03:43","date_gmt":"2025-11-10T09:03:43","guid":{"rendered":"https:\/\/yenhung.com\/?product=mo-shell-gadus-s3-v220-c3-18kg-xo"},"modified":"2026-01-30T09:16:02","modified_gmt":"2026-01-30T09:16:02","slug":"mo-shell-gadus-s3-v220-c3-18kg-xo","status":"publish","type":"product","link":"https:\/\/yenhung.com\/?product=mo-shell-gadus-s3-v220-c3-18kg-xo","title":{"rendered":"M\u1ee1 B\u00f2 C\u00f4ng Nghi\u1ec7p &#8211; Shell Gadus S3 V220 C3 (18kg\/x\u00f4)"},"content":{"rendered":"<div class=\"ba-text-fpt\">\n<h2><strong>Gi\u1edbi thi\u1ec7u chung:<\/strong><\/h2>\n<p>M\u1ee1 B\u00f2 C\u00f4ng Nghi\u1ec7p Shell Gadus S3 V220 C3 l\u00e0 m\u1ed9t lo\u1ea1i m\u1ee1 b\u00f4i tr\u01a1n \u0111a d\u1ee5ng \u0111\u01b0\u1ee3c s\u1ea3n xu\u1ea5t b\u1edfi Shell, m\u1ed9t trong nh\u1eefng c\u00f4ng ty h\u00e0ng \u0111\u1ea7u th\u1ebf gi\u1edbi v\u1ec1 l\u0129nh v\u1ef1c n\u0103ng l\u01b0\u1ee3ng v\u00e0 d\u1ea7u nh\u1eddn. S\u1ea3n ph\u1ea9m n\u00e0y \u0111\u01b0\u1ee3c thi\u1ebft k\u1ebf \u0111\u1ec3 cung c\u1ea5p hi\u1ec7u su\u1ea5t t\u1ed1i \u01b0u trong nhi\u1ec1u \u1ee9ng d\u1ee5ng c\u00f4ng nghi\u1ec7p v\u00e0 t\u1ef1 \u0111\u1ed9ng h\u00f3a.<\/p>\n<h2><strong>Th\u00e0nh ph\u1ea7n ch\u00ednh:<\/strong><img decoding=\"async\" title=\"shell-gadus-s3-v220-c3-1-1\" src=\"https:\/\/yenhung.com\/wp-content\/uploads\/2025\/11\/shell-gadus-s3-v220-c3-1-1.jpg\" alt=\"Shell Gadus S3 V220 C3\" data-thumb=\"large\" \/><\/h2>\n<p>Shell Gadus S3 V220 C3 \u0111\u01b0\u1ee3c ch\u1ebf t\u1ea1o t\u1eeb d\u1ea7u kho\u00e1ng ch\u1ea5t l\u01b0\u1ee3ng cao k\u1ebft h\u1ee3p v\u1edbi c\u00e1c ph\u1ee5 gia ti\u00ean ti\u1ebfn nh\u1eb1m cung c\u1ea5p kh\u1ea3 n\u0103ng b\u00f4i tr\u01a1n tuy\u1ec7t v\u1eddi, ch\u1ed1ng oxy h\u00f3a, v\u00e0 kh\u1ea3 n\u0103ng ch\u1ed1ng r\u1ec9 t\u1ed1t. N\u00f3 s\u1eed d\u1ee5ng x\u00e0 ph\u00f2ng lithium l\u00e0m ch\u1ea5t t\u1ea1o \u0111\u1eb7c, gi\u00fap m\u1ee1 gi\u1eef \u1ed5n \u0111\u1ecbnh \u1edf nhi\u1ec7t \u0111\u1ed9 cao v\u00e0 c\u00f3 kh\u1ea3 n\u0103ng ch\u1ecbu t\u1ea3i t\u1ed1t.<\/p>\n<h2><strong>T\u00ednh n\u0103ng s\u1ea3n ph\u1ea9m:<\/strong><\/h2>\n<ol>\n<li><strong>Kh\u1ea3 n\u0103ng b\u00f4i tr\u01a1n v\u01b0\u1ee3t tr\u1ed9i:<\/strong>\u00a0Gi\u00fap gi\u1ea3m ma s\u00e1t v\u00e0 m\u00e0i m\u00f2n gi\u1eefa c\u00e1c b\u1ec1 m\u1eb7t ti\u1ebfp x\u00fac, k\u00e9o d\u00e0i tu\u1ed5i th\u1ecd thi\u1ebft b\u1ecb.<\/li>\n<li><strong>Ch\u1ed1ng oxy h\u00f3a v\u00e0 r\u1ec9 s\u00e9t:<\/strong>\u00a0T\u0103ng c\u01b0\u1eddng b\u1ea3o v\u1ec7 thi\u1ebft b\u1ecb kh\u1ecfi s\u1ef1 \u0103n m\u00f2n v\u00e0 gi\u1ea3m thi\u1ec3u kh\u1ea3 n\u0103ng h\u01b0 h\u1ecfng do oxi h\u00f3a.<\/li>\n<li><strong>\u1ed4n \u0111\u1ecbnh \u1edf nhi\u1ec7t \u0111\u1ed9 cao:<\/strong>\u00a0Duy tr\u00ec t\u00ednh ch\u1ea5t b\u00f4i tr\u01a1n v\u00e0 ng\u0103n ng\u1eeba s\u1ef1 ph\u00e2n h\u1ee7y \u1edf \u0111i\u1ec1u ki\u1ec7n nhi\u1ec7t \u0111\u1ed9 kh\u1eafc nghi\u1ec7t.<\/li>\n<li><strong>\u0110\u1eb7c t\u00ednh ch\u1ed1ng n\u01b0\u1edbc:<\/strong>\u00a0Ph\u00f9 h\u1ee3p cho nh\u1eefng \u1ee9ng d\u1ee5ng trong m\u00f4i tr\u01b0\u1eddng \u1ea9m \u01b0\u1edbt ho\u1eb7c n\u01a1i c\u00f3 ti\u1ebfp x\u00fac v\u1edbi n\u01b0\u1edbc.<\/li>\n<\/ol>\n<h2><strong>\u1ee8ng d\u1ee5ng:<\/strong><\/h2>\n<p>Shell Gadus S3 V220 C3 th\u01b0\u1eddng \u0111\u01b0\u1ee3c s\u1eed d\u1ee5ng trong c\u00e1c l\u0129nh v\u1ef1c nh\u01b0:<\/p>\n<ul>\n<li>C\u00f4ng nghi\u1ec7p ch\u1ebf bi\u1ebfn kim lo\u1ea1i<\/li>\n<li>Ng\u00e0nh x\u00e2y d\u1ef1ng<\/li>\n<li>Thi\u1ebft b\u1ecb n\u00f4ng nghi\u1ec7p<\/li>\n<li>M\u00e1y m\u00f3c c\u00f4ng nghi\u1ec7p<\/li>\n<li>\u1ee8ng d\u1ee5ng trong \u00f4 t\u00f4 v\u00e0 h\u00e0ng h\u1ea3i<\/li>\n<\/ul>\n<h2><strong>H\u01b0\u1edbng d\u1eabn b\u1ea3o qu\u1ea3n:<\/strong><\/h2>\n<ul>\n<li>L\u01b0u tr\u1eef s\u1ea3n ph\u1ea9m \u1edf n\u01a1i kh\u00f4 r\u00e1o, tho\u00e1ng m\u00e1t, tr\u00e1nh \u00e1nh n\u1eafng tr\u1ef1c ti\u1ebfp.<\/li>\n<li>\u0110\u1ea3m b\u1ea3o n\u1eafp s\u1ea3n ph\u1ea9m \u0111\u01b0\u1ee3c \u0111\u1eady k\u00edn sau khi s\u1eed d\u1ee5ng \u0111\u1ec3 gi\u1eef ch\u1ea5t l\u01b0\u1ee3ng.<\/li>\n<\/ul>\n<p><img decoding=\"async\" title=\"shell-gadus-s3-v220-c3-2\" src=\"https:\/\/yenhung.com\/wp-content\/uploads\/2025\/11\/shell-gadus-s3-v220-c3-2.jpg\" alt=\"Shell Gadus S3 V220 C3\" data-thumb=\"large\" \/><\/p>\n<\/div>\n","protected":false},"excerpt":{"rendered":"<p>T\u00ean sa\u0309n ph\u00e2\u0309m:\u00a0Shell Gadus S3 V220 C3<\/p>\n","protected":false},"featured_media":8895,"comment_status":"closed","ping_status":"closed","template":"","meta":[],"product_brand":[],"product_cat":[168],"product_tag":[],"class_list":{"0":"post-8894","1":"product","2":"type-product","3":"status-publish","4":"has-post-thumbnail","6":"product_cat-shell","8":"first","9":"instock","10":"shipping-taxable","11":"product-type-simple"},"_links":{"self":[{"href":"https:\/\/yenhung.com\/index.php?rest_route=\/wp\/v2\/product\/8894","targetHints":{"allow":["GET"]}}],"collection":[{"href":"https:\/\/yenhung.com\/index.php?rest_route=\/wp\/v2\/product"}],"about":[{"href":"https:\/\/yenhung.com\/index.php?rest_route=\/wp\/v2\/types\/product"}],"replies":[{"embeddable":true,"href":"https:\/\/yenhung.com\/index.php?rest_route=%2Fwp%2Fv2%2Fcomments&post=8894"}],"wp:featuredmedia":[{"embeddable":true,"href":"https:\/\/yenhung.com\/index.php?rest_route=\/wp\/v2\/media\/8895"}],"wp:attachment":[{"href":"https:\/\/yenhung.com\/index.php?rest_route=%2Fwp%2Fv2%2Fmedia&parent=8894"}],"wp:term":[{"taxonomy":"product_brand","embeddable":true,"href":"https:\/\/yenhung.com\/index.php?rest_route=%2Fwp%2Fv2%2Fproduct_brand&post=8894"},{"taxonomy":"product_cat","embeddable":true,"href":"https:\/\/yenhung.com\/index.php?rest_route=%2Fwp%2Fv2%2Fproduct_cat&post=8894"},{"taxonomy":"product_tag","embeddable":true,"href":"https:\/\/yenhung.com\/index.php?rest_route=%2Fwp%2Fv2%2Fproduct_tag&post=8894"}],"curies":[{"name":"wp","href":"https:\/\/api.w.org\/{rel}","templated":true}]}}