{"id":8917,"date":"2025-11-10T09:04:01","date_gmt":"2025-11-10T09:04:01","guid":{"rendered":"https:\/\/yenhung.com\/?product=dau-nhon-shell-rimula-r2-extra-15w40-18l"},"modified":"2025-12-29T07:48:47","modified_gmt":"2025-12-29T07:48:47","slug":"dau-nhon-shell-rimula-r2-extra-15w40-18l","status":"publish","type":"product","link":"https:\/\/yenhung.com\/?product=dau-nhon-shell-rimula-r2-extra-15w40-18l","title":{"rendered":"D\u1ea7u \u0111\u1ed9ng c\u01a1 &#8211;  Shell Rimula R2 Extra 15W40 &#8211; CF-4 \/18L"},"content":{"rendered":"<div class=\"ba-text-fpt\">\n<h2 data-sourcepos=\"3:1-3:62\">Shell Rimula R2 Extra 15W40: B\u1ea3o v\u1ec7 \u0111\u1ed9ng c\u01a1 diesel t\u1ea3i n\u1eb7ng<\/h2>\n<h3 data-sourcepos=\"5:1-5:23\">Gi\u1edbi thi\u1ec7u s\u1ea3n ph\u1ea9m<\/h3>\n<p data-sourcepos=\"7:1-7:350\"><strong>Shell Rimula R2 Extra 15W40<\/strong> l\u00e0 d\u1ea7u \u0111\u1ed9ng c\u01a1 diesel ch\u1ea5t l\u01b0\u1ee3ng cao, \u0111\u01b0\u1ee3c \u0111\u1eb7c ch\u1ebf \u0111\u1ec3 b\u00f4i tr\u01a1n c\u00e1c \u0111\u1ed9ng c\u01a1 diesel t\u1ea3i n\u1eb7ng, \u0111\u1eb7c bi\u1ec7t l\u00e0 nh\u1eefng \u0111\u1ed9ng c\u01a1 c\u00f3 turbo t\u0103ng \u00e1p ho\u1ea1t \u0111\u1ed9ng trong \u0111i\u1ec1u ki\u1ec7n kh\u1eafc nghi\u1ec7t. S\u1ea3n ph\u1ea9m n\u00e0y \u0111\u01b0\u1ee3c s\u1ea3n xu\u1ea5t b\u1edfi Shell, m\u1ed9t trong nh\u1eefng th\u01b0\u01a1ng hi\u1ec7u d\u1ea7u nh\u1edbt h\u00e0ng \u0111\u1ea7u th\u1ebf gi\u1edbi, v\u00e0 \u0111\u01b0\u1ee3c tin d\u00f9ng b\u1edfi c\u00e1c nh\u00e0 s\u1ea3n xu\u1ea5t \u0111\u1ed9ng c\u01a1 l\u1edbn.<\/p>\n<p data-sourcepos=\"9:1-9:47\"><img decoding=\"async\" title=\"shell-rimula-r2-extra-15w40-2\" src=\"https:\/\/yenhung.com\/wp-content\/uploads\/2025\/11\/shell-rimula-r2-extra-15w40-2.png\" alt=\"Shell Rimula R2 Extra 15W40\" data-thumb=\"large\" \/><\/p>\n<h3 data-sourcepos=\"11:1-11:19\">\u01afu \u0111i\u1ec3m n\u1ed5i b\u1eadt<\/h3>\n<ul data-sourcepos=\"13:1-17:0\">\n<li data-sourcepos=\"13:1-13:128\"><strong>B\u1ea3o v\u1ec7 to\u00e0n di\u1ec7n:<\/strong> Gi\u00fap b\u1ea3o v\u1ec7 \u0111\u1ed9ng c\u01a1 kh\u1ecfi s\u1ef1 m\u00e0i m\u00f2n, \u0103n m\u00f2n v\u00e0 c\u00e1c t\u00e1c h\u1ea1i kh\u00e1c do qu\u00e1 tr\u00ecnh \u0111\u1ed1t ch\u00e1y nhi\u00ean li\u1ec7u g\u00e2y ra.<\/li>\n<li data-sourcepos=\"14:1-14:141\"><strong>K\u00e9o d\u00e0i tu\u1ed5i th\u1ecd \u0111\u1ed9ng c\u01a1:<\/strong> Nh\u1edd kh\u1ea3 n\u0103ng l\u00e0m s\u1ea1ch v\u01b0\u1ee3t tr\u1ed9i v\u00e0 b\u1ea3o v\u1ec7 c\u00e1c b\u1ed9 ph\u1eadn quan tr\u1ecdng, d\u1ea7u nh\u1edbt n\u00e0y gi\u00fap k\u00e9o d\u00e0i tu\u1ed5i th\u1ecd \u0111\u1ed9ng c\u01a1.<\/li>\n<li data-sourcepos=\"15:1-15:96\"><strong>Gi\u1ea3m ti\u00eau hao nhi\u00ean li\u1ec7u:<\/strong> C\u00f4ng th\u1ee9c \u0111\u1eb7c bi\u1ec7t gi\u00fap gi\u1ea3m ma s\u00e1t, t\u1eeb \u0111\u00f3 ti\u1ebft ki\u1ec7m nhi\u00ean li\u1ec7u.<\/li>\n<li data-sourcepos=\"16:1-17:0\"><strong>Ch\u1ecbu \u0111\u01b0\u1ee3c nhi\u1ec7t \u0111\u1ed9 cao:<\/strong> Duy tr\u00ec \u0111\u1ed9 nh\u1edbt \u1ed5n \u0111\u1ecbnh trong \u0111i\u1ec1u ki\u1ec7n nhi\u1ec7t \u0111\u1ed9 cao, gi\u00fap b\u1ea3o v\u1ec7 \u0111\u1ed9ng c\u01a1 ngay c\u1ea3 khi ho\u1ea1t \u0111\u1ed9ng \u1edf t\u1ea3i tr\u1ecdng n\u1eb7ng.<\/li>\n<\/ul>\n<h3 data-sourcepos=\"18:1-18:12\">\u1ee8ng d\u1ee5ng<\/h3>\n<p><img decoding=\"async\" title=\"shell-rimula-r2-extra-15w40-1-1\" src=\"https:\/\/yenhung.com\/wp-content\/uploads\/2025\/11\/shell-rimula-r2-extra-15w40-1-1.jpg\" alt=\"Shell Rimula R2 Extra 15W40\" data-thumb=\"large\" \/><\/p>\n<ul data-sourcepos=\"20:1-23:0\">\n<li data-sourcepos=\"20:1-20:55\"><strong>Xe t\u1ea3i:<\/strong> C\u00e1c lo\u1ea1i xe t\u1ea3i n\u1eb7ng, xe \u0111\u1ea7u k\u00e9o, xe ben.<\/li>\n<li data-sourcepos=\"21:1-21:35\"><strong>Xe kh\u00e1ch:<\/strong> Xe kh\u00e1ch \u0111\u01b0\u1eddng d\u00e0i.<\/li>\n<li data-sourcepos=\"22:1-23:0\"><strong>M\u00e1y m\u00f3c c\u00f4ng nghi\u1ec7p:<\/strong> C\u00e1c lo\u1ea1i m\u00e1y m\u00f3c s\u1eed d\u1ee5ng \u0111\u1ed9ng c\u01a1 diesel.<\/li>\n<\/ul>\n<h3 data-sourcepos=\"24:1-24:21\">Th\u00f4ng s\u1ed1 k\u1ef9 thu\u1eadt<\/h3>\n<ul data-sourcepos=\"26:1-29:0\">\n<li data-sourcepos=\"26:1-26:25\"><strong>\u0110\u1ed9 nh\u1edbt:<\/strong> SAE 15W-40<\/li>\n<li data-sourcepos=\"27:1-27:26\"><strong>Ti\u00eau chu\u1ea9n:<\/strong> API CF-4<\/li>\n<li data-sourcepos=\"28:1-29:0\"><strong>\u0110\u00f3ng g\u00f3i:<\/strong> 18L, 209L<\/li>\n<\/ul>\n<h3 data-sourcepos=\"30:1-30:11\">L\u1ee3i \u00edch<\/h3>\n<ul data-sourcepos=\"32:1-36:0\">\n<li data-sourcepos=\"32:1-32:65\"><strong>K\u00e9o d\u00e0i chu k\u1ef3 thay nh\u1edbt:<\/strong> Gi\u00fap ti\u1ebft ki\u1ec7m chi ph\u00ed b\u1ea3o d\u01b0\u1ee1ng.<\/li>\n<li data-sourcepos=\"33:1-33:63\"><strong>Ch\u1ed1ng \u0103n m\u00f2n:<\/strong> B\u1ea3o v\u1ec7 c\u00e1c b\u1ed9 ph\u1eadn kim lo\u1ea1i kh\u1ecfi b\u1ecb \u0103n m\u00f2n.<\/li>\n<li data-sourcepos=\"34:1-34:61\"><strong>Ch\u1ed1ng m\u00e0i m\u00f2n:<\/strong> Gi\u1ea3m ma s\u00e1t, b\u1ea3o v\u1ec7 c\u00e1c b\u1ec1 m\u1eb7t ti\u1ebfp x\u00fac.<\/li>\n<li data-sourcepos=\"35:1-36:0\"><strong>Gi\u1eef s\u1ea1ch \u0111\u1ed9ng c\u01a1:<\/strong> Lo\u1ea1i b\u1ecf c\u1eb7n b\u1ea9n v\u00e0 m\u00f9n c\u01b0a, gi\u00fap \u0111\u1ed9ng c\u01a1 ho\u1ea1t \u0111\u1ed9ng \u1ed5n \u0111\u1ecbnh.<\/li>\n<\/ul>\n<h3 data-sourcepos=\"37:1-37:21\">H\u01b0\u1edbng d\u1eabn s\u1eed d\u1ee5ng<\/h3>\n<p><img decoding=\"async\" title=\"shell-rimula-r2-extra-15w40-2-1\" src=\"https:\/\/yenhung.com\/wp-content\/uploads\/2025\/11\/shell-rimula-r2-extra-15w40-2-1.jpg\" alt=\"Shell Rimula R2 Extra 15W40\" data-thumb=\"large\" \/><\/p>\n<ul data-sourcepos=\"39:1-42:0\">\n<li data-sourcepos=\"39:1-39:125\"><strong>Tham kh\u1ea3o h\u01b0\u1edbng d\u1eabn c\u1ee7a nh\u00e0 s\u1ea3n xu\u1ea5t:<\/strong> Lu\u00f4n tu\u00e2n th\u1ee7 h\u01b0\u1edbng d\u1eabn c\u1ee7a nh\u00e0 s\u1ea3n xu\u1ea5t xe v\u1ec1 lo\u1ea1i d\u1ea7u nh\u1edbt v\u00e0 chu k\u1ef3 thay nh\u1edbt.<\/li>\n<li data-sourcepos=\"40:1-40:80\"><strong>Ki\u1ec3m tra m\u1ee9c d\u1ea7u th\u01b0\u1eddng xuy\u00ean:<\/strong> \u0110\u1ea3m b\u1ea3o l\u01b0\u1ee3ng d\u1ea7u nh\u1edbt lu\u00f4n \u1edf m\u1ee9c quy \u0111\u1ecbnh.<\/li>\n<li data-sourcepos=\"41:1-42:0\"><strong>Thay d\u1ea7u \u0111\u00fang \u0111\u1ecbnh k\u1ef3:<\/strong> Thay d\u1ea7u nh\u1edbt theo \u0111\u00fang l\u1ecbch tr\u00ecnh b\u1ea3o d\u01b0\u1ee1ng.<\/li>\n<\/ul>\n<p><strong>Th\u00f4ng tin li\u00ean h\u1ec7\u00a0<\/strong><\/p>\n<p>\u2013 S\u0110T: 0397433258 (Mr. Long)<\/p>\n<p>&nbsp;<\/p>\n<\/div>\n","protected":false},"excerpt":{"rendered":"<p>T\u00ean sa\u0309n ph\u00e2\u0309m:\u00a0Shell Rimula R2 Extra 15W40<\/p>\n","protected":false},"featured_media":8918,"comment_status":"closed","ping_status":"closed","template":"","meta":[],"product_brand":[],"product_cat":[168],"product_tag":[],"class_list":{"0":"post-8917","1":"product","2":"type-product","3":"status-publish","4":"has-post-thumbnail","6":"product_cat-shell","8":"first","9":"instock","10":"shipping-taxable","11":"product-type-simple"},"_links":{"self":[{"href":"https:\/\/yenhung.com\/index.php?rest_route=\/wp\/v2\/product\/8917","targetHints":{"allow":["GET"]}}],"collection":[{"href":"https:\/\/yenhung.com\/index.php?rest_route=\/wp\/v2\/product"}],"about":[{"href":"https:\/\/yenhung.com\/index.php?rest_route=\/wp\/v2\/types\/product"}],"replies":[{"embeddable":true,"href":"https:\/\/yenhung.com\/index.php?rest_route=%2Fwp%2Fv2%2Fcomments&post=8917"}],"wp:featuredmedia":[{"embeddable":true,"href":"https:\/\/yenhung.com\/index.php?rest_route=\/wp\/v2\/media\/8918"}],"wp:attachment":[{"href":"https:\/\/yenhung.com\/index.php?rest_route=%2Fwp%2Fv2%2Fmedia&parent=8917"}],"wp:term":[{"taxonomy":"product_brand","embeddable":true,"href":"https:\/\/yenhung.com\/index.php?rest_route=%2Fwp%2Fv2%2Fproduct_brand&post=8917"},{"taxonomy":"product_cat","embeddable":true,"href":"https:\/\/yenhung.com\/index.php?rest_route=%2Fwp%2Fv2%2Fproduct_cat&post=8917"},{"taxonomy":"product_tag","embeddable":true,"href":"https:\/\/yenhung.com\/index.php?rest_route=%2Fwp%2Fv2%2Fproduct_tag&post=8917"}],"curies":[{"name":"wp","href":"https:\/\/api.w.org\/{rel}","templated":true}]}}