{"id":8926,"date":"2025-11-10T09:04:10","date_gmt":"2025-11-10T09:04:10","guid":{"rendered":"https:\/\/yenhung.com\/?product=dau-shell-corena-s3-r32-20l"},"modified":"2025-12-29T07:38:33","modified_gmt":"2025-12-29T07:38:33","slug":"dau-shell-corena-s3-r32-20l","status":"publish","type":"product","link":"https:\/\/yenhung.com\/?product=dau-shell-corena-s3-r32-20l","title":{"rendered":"D\u1ea6U M\u00c1Y N\u00c9N KH\u00cd TR\u1ee4C V\u00cdT &#8211;  Shell CORENA S3 R32 &#8211; 20L"},"content":{"rendered":"<div class=\"ba-text-fpt\">\n<h2 data-sourcepos=\"1:1-1:181\"><strong>Shell Corena S3 R32: D\u1ea7u m\u00e1y n\u00e9n kh\u00ed ch\u1ea5t l\u01b0\u1ee3ng cao, b\u1ea3o v\u1ec7 t\u1ed1i \u01b0u<\/strong><\/h2>\n<h3 data-sourcepos=\"5:1-5:23\">Gi\u1edbi thi\u1ec7u s\u1ea3n ph\u1ea9m<\/h3>\n<p><img decoding=\"async\" title=\"dau-shell-corena-s3-r32-20l-b-1750238514047-1\" src=\"https:\/\/yenhung.com\/wp-content\/uploads\/2025\/11\/dau-shell-corena-s3-r32-20l-b-1750238514047-1.jpg\" alt=\"SHELL CORENA S3 R32\" data-thumb=\"large\" \/><\/p>\n<p data-sourcepos=\"7:1-7:308\"><strong>Shell Corena S3 R32<\/strong> l\u00e0 m\u1ed9t lo\u1ea1i d\u1ea7u m\u00e1y n\u00e9n kh\u00ed cao c\u1ea5p, \u0111\u01b0\u1ee3c s\u1ea3n xu\u1ea5t t\u1eeb d\u1ea7u g\u1ed1c b\u00e1n t\u1ed5ng h\u1ee3p v\u00e0 h\u1ec7 ph\u1ee5 gia ti\u00ean ti\u1ebfn. S\u1ea3n ph\u1ea9m \u0111\u01b0\u1ee3c thi\u1ebft k\u1ebf \u0111\u1eb7c bi\u1ec7t \u0111\u1ec3 b\u00f4i tr\u01a1n c\u00e1c m\u00e1y n\u00e9n kh\u00ed tr\u1ee5c v\u00edt v\u00e0 m\u00e1y n\u00e9n kh\u00ed c\u00e1nh g\u1ea1t, gi\u00fap b\u1ea3o v\u1ec7 m\u00e1y m\u00f3c kh\u1ecfi m\u00e0i m\u00f2n, k\u00e9o d\u00e0i tu\u1ed5i th\u1ecd v\u00e0 \u0111\u1ea3m b\u1ea3o hi\u1ec7u su\u1ea5t ho\u1ea1t \u0111\u1ed9ng \u1ed5n \u0111\u1ecbnh.<\/p>\n<h3 data-sourcepos=\"11:1-11:19\">\u01afu \u0111i\u1ec3m n\u1ed5i b\u1eadt<\/h3>\n<ul data-sourcepos=\"13:1-18:0\">\n<li data-sourcepos=\"13:1-13:114\"><strong>B\u1ea3o v\u1ec7 t\u1ed1i \u01b0u:<\/strong> Ch\u1ed1ng m\u00e0i m\u00f2n hi\u1ec7u qu\u1ea3, b\u1ea3o v\u1ec7 c\u00e1c b\u1ed9 ph\u1eadn m\u00e1y n\u00e9n kh\u00ed, \u0111\u1eb7c bi\u1ec7t l\u00e0 c\u00e1c b\u1ed9 ph\u1eadn ch\u1ecbu l\u1ef1c cao.<\/li>\n<li data-sourcepos=\"14:1-14:85\"><strong>T\u0103ng tu\u1ed5i th\u1ecd m\u00e1y:<\/strong> Gi\u1ea3m thi\u1ec3u s\u1ef1 c\u1ed1 h\u1ecfng h\u00f3c, k\u00e9o d\u00e0i tu\u1ed5i th\u1ecd c\u1ee7a m\u00e1y n\u00e9n kh\u00ed.<\/li>\n<li data-sourcepos=\"15:1-15:88\"><strong>Hi\u1ec7u su\u1ea5t cao:<\/strong> Gi\u00fap m\u00e1y n\u00e9n kh\u00ed ho\u1ea1t \u0111\u1ed9ng \u1ed5n \u0111\u1ecbnh, gi\u1ea3m thi\u1ec3u ti\u00eau hao n\u0103ng l\u01b0\u1ee3ng.<\/li>\n<li data-sourcepos=\"16:1-16:87\"><strong>T\u01b0\u01a1ng th\u00edch r\u1ed9ng r\u00e3i:<\/strong> T\u01b0\u01a1ng th\u00edch v\u1edbi nhi\u1ec1u lo\u1ea1i m\u00e1y n\u00e9n kh\u00ed v\u00e0 v\u1eadt li\u1ec7u l\u00e0m k\u00edn.<\/li>\n<li data-sourcepos=\"17:1-18:0\"><strong>\u0110\u1ed9 b\u1ec1n cao:<\/strong> Ch\u1ed1ng oxy h\u00f3a, ch\u1ed1ng t\u1ea1o b\u1ecdt, \u0111\u1ea3m b\u1ea3o ch\u1ea5t l\u01b0\u1ee3ng d\u1ea7u trong su\u1ed1t qu\u00e1 tr\u00ecnh s\u1eed d\u1ee5ng.<\/li>\n<\/ul>\n<h3 data-sourcepos=\"19:1-19:12\">\u1ee8ng d\u1ee5ng<\/h3>\n<ul data-sourcepos=\"21:1-23:0\">\n<li data-sourcepos=\"21:1-21:98\"><strong>M\u00e1y n\u00e9n kh\u00ed tr\u1ee5c v\u00edt:<\/strong> D\u00f9ng cho c\u00e1c lo\u1ea1i m\u00e1y n\u00e9n kh\u00ed tr\u1ee5c v\u00edt c\u00f4ng su\u1ea5t l\u1edbn, nh\u1ecf, t\u1ed1c \u0111\u1ed9 cao.<\/li>\n<li data-sourcepos=\"22:1-23:0\"><strong>M\u00e1y n\u00e9n kh\u00ed c\u00e1nh g\u1ea1t:<\/strong> Ph\u00f9 h\u1ee3p v\u1edbi c\u00e1c lo\u1ea1i m\u00e1y n\u00e9n kh\u00ed c\u00e1nh g\u1ea1t s\u1eed d\u1ee5ng trong c\u00f4ng nghi\u1ec7p.<\/li>\n<\/ul>\n<h3 data-sourcepos=\"24:1-24:21\">Th\u00f4ng s\u1ed1 k\u1ef9 thu\u1eadt<\/h3>\n<ul data-sourcepos=\"26:1-31:0\">\n<li data-sourcepos=\"26:1-26:20\"><strong>\u0110\u1ed9 nh\u1edbt:<\/strong> VG 32<\/li>\n<li data-sourcepos=\"27:1-27:27\"><strong>G\u1ed1c d\u1ea7u:<\/strong> B\u00e1n t\u1ed5ng h\u1ee3p<\/li>\n<li data-sourcepos=\"28:1-28:23\"><strong>M\u00e0u s\u1eafc:<\/strong> N\u00e2u nh\u1ea1t<\/li>\n<li data-sourcepos=\"29:1-29:27\"><strong>\u0110i\u1ec3m ch\u1edbp ch\u00e1y:<\/strong> 230\u00b0C<\/li>\n<li data-sourcepos=\"30:1-31:0\"><strong>\u0110i\u1ec3m r\u00f3t ch\u1ea3y:<\/strong> -30\u00b0C<\/li>\n<\/ul>\n<h3 data-sourcepos=\"32:1-32:21\">H\u01b0\u1edbng d\u1eabn s\u1eed d\u1ee5ng<\/h3>\n<p><img decoding=\"async\" title=\"dau-shell-corena-s3-r32-20l-a-1\" src=\"https:\/\/yenhung.com\/wp-content\/uploads\/2025\/11\/dau-shell-corena-s3-r32-20l-a-1.jpg\" alt=\"SHELL CORENA S3 R32\" data-thumb=\"large\" \/><\/p>\n<ul data-sourcepos=\"34:1-37:0\">\n<li data-sourcepos=\"34:1-34:86\"><strong>L\u00e0m s\u1ea1ch h\u1ec7 th\u1ed1ng:<\/strong> Tr\u01b0\u1edbc khi thay d\u1ea7u m\u1edbi, c\u1ea7n l\u00e0m s\u1ea1ch k\u1ef9 h\u1ec7 th\u1ed1ng m\u00e1y n\u00e9n kh\u00ed.<\/li>\n<li data-sourcepos=\"35:1-35:101\"><strong>Ki\u1ec3m tra \u0111\u1ed9 nh\u1edbt:<\/strong> Ch\u1ecdn lo\u1ea1i d\u1ea7u c\u00f3 \u0111\u1ed9 nh\u1edbt ph\u00f9 h\u1ee3p v\u1edbi khuy\u1ebfn c\u00e1o c\u1ee7a nh\u00e0 s\u1ea3n xu\u1ea5t m\u00e1y n\u00e9n kh\u00ed.<\/li>\n<li data-sourcepos=\"36:1-37:0\"><strong>Thay d\u1ea7u \u0111\u1ecbnh k\u1ef3:<\/strong> Th\u1ef1c hi\u1ec7n thay d\u1ea7u theo \u0111\u00fang l\u1ecbch tr\u00ecnh b\u1ea3o d\u01b0\u1ee1ng c\u1ee7a nh\u00e0 s\u1ea3n xu\u1ea5t.<\/li>\n<\/ul>\n<p><strong>Th\u00f4ng tin li\u00ean h\u1ec7\u00a0<\/strong><\/p>\n<p>\u2013 S\u0110T: 0397433258 (Mr. Long)<\/p>\n<p>&nbsp;<\/p>\n<\/div>\n","protected":false},"excerpt":{"rendered":"<p>T\u00ean sa\u0309n ph\u00e2\u0309m:\u00a0SHELL CORENA S3 R32<\/p>\n","protected":false},"featured_media":8927,"comment_status":"closed","ping_status":"closed","template":"","meta":[],"product_brand":[],"product_cat":[168],"product_tag":[],"class_list":{"0":"post-8926","1":"product","2":"type-product","3":"status-publish","4":"has-post-thumbnail","6":"product_cat-shell","8":"first","9":"instock","10":"shipping-taxable","11":"product-type-simple"},"_links":{"self":[{"href":"https:\/\/yenhung.com\/index.php?rest_route=\/wp\/v2\/product\/8926","targetHints":{"allow":["GET"]}}],"collection":[{"href":"https:\/\/yenhung.com\/index.php?rest_route=\/wp\/v2\/product"}],"about":[{"href":"https:\/\/yenhung.com\/index.php?rest_route=\/wp\/v2\/types\/product"}],"replies":[{"embeddable":true,"href":"https:\/\/yenhung.com\/index.php?rest_route=%2Fwp%2Fv2%2Fcomments&post=8926"}],"wp:featuredmedia":[{"embeddable":true,"href":"https:\/\/yenhung.com\/index.php?rest_route=\/wp\/v2\/media\/8927"}],"wp:attachment":[{"href":"https:\/\/yenhung.com\/index.php?rest_route=%2Fwp%2Fv2%2Fmedia&parent=8926"}],"wp:term":[{"taxonomy":"product_brand","embeddable":true,"href":"https:\/\/yenhung.com\/index.php?rest_route=%2Fwp%2Fv2%2Fproduct_brand&post=8926"},{"taxonomy":"product_cat","embeddable":true,"href":"https:\/\/yenhung.com\/index.php?rest_route=%2Fwp%2Fv2%2Fproduct_cat&post=8926"},{"taxonomy":"product_tag","embeddable":true,"href":"https:\/\/yenhung.com\/index.php?rest_route=%2Fwp%2Fv2%2Fproduct_tag&post=8926"}],"curies":[{"name":"wp","href":"https:\/\/api.w.org\/{rel}","templated":true}]}}