{"id":8933,"date":"2025-11-10T09:04:16","date_gmt":"2025-11-10T09:04:16","guid":{"rendered":"https:\/\/yenhung.com\/?product=dau-banh-rang-tong-hop-shell-omala-s4-we-220"},"modified":"2025-12-29T07:42:26","modified_gmt":"2025-12-29T07:42:26","slug":"dau-banh-rang-tong-hop-shell-omala-s4-we-220","status":"publish","type":"product","link":"https:\/\/yenhung.com\/?product=dau-banh-rang-tong-hop-shell-omala-s4-we-220","title":{"rendered":"D\u1ea6U B\u00c1NH R\u0102NG T\u1ed4NG H\u1ee2P SHELL OMALA S4 WE 220"},"content":{"rendered":"<div class=\"ba-text-fpt\">\n<h2 data-sourcepos=\"3:1-3:68\"><strong>D\u1ea6U B\u00c1NH R\u0102NG T\u1ed4NG H\u1ee2P SHELL OMALA S4 WE 220<\/strong><\/h2>\n<p data-sourcepos=\"3:1-3:68\">Shell Omala S4 WE 220: D\u1ea7u b\u00e1nh r\u0103ng c\u00f4ng nghi\u1ec7p t\u1ed5ng h\u1ee3p cao c\u1ea5p<\/p>\n<h3 data-sourcepos=\"5:1-5:23\">Gi\u1edbi thi\u1ec7u s\u1ea3n ph\u1ea9m<\/h3>\n<p data-sourcepos=\"7:1-7:303\"><strong>Shell Omala S4 WE 220<\/strong> l\u00e0 m\u1ed9t lo\u1ea1i d\u1ea7u b\u00e1nh r\u0103ng c\u00f4ng nghi\u1ec7p t\u1ed5ng h\u1ee3p cao c\u1ea5p, \u0111\u01b0\u1ee3c pha ch\u1ebf t\u1eeb d\u1ea7u g\u1ed1c polyalkylene glycol v\u00e0 h\u1ec7 ph\u1ee5 gia \u0111\u1eb7c bi\u1ec7t. S\u1ea3n ph\u1ea9m n\u00e0y \u0111\u01b0\u1ee3c thi\u1ebft k\u1ebf \u0111\u1ec3 cung c\u1ea5p hi\u1ec7u su\u1ea5t b\u00f4i tr\u01a1n v\u01b0\u1ee3t tr\u1ed9i cho c\u00e1c h\u1ec7 th\u1ed1ng b\u00e1nh r\u0103ng tr\u1ee5c v\u00edt c\u00f4ng nghi\u1ec7p l\u00e0m vi\u1ec7c trong \u0111i\u1ec1u ki\u1ec7n kh\u1eafc nghi\u1ec7t.<\/p>\n<p data-sourcepos=\"9:1-9:41\"><img decoding=\"async\" title=\"dau-banh-rang-tong-hop-shell-omala-s4-we-220-b-2\" src=\"https:\/\/yenhung.com\/wp-content\/uploads\/2025\/11\/dau-banh-rang-tong-hop-shell-omala-s4-we-220-b-2.png\" alt=\"D\u1ea6U B\u00c1NH R\u0102NG T\u1ed4NG H\u1ee2P SHELL OMALA S4 WE 220\" data-thumb=\"large\" \/><\/p>\n<h3 data-sourcepos=\"11:1-11:19\">\u01afu \u0111i\u1ec3m n\u1ed5i b\u1eadt<\/h3>\n<ul data-sourcepos=\"13:1-18:0\">\n<li data-sourcepos=\"13:1-13:77\"><strong>Tu\u1ed5i th\u1ecd d\u1ea7u cao:<\/strong> Gi\u00fap k\u00e9o d\u00e0i chu k\u1ef3 thay d\u1ea7u, gi\u1ea3m chi ph\u00ed b\u1ea3o d\u01b0\u1ee1ng.<\/li>\n<li data-sourcepos=\"14:1-14:83\"><strong>Ch\u1ed1ng m\u00e0i m\u00f2n tuy\u1ec7t h\u1ea3o:<\/strong> B\u1ea3o v\u1ec7 b\u00e1nh r\u0103ng v\u00e0 \u1ed5 \u0111\u1ee1, k\u00e9o d\u00e0i tu\u1ed5i th\u1ecd thi\u1ebft b\u1ecb.<\/li>\n<li data-sourcepos=\"15:1-15:66\"><strong>Hi\u1ec7u su\u1ea5t n\u0103ng l\u01b0\u1ee3ng cao:<\/strong> Gi\u1ea3m ma s\u00e1t, ti\u1ebft ki\u1ec7m n\u0103ng l\u01b0\u1ee3ng.<\/li>\n<li data-sourcepos=\"16:1-16:71\"><strong>Ch\u1ed1ng r\u1ed7 t\u1ebf vi:<\/strong> Ng\u0103n ng\u1eeba s\u1ef1 h\u00ecnh th\u00e0nh r\u1ed7 tr\u00ean b\u1ec1 m\u1eb7t b\u00e1nh r\u0103ng.<\/li>\n<li data-sourcepos=\"17:1-18:0\"><strong>B\u1ec1n nhi\u1ec7t v\u00e0 ch\u1ed1ng oxy h\u00f3a:<\/strong> Duy tr\u00ec \u0111\u1ed9 \u1ed5n \u0111\u1ecbnh c\u1ee7a d\u1ea7u \u1edf nhi\u1ec7t \u0111\u1ed9 cao.<\/li>\n<\/ul>\n<h3 data-sourcepos=\"19:1-19:12\">\u1ee8ng d\u1ee5ng<\/h3>\n<ul data-sourcepos=\"21:1-23:0\">\n<li data-sourcepos=\"21:1-21:142\"><strong>C\u00e1c h\u1ec7 th\u1ed1ng b\u00e1nh r\u0103ng tr\u1ee5c v\u00edt c\u00f4ng nghi\u1ec7p k\u00edn:<\/strong> \u0110\u1eb7c bi\u1ec7t ph\u00f9 h\u1ee3p v\u1edbi c\u00e1c h\u1ed9p gi\u1ea3m t\u1ed1c tr\u1ee5c v\u00edt v\u1eadn h\u00e0nh trong \u0111i\u1ec1u ki\u1ec7n t\u1ea3i tr\u1ecdng n\u1eb7ng.<\/li>\n<li data-sourcepos=\"22:1-23:0\"><strong>C\u00e1c \u1ee9ng d\u1ee5ng y\u00eau c\u1ea7u tu\u1ed5i th\u1ecd d\u1ea7u cao:<\/strong> C\u00e1c h\u1ec7 th\u1ed1ng l\u00e0m vi\u1ec7c li\u00ean t\u1ee5c, trong m\u00f4i tr\u01b0\u1eddng kh\u1eafc nghi\u1ec7t.<\/li>\n<\/ul>\n<h3 data-sourcepos=\"32:1-32:21\">H\u01b0\u1edbng d\u1eabn s\u1eed d\u1ee5ng<\/h3>\n<p><img decoding=\"async\" title=\"dau-banh-rang-tong-hop-shell-omala-s4-we-220-a-1\" src=\"https:\/\/yenhung.com\/wp-content\/uploads\/2025\/11\/dau-banh-rang-tong-hop-shell-omala-s4-we-220-a-1.jpg\" alt=\"D\u1ea6U B\u00c1NH R\u0102NG T\u1ed4NG H\u1ee2P SHELL OMALA S4 WE 220\" data-thumb=\"large\" \/><\/p>\n<ul data-sourcepos=\"34:1-37:0\">\n<li data-sourcepos=\"34:1-34:79\"><strong>L\u00e0m s\u1ea1ch h\u1ec7 th\u1ed1ng:<\/strong> Tr\u01b0\u1edbc khi s\u1eed d\u1ee5ng, c\u1ea7n l\u00e0m s\u1ea1ch k\u1ef9 h\u1ec7 th\u1ed1ng b\u00e1nh r\u0103ng.<\/li>\n<li data-sourcepos=\"35:1-35:55\"><strong>Thay th\u1ebf:<\/strong> Thay th\u1ebf ho\u00e0n to\u00e0n d\u1ea7u c\u0169 b\u1eb1ng d\u1ea7u m\u1edbi.<\/li>\n<li data-sourcepos=\"36:1-37:0\"><strong>Ki\u1ec3m tra \u0111\u1ecbnh k\u1ef3:<\/strong> Ki\u1ec3m tra m\u1ee9c d\u1ea7u v\u00e0 ch\u1ea5t l\u01b0\u1ee3ng d\u1ea7u \u0111\u1ecbnh k\u1ef3.<\/li>\n<li data-sourcepos=\"36:1-37:0\"><img decoding=\"async\" title=\"dau-banh-rang-tong-hop-shell-omala-s4-we-220-c-1\" src=\"https:\/\/yenhung.com\/wp-content\/uploads\/2025\/11\/dau-banh-rang-tong-hop-shell-omala-s4-we-220-c-1.jpg\" alt=\"D\u1ea6U B\u00c1NH R\u0102NG T\u1ed4NG H\u1ee2P SHELL OMALA S4 WE 220\" data-thumb=\"large\" \/><\/li>\n<\/ul>\n<h3 data-sourcepos=\"38:1-38:21\">L\u01b0u \u00fd khi s\u1eed d\u1ee5ng<\/h3>\n<ul data-sourcepos=\"40:1-43:0\">\n<li data-sourcepos=\"40:1-40:77\"><strong>B\u1ea3o qu\u1ea3n:<\/strong> B\u1ea3o qu\u1ea3n \u1edf n\u01a1i kh\u00f4 r\u00e1o, tho\u00e1ng m\u00e1t, tr\u00e1nh \u00e1nh n\u1eafng tr\u1ef1c ti\u1ebfp.<\/li>\n<li data-sourcepos=\"41:1-41:71\"><strong>An to\u00e0n:<\/strong> S\u1eed d\u1ee5ng g\u0103ng tay, k\u00ednh b\u1ea3o h\u1ed9 khi ti\u1ebfp x\u00fac v\u1edbi s\u1ea3n ph\u1ea9m.<\/li>\n<li data-sourcepos=\"42:1-43:0\"><strong>M\u00f4i tr\u01b0\u1eddng:<\/strong> X\u1eed l\u00fd d\u1ea7u th\u1ea3i theo \u0111\u00fang quy \u0111\u1ecbnh.<\/li>\n<\/ul>\n<p><strong>Th\u00f4ng tin li\u00ean h\u1ec7\u00a0<\/strong><\/p>\n<p>\u2013 S\u0110T: 0397433258 (Mr. Long)<\/p>\n<p>&nbsp;<\/p>\n<\/div>\n","protected":false},"excerpt":{"rendered":"<p>T\u00ean sa\u0309n ph\u00e2\u0309m:\u00a0SHELL OMALA S4 WE 220<\/p>\n","protected":false},"featured_media":8934,"comment_status":"closed","ping_status":"closed","template":"","meta":[],"product_brand":[],"product_cat":[168],"product_tag":[],"class_list":{"0":"post-8933","1":"product","2":"type-product","3":"status-publish","4":"has-post-thumbnail","6":"product_cat-shell","8":"first","9":"instock","10":"shipping-taxable","11":"product-type-simple"},"_links":{"self":[{"href":"https:\/\/yenhung.com\/index.php?rest_route=\/wp\/v2\/product\/8933","targetHints":{"allow":["GET"]}}],"collection":[{"href":"https:\/\/yenhung.com\/index.php?rest_route=\/wp\/v2\/product"}],"about":[{"href":"https:\/\/yenhung.com\/index.php?rest_route=\/wp\/v2\/types\/product"}],"replies":[{"embeddable":true,"href":"https:\/\/yenhung.com\/index.php?rest_route=%2Fwp%2Fv2%2Fcomments&post=8933"}],"wp:featuredmedia":[{"embeddable":true,"href":"https:\/\/yenhung.com\/index.php?rest_route=\/wp\/v2\/media\/8934"}],"wp:attachment":[{"href":"https:\/\/yenhung.com\/index.php?rest_route=%2Fwp%2Fv2%2Fmedia&parent=8933"}],"wp:term":[{"taxonomy":"product_brand","embeddable":true,"href":"https:\/\/yenhung.com\/index.php?rest_route=%2Fwp%2Fv2%2Fproduct_brand&post=8933"},{"taxonomy":"product_cat","embeddable":true,"href":"https:\/\/yenhung.com\/index.php?rest_route=%2Fwp%2Fv2%2Fproduct_cat&post=8933"},{"taxonomy":"product_tag","embeddable":true,"href":"https:\/\/yenhung.com\/index.php?rest_route=%2Fwp%2Fv2%2Fproduct_tag&post=8933"}],"curies":[{"name":"wp","href":"https:\/\/api.w.org\/{rel}","templated":true}]}}