{"id":8942,"date":"2025-11-10T09:04:24","date_gmt":"2025-11-10T09:04:24","guid":{"rendered":"https:\/\/yenhung.com\/?product=dau-ranh-truot-shell-tonna-s2-m68"},"modified":"2025-12-29T07:31:30","modified_gmt":"2025-12-29T07:31:30","slug":"dau-ranh-truot-shell-tonna-s2-m68","status":"publish","type":"product","link":"https:\/\/yenhung.com\/?product=dau-ranh-truot-shell-tonna-s2-m68","title":{"rendered":"D\u1ea6U R\u00c3NH TR\u01af\u1ee2T SHELL TONNA S2 M68"},"content":{"rendered":"<div class=\"ba-text-fpt\">\n<h2 data-sourcepos=\"1:1-1:180\"><strong>Shell Tonna S2 M68: D\u1ea7u r\u00e3nh tr\u01b0\u1ee3t cao c\u1ea5p, b\u1ea3o v\u1ec7 m\u00e1y m\u00f3c t\u1ed1i \u01b0u<\/strong><\/h2>\n<h3 data-sourcepos=\"5:1-5:23\">Gi\u1edbi thi\u1ec7u s\u1ea3n ph\u1ea9m<\/h3>\n<p data-sourcepos=\"7:1-7:307\"><strong>Shell Tonna S2 M68<\/strong> l\u00e0 m\u1ed9t lo\u1ea1i d\u1ea7u r\u00e3nh tr\u01b0\u1ee3t cao c\u1ea5p, \u0111\u01b0\u1ee3c pha ch\u1ebf \u0111\u1eb7c bi\u1ec7t \u0111\u1ec3 b\u00f4i tr\u01a1n c\u00e1c \u0111\u01b0\u1eddng tr\u01b0\u1ee3t v\u00e0 r\u00e3nh tr\u01b0\u1ee3t trong m\u00e1y c\u00f4ng c\u1ee5. S\u1ea3n ph\u1ea9m n\u00e0y \u0111\u01b0\u1ee3c s\u1ea3n xu\u1ea5t t\u1eeb d\u1ea7u g\u1ed1c kho\u00e1ng v\u00e0 h\u1ec7 ph\u1ee5 gia ch\u1ecdn l\u1ecdc, mang \u0111\u1ebfn hi\u1ec7u su\u1ea5t b\u00f4i tr\u01a1n v\u01b0\u1ee3t tr\u1ed9i, b\u1ea3o v\u1ec7 m\u00e1y m\u00f3c kh\u1ecfi m\u00e0i m\u00f2n v\u00e0 k\u00e9o d\u00e0i tu\u1ed5i th\u1ecd thi\u1ebft b\u1ecb.<\/p>\n<p data-sourcepos=\"9:1-9:38\"><img decoding=\"async\" title=\"shell-tonna-s2-m68-2-2\" src=\"https:\/\/yenhung.com\/wp-content\/uploads\/2025\/11\/shell-tonna-s2-m68-2-2.png\" alt=\"SHELL TONNA S2 M68\" data-thumb=\"large\" \/><\/p>\n<h3 data-sourcepos=\"11:1-11:19\">\u01afu \u0111i\u1ec3m n\u1ed5i b\u1eadt<\/h3>\n<ul data-sourcepos=\"13:1-18:0\">\n<li data-sourcepos=\"13:1-13:100\"><strong>Hi\u1ec7u su\u1ea5t b\u00f4i tr\u01a1n v\u01b0\u1ee3t tr\u1ed9i:<\/strong> Gi\u1ea3m ma s\u00e1t, m\u00e0i m\u00f2n, gi\u00fap m\u00e1y m\u00f3c ho\u1ea1t \u0111\u1ed9ng tr\u01a1n tru v\u00e0 b\u1ec1n b\u1ec9.<\/li>\n<li data-sourcepos=\"14:1-14:87\"><strong>B\u1ea3o v\u1ec7 ch\u1ed1ng g\u1ec9 s\u00e9t:<\/strong> Ng\u0103n ng\u1eeba s\u1ef1 h\u00ecnh th\u00e0nh r\u1ec9 s\u00e9t, b\u1ea3o v\u1ec7 c\u00e1c b\u1ed9 ph\u1eadn kim lo\u1ea1i.<\/li>\n<li data-sourcepos=\"15:1-15:108\"><strong>\u0110\u1ed9 \u1ed5n \u0111\u1ecbnh nhi\u1ec7t cao:<\/strong> V\u1eabn duy tr\u00ec \u0111\u1ed9 nh\u1edbt \u1ed5n \u0111\u1ecbnh \u1edf nhi\u1ec7t \u0111\u1ed9 cao, \u0111\u1ea3m b\u1ea3o hi\u1ec7u su\u1ea5t b\u00f4i tr\u01a1n li\u00ean t\u1ee5c.<\/li>\n<li data-sourcepos=\"16:1-16:112\"><strong>T\u01b0\u01a1ng th\u00edch v\u1edbi nhi\u1ec1u v\u1eadt li\u1ec7u:<\/strong> C\u00f3 th\u1ec3 s\u1eed d\u1ee5ng \u0111\u01b0\u1ee3c v\u1edbi nhi\u1ec1u lo\u1ea1i v\u1eadt li\u1ec7u kh\u00e1c nhau, bao g\u1ed3m gang, th\u00e9p.<\/li>\n<li data-sourcepos=\"17:1-18:0\"><strong>\u0110\u1ed9 s\u1ea1ch cao:<\/strong> Gi\u00fap duy tr\u00ec \u0111\u1ed9 s\u1ea1ch c\u1ee7a h\u1ec7 th\u1ed1ng, k\u00e9o d\u00e0i tu\u1ed5i th\u1ecd thi\u1ebft b\u1ecb.<\/li>\n<\/ul>\n<h3 data-sourcepos=\"19:1-19:12\">\u1ee8ng d\u1ee5ng<\/h3>\n<p><img decoding=\"async\" title=\"shell-tonna-s2-m68-jpeg-1\" src=\"https:\/\/yenhung.com\/wp-content\/uploads\/2025\/11\/shell-tonna-s2-m68-jpeg-1.jpg\" alt=\"SHELL TONNA S2 M68\" data-thumb=\"large\" \/><\/p>\n<ul data-sourcepos=\"21:1-24:0\">\n<li data-sourcepos=\"21:1-21:95\"><strong>B\u00f4i tr\u01a1n c\u00e1c \u0111\u01b0\u1eddng tr\u01b0\u1ee3t v\u00e0 r\u00e3nh tr\u01b0\u1ee3t:<\/strong> Trong m\u00e1y c\u00f4ng c\u1ee5, m\u00e1y ti\u1ec7n, m\u00e1y phay, m\u00e1y b\u00e0o&#8230;<\/li>\n<li data-sourcepos=\"22:1-22:69\"><strong>H\u1ec7 th\u1ed1ng th\u1ee7y l\u1ef1c:<\/strong> D\u00f9ng l\u00e0m d\u1ea7u th\u1ee7y l\u1ef1c trong m\u1ed9t s\u1ed1 h\u1ec7 th\u1ed1ng.<\/li>\n<li data-sourcepos=\"23:1-24:0\"><strong>H\u1ed9p s\u1ed1:<\/strong> S\u1eed d\u1ee5ng trong m\u1ed9t s\u1ed1 lo\u1ea1i h\u1ed9p s\u1ed1 c\u00f4ng nghi\u1ec7p.<\/li>\n<\/ul>\n<h3 data-sourcepos=\"25:1-25:21\">Th\u00f4ng s\u1ed1 k\u1ef9 thu\u1eadt<\/h3>\n<ul data-sourcepos=\"27:1-31:0\">\n<li data-sourcepos=\"27:1-27:24\"><strong>\u0110\u1ed9 nh\u1edbt:<\/strong> ISO VG 68<\/li>\n<li data-sourcepos=\"28:1-28:37\"><strong>M\u00e0u s\u1eafc:<\/strong> [M\u00e0u s\u1eafc c\u1ee7a s\u1ea3n ph\u1ea9m]<\/li>\n<li data-sourcepos=\"29:1-29:36\"><strong>\u0110i\u1ec3m \u0111\u00f4ng \u0111\u1eb7c:<\/strong> [\u0110i\u1ec3m \u0111\u00f4ng \u0111\u1eb7c]<\/li>\n<li data-sourcepos=\"30:1-31:0\"><strong>Ch\u1ec9 s\u1ed1 \u0111\u1ed9 nh\u1edbt:<\/strong> [Ch\u1ec9 s\u1ed1 \u0111\u1ed9 nh\u1edbt]<\/li>\n<\/ul>\n<h3 data-sourcepos=\"32:1-32:21\">H\u01b0\u1edbng d\u1eabn s\u1eed d\u1ee5ng<\/h3>\n<p><img decoding=\"async\" title=\"shell-tonna-s2-m68-1-1\" src=\"https:\/\/yenhung.com\/wp-content\/uploads\/2025\/11\/shell-tonna-s2-m68-1-1.jpg\" alt=\"SHELL TONNA S2 M68\" data-thumb=\"large\" \/><\/p>\n<ul data-sourcepos=\"34:1-37:0\">\n<li data-sourcepos=\"34:1-34:90\"><strong>L\u00e0m s\u1ea1ch h\u1ec7 th\u1ed1ng:<\/strong> Tr\u01b0\u1edbc khi s\u1eed d\u1ee5ng, c\u1ea7n l\u00e0m s\u1ea1ch h\u1ec7 th\u1ed1ng b\u1eb1ng dung m\u00f4i th\u00edch h\u1ee3p.<\/li>\n<li data-sourcepos=\"35:1-35:83\"><strong>B\u01a1m d\u1ea7u:<\/strong> B\u01a1m d\u1ea7u v\u00e0o h\u1ec7 th\u1ed1ng theo \u0111\u00fang quy tr\u00ecnh h\u01b0\u1edbng d\u1eabn c\u1ee7a nh\u00e0 s\u1ea3n xu\u1ea5t.<\/li>\n<li data-sourcepos=\"36:1-37:0\"><strong>Ki\u1ec3m tra \u0111\u1ecbnh k\u1ef3:<\/strong> Ki\u1ec3m tra m\u1ee9c d\u1ea7u v\u00e0 ch\u1ea5t l\u01b0\u1ee3ng d\u1ea7u \u0111\u1ecbnh k\u1ef3 \u0111\u1ec3 \u0111\u1ea3m b\u1ea3o h\u1ec7 th\u1ed1ng ho\u1ea1t \u0111\u1ed9ng \u1ed5n \u0111\u1ecbnh.<\/li>\n<\/ul>\n<h3 data-sourcepos=\"38:1-38:21\">L\u01b0u \u00fd khi s\u1eed d\u1ee5ng<\/h3>\n<ul data-sourcepos=\"40:1-43:0\">\n<li data-sourcepos=\"40:1-40:86\"><strong>B\u1ea3o qu\u1ea3n:<\/strong> B\u1ea3o qu\u1ea3n s\u1ea3n ph\u1ea9m \u1edf n\u01a1i kh\u00f4 r\u00e1o, tho\u00e1ng m\u00e1t, tr\u00e1nh \u00e1nh n\u1eafng tr\u1ef1c ti\u1ebfp.<\/li>\n<li data-sourcepos=\"41:1-41:71\"><strong>An to\u00e0n:<\/strong> S\u1eed d\u1ee5ng g\u0103ng tay, k\u00ednh b\u1ea3o h\u1ed9 khi ti\u1ebfp x\u00fac v\u1edbi s\u1ea3n ph\u1ea9m.<\/li>\n<li data-sourcepos=\"42:1-43:0\"><strong>M\u00f4i tr\u01b0\u1eddng:<\/strong> X\u1eed l\u00fd d\u1ea7u th\u1ea3i theo \u0111\u00fang quy \u0111\u1ecbnh.<\/li>\n<\/ul>\n<p><strong>Th\u00f4ng tin li\u00ean h\u1ec7\u00a0<\/strong><\/p>\n<p>\u2013 S\u0110T: 0397433258 (Mr. Long)<\/p>\n<p>&nbsp;<\/p>\n<\/div>\n","protected":false},"excerpt":{"rendered":"<p>T\u00ean sa\u0309n ph\u00e2\u0309m:\u00a0SHELL TONNA S2 M68<\/p>\n","protected":false},"featured_media":8943,"comment_status":"closed","ping_status":"closed","template":"","meta":[],"product_brand":[],"product_cat":[168],"product_tag":[],"class_list":{"0":"post-8942","1":"product","2":"type-product","3":"status-publish","4":"has-post-thumbnail","6":"product_cat-shell","8":"first","9":"instock","10":"shipping-taxable","11":"product-type-simple"},"_links":{"self":[{"href":"https:\/\/yenhung.com\/index.php?rest_route=\/wp\/v2\/product\/8942","targetHints":{"allow":["GET"]}}],"collection":[{"href":"https:\/\/yenhung.com\/index.php?rest_route=\/wp\/v2\/product"}],"about":[{"href":"https:\/\/yenhung.com\/index.php?rest_route=\/wp\/v2\/types\/product"}],"replies":[{"embeddable":true,"href":"https:\/\/yenhung.com\/index.php?rest_route=%2Fwp%2Fv2%2Fcomments&post=8942"}],"wp:featuredmedia":[{"embeddable":true,"href":"https:\/\/yenhung.com\/index.php?rest_route=\/wp\/v2\/media\/8943"}],"wp:attachment":[{"href":"https:\/\/yenhung.com\/index.php?rest_route=%2Fwp%2Fv2%2Fmedia&parent=8942"}],"wp:term":[{"taxonomy":"product_brand","embeddable":true,"href":"https:\/\/yenhung.com\/index.php?rest_route=%2Fwp%2Fv2%2Fproduct_brand&post=8942"},{"taxonomy":"product_cat","embeddable":true,"href":"https:\/\/yenhung.com\/index.php?rest_route=%2Fwp%2Fv2%2Fproduct_cat&post=8942"},{"taxonomy":"product_tag","embeddable":true,"href":"https:\/\/yenhung.com\/index.php?rest_route=%2Fwp%2Fv2%2Fproduct_tag&post=8942"}],"curies":[{"name":"wp","href":"https:\/\/api.w.org\/{rel}","templated":true}]}}