{"id":8963,"date":"2025-11-10T09:04:38","date_gmt":"2025-11-10T09:04:38","guid":{"rendered":"https:\/\/yenhung.com\/?product=shell-gadus-s3-t150j-2-18kg-xo"},"modified":"2026-03-13T07:12:13","modified_gmt":"2026-03-13T07:12:13","slug":"shell-gadus-s3-t150j-2-18kg-xo","status":"publish","type":"product","link":"https:\/\/yenhung.com\/?product=shell-gadus-s3-t150j-2-18kg-xo","title":{"rendered":"M\u1ee1 b\u00f4i tr\u01a1n cho \u0111\u1ed9ng c\u01a1 t\u1ed1c \u0111\u1ed9 cao &#8211; SHELL GADUS S3 T150J 2 (18KG\/X\u00f4)"},"content":{"rendered":"<div class=\"ba-text-fpt\">\n<h2 data-sourcepos=\"3:1-3:81\"><strong>Shell Gadus S3 T150J 2: M\u1ee1 b\u00f4i tr\u01a1n c\u00f4ng nghi\u1ec7p cao c\u1ea5p, ch\u1ecbu nhi\u1ec7t \u0111\u1ed9 cao<\/strong><\/h2>\n<h3 data-sourcepos=\"5:1-5:27\"><\/h3>\n<p data-sourcepos=\"7:1-7:336\"><strong>Shell Gadus S3 T150J 2<\/strong> l\u00e0 m\u1ed9t lo\u1ea1i m\u1ee1 b\u00f4i tr\u01a1n c\u00f4ng nghi\u1ec7p cao c\u1ea5p, \u0111\u01b0\u1ee3c \u0111\u1eb7c ch\u1ebf nh\u1eb1m mang l\u1ea1i kh\u1ea3 n\u0103ng b\u00f4i tr\u01a1n t\u1ed1i \u01b0u cho c\u00e1c \u1ed5 \u0111\u1ee1 c\u00f4ng nghi\u1ec7p ho\u1ea1t \u0111\u1ed9ng trong \u0111i\u1ec1u ki\u1ec7n nhi\u1ec7t \u0111\u1ed9 cao. M\u1ee1 \u0111\u01b0\u1ee3c pha ch\u1ebf t\u1eeb d\u1ea7u g\u1ed1c kho\u00e1ng v\u00e0 ch\u1ea5t l\u00e0m \u0111\u1eb7c Diurea \u0111\u1eb7c bi\u1ec7t, c\u00f3 kh\u1ea3 n\u0103ng ch\u1ecbu nhi\u1ec7t t\u1ed1t, ch\u1ed1ng m\u00e0i m\u00f2n v\u00e0 k\u00e9o d\u00e0i tu\u1ed5i th\u1ecd cho c\u00e1c thi\u1ebft b\u1ecb.<\/p>\n<p data-sourcepos=\"9:1-9:42\"><img decoding=\"async\" title=\"shell-gadus-s3-t150j-2-2\" src=\"https:\/\/yenhung.com\/wp-content\/uploads\/2025\/11\/shell-gadus-s3-t150j-2-2.jpg\" alt=\"SHELL GADUS S3 T150J 2\" data-thumb=\"large\" \/><\/p>\n<h3 data-sourcepos=\"11:1-11:23\"><\/h3>\n<ul data-sourcepos=\"13:1-18:0\">\n<li data-sourcepos=\"13:1-13:119\"><strong>Ch\u1ecbu nhi\u1ec7t \u0111\u1ed9 cao:<\/strong> Ho\u1ea1t \u0111\u1ed9ng \u1ed5n \u0111\u1ecbnh \u1edf nhi\u1ec7t \u0111\u1ed9 l\u00ean \u0111\u1ebfn 150\u00b0C, th\u00edch h\u1ee3p cho c\u00e1c m\u00f4i tr\u01b0\u1eddng l\u00e0m vi\u1ec7c kh\u1eafc nghi\u1ec7t.<\/li>\n<li data-sourcepos=\"14:1-14:78\"><strong>Tu\u1ed5i th\u1ecd cao:<\/strong> K\u00e9o d\u00e0i chu k\u1ef3 t\u00e1i b\u00f4i tr\u01a1n, gi\u1ea3m thi\u1ec3u th\u1eddi gian b\u1ea3o tr\u00ec.<\/li>\n<li data-sourcepos=\"15:1-15:87\"><strong>B\u1ea3o v\u1ec7 ch\u1ed1ng m\u00e0i m\u00f2n:<\/strong> Gi\u1ea3m thi\u1ec3u ma s\u00e1t, b\u1ea3o v\u1ec7 c\u00e1c b\u1ed9 ph\u1eadn m\u00e1y m\u00f3c kh\u1ecfi h\u01b0 h\u1ecfng.<\/li>\n<li data-sourcepos=\"16:1-16:78\"><strong>\u1ed4n \u0111\u1ecbnh h\u00f3a h\u1ecdc:<\/strong> Ch\u1ed1ng oxy h\u00f3a, ch\u1ed1ng \u0103n m\u00f2n, \u0111\u1ea3m b\u1ea3o hi\u1ec7u su\u1ea5t l\u00e2u d\u00e0i.<\/li>\n<li data-sourcepos=\"17:1-18:0\"><strong>T\u00ednh n\u0103ng t\u00e1ch d\u1ea7u th\u1ea5p:<\/strong> Gi\u1ea3m thi\u1ec3u r\u00f2 r\u1ec9 m\u1ee1, b\u1ea3o v\u1ec7 m\u00f4i tr\u01b0\u1eddng l\u00e0m vi\u1ec7c.<\/li>\n<\/ul>\n<h3 data-sourcepos=\"19:1-19:16\"><\/h3>\n<ul data-sourcepos=\"21:1-26:0\">\n<li data-sourcepos=\"21:1-24:58\"><strong>B\u00f4i tr\u01a1n c\u00e1c \u1ed5 \u0111\u1ee1 c\u00f4ng nghi\u1ec7p:<\/strong> \u0110\u1eb7c bi\u1ec7t ph\u00f9 h\u1ee3p cho c\u00e1c \u1ed5 \u0111\u1ee1 ho\u1ea1t \u0111\u1ed9ng \u1edf nhi\u1ec7t \u0111\u1ed9 cao, t\u1ea3i tr\u1ecdng n\u1eb7ng nh\u01b0:\n<ul data-sourcepos=\"22:5-24:58\">\n<li data-sourcepos=\"22:5-22:51\">C\u00e1c \u1ed5 \u0111\u1ee1 trong l\u00f2 nung, m\u00e1y \u00e9p nh\u1ef1a, m\u00e1y c\u00e1n.<\/li>\n<li data-sourcepos=\"23:5-23:46\">C\u00e1c \u1ed5 bi \u0111\u1ed9ng c\u01a1 \u0111i\u1ec7n, qu\u1ea1t c\u00f4ng nghi\u1ec7p.<\/li>\n<li data-sourcepos=\"24:5-24:58\">C\u00e1c thi\u1ebft b\u1ecb ho\u1ea1t \u0111\u1ed9ng trong m\u00f4i tr\u01b0\u1eddng kh\u1eafc nghi\u1ec7t.<\/li>\n<\/ul>\n<\/li>\n<li data-sourcepos=\"25:1-26:0\"><strong>C\u00e1c \u1ee9ng d\u1ee5ng kh\u00e1c:<\/strong> C\u00f3 th\u1ec3 s\u1eed d\u1ee5ng cho c\u00e1c \u1ee9ng d\u1ee5ng \u0111\u00f2i h\u1ecfi m\u1ee1 b\u00f4i tr\u01a1n c\u00f3 \u0111\u1ed9 b\u1ec1n cao v\u00e0 ch\u1ecbu nhi\u1ec7t t\u1ed1t.<\/li>\n<\/ul>\n<h3 data-sourcepos=\"27:1-27:25\"><\/h3>\n<p><strong><img decoding=\"async\" title=\"shell-gadus-s3-t150j-2-1-1\" src=\"https:\/\/yenhung.com\/wp-content\/uploads\/2025\/11\/shell-gadus-s3-t150j-2-1-1.jpg\" alt=\"SHELL GADUS S3 T150J 2\" data-thumb=\"large\" \/><\/strong><\/p>\n<ul data-sourcepos=\"29:1-34:0\">\n<li data-sourcepos=\"29:1-29:13\"><strong>NLGI:<\/strong> 2<\/li>\n<li data-sourcepos=\"30:1-30:26\"><strong>Ch\u1ea5t l\u00e0m \u0111\u1eb7c:<\/strong> Diurea<\/li>\n<li data-sourcepos=\"31:1-31:25\"><strong>\u0110\u1ed9 nh\u1edbt:<\/strong> ISO VG 150<\/li>\n<li data-sourcepos=\"32:1-32:37\"><strong>Nhi\u1ec7t \u0111\u1ed9 l\u00e0m vi\u1ec7c:<\/strong> T\u1ed1i \u0111a 150\u00b0C<\/li>\n<li data-sourcepos=\"33:1-34:0\"><strong>Bao b\u00ec:<\/strong> Th\u00f9ng 18kg, phuy 180kg<\/li>\n<\/ul>\n<h3 data-sourcepos=\"35:1-35:25\"><\/h3>\n<ol data-sourcepos=\"37:1-40:0\">\n<li data-sourcepos=\"37:1-37:102\"><strong>L\u00e0m s\u1ea1ch b\u1ec1 m\u1eb7t:<\/strong> Tr\u01b0\u1edbc khi b\u00f4i m\u1ee1, c\u1ea7n l\u00e0m s\u1ea1ch b\u1ec1 m\u1eb7t \u1ed5 \u0111\u1ee1 \u0111\u1ec3 lo\u1ea1i b\u1ecf b\u1ee5i b\u1ea9n v\u00e0 c\u00e1c t\u1ea1p ch\u1ea5t.<\/li>\n<li data-sourcepos=\"38:1-38:62\"><strong>B\u00f4i m\u1ee1:<\/strong> S\u1eed d\u1ee5ng b\u01a1m m\u1ee1 ho\u1eb7c s\u00fang m\u1ee1 \u0111\u1ec3 b\u00f4i m\u1ee1 v\u00e0o \u1ed5 \u0111\u1ee1.<\/li>\n<li data-sourcepos=\"39:1-40:0\"><strong>Ki\u1ec3m tra:<\/strong> Ki\u1ec3m tra \u0111\u1ecbnh k\u1ef3 l\u01b0\u1ee3ng m\u1ee1 trong \u1ed5 \u0111\u1ee1 v\u00e0 b\u1ed5 sung khi c\u1ea7n thi\u1ebft.<\/li>\n<\/ol>\n<h3 data-sourcepos=\"41:1-41:25\"><\/h3>\n<ul data-sourcepos=\"43:1-46:0\">\n<li data-sourcepos=\"43:1-43:75\"><strong>B\u1ea3o qu\u1ea3n:<\/strong> B\u1ea3o qu\u1ea3n n\u01a1i kh\u00f4 r\u00e1o, tho\u00e1ng m\u00e1t, tr\u00e1nh \u00e1nh n\u1eafng tr\u1ef1c ti\u1ebfp.<\/li>\n<li data-sourcepos=\"44:1-44:100\"><strong>An to\u00e0n:<\/strong> Tr\u00e1nh ti\u1ebfp x\u00fac tr\u1ef1c ti\u1ebfp v\u1edbi da v\u00e0 m\u1eaft. S\u1eed d\u1ee5ng g\u0103ng tay v\u00e0 k\u00ednh b\u1ea3o h\u1ed9 khi thao t\u00e1c.<\/li>\n<li data-sourcepos=\"45:1-46:0\"><strong>M\u00f4i tr\u01b0\u1eddng:<\/strong> X\u1eed l\u00fd bao b\u00ec v\u00e0 ch\u1ea5t th\u1ea3i theo \u0111\u00fang quy \u0111\u1ecbnh.<\/li>\n<\/ul>\n<\/div>\n","protected":false},"excerpt":{"rendered":"<p>T\u00ean sa\u0309n ph\u00e2\u0309m:\u00a0SHELL GADUS S3 T150J 2<\/p>\n<p><strong>Li\u00ean H\u1ec7:<\/strong> 0397433258<\/p>\n","protected":false},"featured_media":8964,"comment_status":"closed","ping_status":"closed","template":"","meta":[],"product_brand":[],"product_cat":[168],"product_tag":[],"class_list":{"0":"post-8963","1":"product","2":"type-product","3":"status-publish","4":"has-post-thumbnail","6":"product_cat-shell","8":"first","9":"instock","10":"shipping-taxable","11":"product-type-simple"},"_links":{"self":[{"href":"https:\/\/yenhung.com\/index.php?rest_route=\/wp\/v2\/product\/8963","targetHints":{"allow":["GET"]}}],"collection":[{"href":"https:\/\/yenhung.com\/index.php?rest_route=\/wp\/v2\/product"}],"about":[{"href":"https:\/\/yenhung.com\/index.php?rest_route=\/wp\/v2\/types\/product"}],"replies":[{"embeddable":true,"href":"https:\/\/yenhung.com\/index.php?rest_route=%2Fwp%2Fv2%2Fcomments&post=8963"}],"wp:featuredmedia":[{"embeddable":true,"href":"https:\/\/yenhung.com\/index.php?rest_route=\/wp\/v2\/media\/8964"}],"wp:attachment":[{"href":"https:\/\/yenhung.com\/index.php?rest_route=%2Fwp%2Fv2%2Fmedia&parent=8963"}],"wp:term":[{"taxonomy":"product_brand","embeddable":true,"href":"https:\/\/yenhung.com\/index.php?rest_route=%2Fwp%2Fv2%2Fproduct_brand&post=8963"},{"taxonomy":"product_cat","embeddable":true,"href":"https:\/\/yenhung.com\/index.php?rest_route=%2Fwp%2Fv2%2Fproduct_cat&post=8963"},{"taxonomy":"product_tag","embeddable":true,"href":"https:\/\/yenhung.com\/index.php?rest_route=%2Fwp%2Fv2%2Fproduct_tag&post=8963"}],"curies":[{"name":"wp","href":"https:\/\/api.w.org\/{rel}","templated":true}]}}