{"id":8970,"date":"2025-11-10T09:04:43","date_gmt":"2025-11-10T09:04:43","guid":{"rendered":"https:\/\/yenhung.com\/?product=shell-tellus-s2-mx68-20l-xo"},"modified":"2026-03-13T07:12:08","modified_gmt":"2026-03-13T07:12:08","slug":"shell-tellus-s2-mx68-20l-xo","status":"publish","type":"product","link":"https:\/\/yenhung.com\/?product=shell-tellus-s2-mx68-20l-xo","title":{"rendered":"D\u1ea7u Th\u1ee7y L\u1ef1c &#8211; Shell Tellus S2 MX68 (20L\/x\u00f4)"},"content":{"rendered":"<div class=\"ba-text-fpt\">\n<p data-sourcepos=\"7:1-7:247\"><strong>Shell Tellus S2 MX68<\/strong> l\u00e0 d\u1ea7u th\u1ee7y l\u1ef1c cao c\u1ea5p \u0111\u01b0\u1ee3c s\u1ea3n xu\u1ea5t t\u1eeb d\u1ea7u g\u1ed1c nh\u00f3m II v\u00e0 h\u1ec7 ph\u1ee5 gia ti\u00ean ti\u1ebfn. S\u1ea3n ph\u1ea9m \u0111\u01b0\u1ee3c thi\u1ebft k\u1ebf \u0111\u1eb7c bi\u1ec7t \u0111\u1ec3 cung c\u1ea5p hi\u1ec7u su\u1ea5t v\u01b0\u1ee3t tr\u1ed9i v\u00e0 b\u1ea3o v\u1ec7 t\u1ed1i \u01b0u cho c\u00e1c h\u1ec7 th\u1ed1ng th\u1ee7y l\u1ef1c trong nhi\u1ec1u \u1ee9ng d\u1ee5ng c\u00f4ng nghi\u1ec7p.<\/p>\n<p data-sourcepos=\"9:1-9:40\"><img decoding=\"async\" title=\"shell-tellus-s2-mx68-1-2\" src=\"https:\/\/yenhung.com\/wp-content\/uploads\/2025\/11\/shell-tellus-s2-mx68-1-2.jpg\" alt=\"Shell Tellus S2 MX68\" data-thumb=\"large\" \/><\/p>\n<h3 data-sourcepos=\"11:1-11:19\">\u01afu \u0111i\u1ec3m n\u1ed5i b\u1eadt<\/h3>\n<ul data-sourcepos=\"13:1-18:0\">\n<li data-sourcepos=\"13:1-13:180\"><strong>B\u1ea3o v\u1ec7 ch\u1ed1ng m\u00e0i m\u00f2n:<\/strong> Nh\u1edd h\u1ec7 ph\u1ee5 gia ti\u00ean ti\u1ebfn, d\u1ea7u Shell Tellus S2 MX68 cung c\u1ea5p kh\u1ea3 n\u0103ng b\u1ea3o v\u1ec7 ch\u1ed1ng m\u00e0i m\u00f2n v\u01b0\u1ee3t tr\u1ed9i, k\u00e9o d\u00e0i tu\u1ed5i th\u1ecd c\u00e1c b\u1ed9 ph\u1eadn c\u1ee7a h\u1ec7 th\u1ed1ng th\u1ee7y l\u1ef1c.<\/li>\n<li data-sourcepos=\"14:1-14:139\"><strong>Hi\u1ec7u su\u1ea5t \u1ed5n \u0111\u1ecbnh:<\/strong> D\u1ea7u duy tr\u00ec \u0111\u1ed9 nh\u1edbt \u1ed5n \u0111\u1ecbnh trong \u0111i\u1ec1u ki\u1ec7n nhi\u1ec7t \u0111\u1ed9 v\u00e0 \u00e1p su\u1ea5t thay \u0111\u1ed5i, \u0111\u1ea3m b\u1ea3o ho\u1ea1t \u0111\u1ed9ng tr\u01a1n tru c\u1ee7a h\u1ec7 th\u1ed1ng.<\/li>\n<li data-sourcepos=\"15:1-15:96\"><strong>Kh\u1ea3 n\u0103ng ch\u1ed1ng oxy h\u00f3a:<\/strong> Ch\u1ed1ng l\u1ea1i qu\u00e1 tr\u00ecnh oxy h\u00f3a, gi\u00fap d\u1ea7u b\u1ec1n h\u01a1n v\u00e0 k\u00e9o d\u00e0i tu\u1ed5i th\u1ecd.<\/li>\n<li data-sourcepos=\"16:1-16:101\"><strong>T\u00ednh n\u0103ng ch\u1ed1ng t\u1ea1o b\u1ecdt:<\/strong> Gi\u1ea3m thi\u1ec3u hi\u1ec7n t\u01b0\u1ee3ng t\u1ea1o b\u1ecdt, \u0111\u1ea3m b\u1ea3o truy\u1ec1n l\u1ef1c hi\u1ec7u qu\u1ea3 v\u00e0 \u1ed5n \u0111\u1ecbnh.<\/li>\n<li data-sourcepos=\"17:1-18:0\"><strong>Kh\u1ea3 n\u0103ng t\u00e1ch n\u01b0\u1edbc:<\/strong> T\u00e1ch n\u01b0\u1edbc nhanh ch\u00f3ng, ng\u0103n ng\u1eeba s\u1ef1 h\u00ecnh th\u00e0nh g\u1ec9 s\u00e9t v\u00e0 \u0103n m\u00f2n.<\/li>\n<\/ul>\n<h3 data-sourcepos=\"19:1-19:12\">\u1ee8ng d\u1ee5ng<\/h3>\n<ul data-sourcepos=\"21:1-24:0\">\n<li data-sourcepos=\"21:1-21:72\"><strong>H\u1ec7 th\u1ed1ng th\u1ee7y l\u1ef1c c\u00f4ng nghi\u1ec7p:<\/strong> M\u00e1y c\u00f4ng c\u1ee5, m\u00e1y \u00e9p, m\u00e1y n\u00e2ng h\u1ea1&#8230;<\/li>\n<li data-sourcepos=\"22:1-22:52\"><strong>Thi\u1ebft b\u1ecb di \u0111\u1ed9ng:<\/strong> M\u00e1y x\u00fac, m\u00e1y \u0111\u00e0o, xe n\u00e2ng&#8230;<\/li>\n<li data-sourcepos=\"23:1-24:0\"><strong>C\u00e1c h\u1ec7 th\u1ed1ng y\u00eau c\u1ea7u \u0111\u1ed9 tin c\u1eady cao:<\/strong> H\u1ec7 th\u1ed1ng \u0111i\u1ec1u khi\u1ec3n, h\u1ec7 th\u1ed1ng th\u1ee7y l\u1ef1c ch\u00ednh x\u00e1c&#8230;<\/li>\n<\/ul>\n<h3 data-sourcepos=\"25:1-25:21\">Th\u00f4ng s\u1ed1 k\u1ef9 thu\u1eadt<\/h3>\n<ul data-sourcepos=\"27:1-31:0\">\n<li data-sourcepos=\"27:1-27:24\"><strong>\u0110\u1ed9 nh\u1edbt:<\/strong> ISO VG 68<\/li>\n<li data-sourcepos=\"28:1-28:21\"><strong>D\u1ea1ng:<\/strong> Ch\u1ea5t l\u1ecfng<\/li>\n<li data-sourcepos=\"29:1-29:37\"><strong>M\u00e0u s\u1eafc:<\/strong> [M\u00e0u s\u1eafc c\u1ee7a s\u1ea3n ph\u1ea9m]<\/li>\n<li data-sourcepos=\"30:1-31:0\"><strong>Nhi\u1ec7t \u0111\u1ed9 l\u00e0m vi\u1ec7c:<\/strong> [Kho\u1ea3ng nhi\u1ec7t \u0111\u1ed9 l\u00e0m vi\u1ec7c]<\/li>\n<\/ul>\n<h3 data-sourcepos=\"32:1-32:21\">H\u01b0\u1edbng d\u1eabn s\u1eed d\u1ee5ng<\/h3>\n<p><img decoding=\"async\" title=\"shell-tellus-s2-mx68-2\" src=\"https:\/\/yenhung.com\/wp-content\/uploads\/2025\/11\/shell-tellus-s2-mx68-2.jpg\" alt=\"Shell Tellus S2 MX68\" data-thumb=\"large\" \/><\/p>\n<ul data-sourcepos=\"34:1-37:0\">\n<li data-sourcepos=\"34:1-34:79\"><strong>L\u00e0m s\u1ea1ch h\u1ec7 th\u1ed1ng:<\/strong> Tr\u01b0\u1edbc khi thay d\u1ea7u, c\u1ea7n l\u00e0m s\u1ea1ch k\u1ef9 h\u1ec7 th\u1ed1ng th\u1ee7y l\u1ef1c.<\/li>\n<li data-sourcepos=\"35:1-35:93\"><strong>Thay d\u1ea7u:<\/strong> Thay d\u1ea7u theo \u0111\u00fang quy tr\u00ecnh v\u00e0 \u0111\u1ecbnh k\u1ef3 khuy\u1ebfn c\u00e1o c\u1ee7a nh\u00e0 s\u1ea3n xu\u1ea5t thi\u1ebft b\u1ecb.<\/li>\n<li data-sourcepos=\"36:1-37:0\"><strong>Ki\u1ec3m tra m\u1ee9c d\u1ea7u:<\/strong> Ki\u1ec3m tra m\u1ee9c d\u1ea7u th\u01b0\u1eddng xuy\u00ean v\u00e0 b\u1ed5 sung khi c\u1ea7n thi\u1ebft.<\/li>\n<\/ul>\n<h3 data-sourcepos=\"38:1-38:21\">L\u01b0u \u00fd khi s\u1eed d\u1ee5ng<\/h3>\n<ul data-sourcepos=\"40:1-43:0\">\n<li data-sourcepos=\"40:1-40:86\"><strong>B\u1ea3o qu\u1ea3n:<\/strong> B\u1ea3o qu\u1ea3n s\u1ea3n ph\u1ea9m \u1edf n\u01a1i kh\u00f4 r\u00e1o, tho\u00e1ng m\u00e1t, tr\u00e1nh \u00e1nh n\u1eafng tr\u1ef1c ti\u1ebfp.<\/li>\n<li data-sourcepos=\"41:1-41:71\"><strong>An to\u00e0n:<\/strong> S\u1eed d\u1ee5ng g\u0103ng tay, k\u00ednh b\u1ea3o h\u1ed9 khi ti\u1ebfp x\u00fac v\u1edbi s\u1ea3n ph\u1ea9m.<\/li>\n<li data-sourcepos=\"42:1-43:0\"><strong>M\u00f4i tr\u01b0\u1eddng:<\/strong> X\u1eed l\u00fd d\u1ea7u th\u1ea3i theo \u0111\u00fang quy \u0111\u1ecbnh.<\/li>\n<\/ul>\n<\/div>\n","protected":false},"excerpt":{"rendered":"<p>T\u00ean sa\u0309n ph\u00e2\u0309m: Shell Tellus S2 MX68<\/p>\n<p><strong>Li\u00ean H\u1ec7:<\/strong> 0397433258<\/p>\n","protected":false},"featured_media":8971,"comment_status":"closed","ping_status":"closed","template":"","meta":[],"product_brand":[],"product_cat":[168],"product_tag":[],"class_list":{"0":"post-8970","1":"product","2":"type-product","3":"status-publish","4":"has-post-thumbnail","6":"product_cat-shell","8":"first","9":"instock","10":"shipping-taxable","11":"product-type-simple"},"_links":{"self":[{"href":"https:\/\/yenhung.com\/index.php?rest_route=\/wp\/v2\/product\/8970","targetHints":{"allow":["GET"]}}],"collection":[{"href":"https:\/\/yenhung.com\/index.php?rest_route=\/wp\/v2\/product"}],"about":[{"href":"https:\/\/yenhung.com\/index.php?rest_route=\/wp\/v2\/types\/product"}],"replies":[{"embeddable":true,"href":"https:\/\/yenhung.com\/index.php?rest_route=%2Fwp%2Fv2%2Fcomments&post=8970"}],"wp:featuredmedia":[{"embeddable":true,"href":"https:\/\/yenhung.com\/index.php?rest_route=\/wp\/v2\/media\/8971"}],"wp:attachment":[{"href":"https:\/\/yenhung.com\/index.php?rest_route=%2Fwp%2Fv2%2Fmedia&parent=8970"}],"wp:term":[{"taxonomy":"product_brand","embeddable":true,"href":"https:\/\/yenhung.com\/index.php?rest_route=%2Fwp%2Fv2%2Fproduct_brand&post=8970"},{"taxonomy":"product_cat","embeddable":true,"href":"https:\/\/yenhung.com\/index.php?rest_route=%2Fwp%2Fv2%2Fproduct_cat&post=8970"},{"taxonomy":"product_tag","embeddable":true,"href":"https:\/\/yenhung.com\/index.php?rest_route=%2Fwp%2Fv2%2Fproduct_tag&post=8970"}],"curies":[{"name":"wp","href":"https:\/\/api.w.org\/{rel}","templated":true}]}}