{"id":8984,"date":"2025-11-10T09:04:54","date_gmt":"2025-11-10T09:04:54","guid":{"rendered":"https:\/\/yenhung.com\/?product=dau-shell-omala-s2-gx100-209l-phuy"},"modified":"2026-03-13T07:11:52","modified_gmt":"2026-03-13T07:11:52","slug":"dau-shell-omala-s2-gx100-209l-phuy","status":"publish","type":"product","link":"https:\/\/yenhung.com\/?product=dau-shell-omala-s2-gx100-209l-phuy","title":{"rendered":"D\u1ea7u B\u00e1nh R\u0103ng C\u00f4ng Nghi\u1ec7p &#8211; SHELL OMALA S2 GX100 (209l\/phuy)"},"content":{"rendered":"<div class=\"ba-text-fpt\">\n<h2 data-sourcepos=\"3:1-3:96\"><strong>D\u1ea7u Shell Omala S2 GX100 (209L\/phuy)<\/strong><\/h2>\n<p data-sourcepos=\"3:1-3:96\"><strong>Gi\u1ea3i ph\u00e1p t\u1ed1i \u01b0u cho h\u1ec7 th\u1ed1ng b\u00e1nh r\u0103ng c\u00f4ng nghi\u1ec7p<\/strong><\/p>\n<p><strong><img decoding=\"async\" title=\"shell-omala-s4-we-synthetic-gear-oils-9677-c64eb086-6469-49d6-9596-e560c45911ba-2\" src=\"https:\/\/yenhung.com\/wp-content\/uploads\/2025\/11\/shell-omala-s4-we-synthetic-gear-oils-9677-c64eb086-6469-49d6-9596-e560c45911ba-2.jpg\" alt=\"D\u1ea7u - SHELL OMALA S2 GX100 (209l\/phuy)\" data-thumb=\"large\" \/><\/strong><\/p>\n<h3 data-sourcepos=\"5:1-5:27\"><\/h3>\n<p data-sourcepos=\"7:1-7:130\"><strong>D\u1ea7u Shell Omala S2 GX100<\/strong> l\u00e0 lo\u1ea1i d\u1ea7u b\u00e1nh r\u0103ng c\u00f4ng nghi\u1ec7p ch\u1ea5t l\u01b0\u1ee3ng cao, \u0111\u01b0\u1ee3c s\u1ea3n xu\u1ea5t b\u1edfi t\u1eadp \u0111o\u00e0n Shell. S\u1ea3n ph\u1ea9m \u0111\u01b0\u1ee3c \u0111\u1eb7c ch\u1ebf \u0111\u1ec3 b\u00f4i tr\u01a1n c\u00e1c h\u1ec7 th\u1ed1ng b\u00e1nh r\u0103ng ch\u1ecbu t\u1ea3i tr\u1ecdng n\u1eb7ng, ho\u1ea1t \u0111\u1ed9ng trong \u0111i\u1ec1u ki\u1ec7n kh\u1eafc nghi\u1ec7t, \u0111\u1ea3m b\u1ea3o hi\u1ec7u su\u1ea5t l\u00e0m vi\u1ec7c \u1ed5n \u0111\u1ecbnh v\u00e0 k\u00e9o d\u00e0i tu\u1ed5i th\u1ecd thi\u1ebft b\u1ecb.<\/p>\n<h3 data-sourcepos=\"11:1-11:23\"><\/h3>\n<p><strong><img decoding=\"async\" title=\"shell-omala-s2-gx100-a-1750240723205-1\" src=\"https:\/\/yenhung.com\/wp-content\/uploads\/2025\/11\/shell-omala-s2-gx100-a-1750240723205-1.png\" alt=\"D\u1ea7u - SHELL OMALA S2 GX100 (209l\/phuy)\" data-thumb=\"large\" \/><\/strong><\/p>\n<ul data-sourcepos=\"13:1-14:87\">\n<li data-sourcepos=\"13:1-13:127\"><strong>Kh\u1ea3 n\u0103ng ch\u1ecbu t\u1ea3i c\u1ef1c cao:<\/strong> B\u1ea3o v\u1ec7 h\u1ec7 th\u1ed1ng b\u00e1nh r\u0103ng kh\u1ecfi m\u00e0i m\u00f2n, \u0103n m\u00f2n, \u0111\u1eb7c bi\u1ec7t trong \u0111i\u1ec1u ki\u1ec7n t\u1ea3i tr\u1ecdng va \u0111\u1eadp l\u1edbn.<\/li>\n<li data-sourcepos=\"14:1-14:87\"><strong>\u1ed4n \u0111\u1ecbnh nhi\u1ec7t:<\/strong> Gi\u1eef \u0111\u01b0\u1ee3c \u0111\u1ed9 nh\u1edbt \u1ed5n \u0111\u1ecbnh trong d\u1ea3i nhi\u1ec7t \u0111\u1ed9 r\u1ed9ng, \u0111\u1ea3m b\u1ea3o kh\u1ea3 n\u0103ng b\u00f4i tr\u01a1n hi\u1ec7u qu\u1ea3.<\/li>\n<li data-sourcepos=\"15:1-15:75\"><strong>Ch\u1ed1ng oxi h\u00f3a:<\/strong> Ng\u0103n ng\u1eeba s\u1ef1 h\u00ecnh th\u00e0nh c\u1eb7n b\u1ea9n, k\u00e9o d\u00e0i tu\u1ed5i th\u1ecd d\u1ea7u.<\/li>\n<li data-sourcepos=\"16:1-16:108\"><strong>T\u00e1ch n\u01b0\u1edbc t\u1ed1t:<\/strong> Ng\u0103n ng\u1eeba s\u1ef1 ph\u00e1t tri\u1ec3n c\u1ee7a vi khu\u1ea9n v\u00e0 n\u1ea5m m\u1ed1c, b\u1ea3o v\u1ec7 h\u1ec7 th\u1ed1ng b\u00e1nh r\u0103ng kh\u1ecfi \u0103n m\u00f2n.<\/li>\n<li data-sourcepos=\"17:1-18:0\"><strong>T\u01b0\u01a1ng th\u00edch v\u1edbi c\u00e1c v\u1eadt li\u1ec7u:<\/strong> T\u01b0\u01a1ng th\u00edch v\u1edbi h\u1ea7u h\u1ebft c\u00e1c lo\u1ea1i kim lo\u1ea1i v\u00e0 v\u1eadt li\u1ec7u l\u00e0m k\u00edn.<\/li>\n<\/ul>\n<h3 data-sourcepos=\"19:1-19:16\"><\/h3>\n<ul data-sourcepos=\"21:1-22:7\">\n<li data-sourcepos=\"21:1-21:103\"><strong>B\u00f4i tr\u01a1n c\u00e1c h\u1ec7 th\u1ed1ng b\u00e1nh r\u0103ng c\u00f4ng nghi\u1ec7p:<\/strong> B\u00e1nh r\u0103ng tr\u1ee5, b\u00e1nh r\u0103ng c\u00f4n, b\u00e1nh r\u0103ng v\u00edt, h\u1ed9p s\u1ed1.<\/li>\n<li data-sourcepos=\"22:1-22:7\"><strong>C\u00e1c ng\u00e0nh c\u00f4ng nghi\u1ec7p:<\/strong> S\u1ea3n xu\u1ea5t th\u00e9p, xi m\u0103ng, khai th\u00e1c m\u1ecf, gi\u1ea5y, \u0111\u01b0\u1eddng.<\/li>\n<li data-sourcepos=\"23:1-24:0\"><strong>Thi\u1ebft b\u1ecb:<\/strong> M\u00e1y \u00e9p, m\u00e1y nghi\u1ec1n, m\u00e1y tr\u1ed9n, m\u00e1y b\u01a1m.<\/li>\n<\/ul>\n<h3 data-sourcepos=\"25:1-25:25\"><\/h3>\n<p><strong><img decoding=\"async\" title=\"shell-omala-s2-gx100-b-1750240722472-1\" src=\"https:\/\/yenhung.com\/wp-content\/uploads\/2025\/11\/shell-omala-s2-gx100-b-1750240722472-1.jpg\" alt=\"D\u1ea7u - SHELL OMALA S2 GX100 (209l\/phuy)\" data-thumb=\"large\" \/><\/strong><\/p>\n<ul data-sourcepos=\"27:1-32:0\">\n<li data-sourcepos=\"27:1-27:21\"><strong>D\u1ea1ng:<\/strong> Ch\u1ea5t l\u1ecfng<\/li>\n<li data-sourcepos=\"28:1-28:37\"><strong>M\u00e0u s\u1eafc:<\/strong> [M\u00e0u s\u1eafc c\u1ee7a s\u1ea3n ph\u1ea9m]<\/li>\n<li data-sourcepos=\"29:1-29:25\"><strong>\u0110\u1ed9 nh\u1edbt:<\/strong> ISO VG 100<\/li>\n<li data-sourcepos=\"30:1-30:51\"><strong>Nhi\u1ec7t \u0111\u1ed9 l\u00e0m vi\u1ec7c:<\/strong> [Kho\u1ea3ng nhi\u1ec7t \u0111\u1ed9 l\u00e0m vi\u1ec7c]<\/li>\n<li data-sourcepos=\"31:1-32:0\"><strong>\u0110\u00f3ng g\u00f3i:<\/strong> 209L\/phuy<\/li>\n<li data-sourcepos=\"35:1-35:24\"><strong>L\u00e0m s\u1ea1ch h\u1ec7 th\u1ed1ng:<\/strong> Tr\u01b0\u1edbc khi thay d\u1ea7u, c\u1ea7n l\u00e0m s\u1ea1ch k\u1ef9 h\u1ec7 th\u1ed1ng b\u00e1nh r\u0103ng.<\/li>\n<li data-sourcepos=\"36:1-36:93\"><strong>Ki\u1ec3m tra \u0111\u1ed9 nh\u1edbt:<\/strong> Ch\u1ecdn lo\u1ea1i d\u1ea7u c\u00f3 \u0111\u1ed9 nh\u1edbt ph\u00f9 h\u1ee3p v\u1edbi \u0111i\u1ec1u ki\u1ec7n l\u00e0m vi\u1ec7c c\u1ee7a h\u1ec7 th\u1ed1ng.<\/li>\n<li data-sourcepos=\"37:1-38:0\"><strong>Thay d\u1ea7u \u0111\u1ecbnh k\u1ef3:<\/strong> Thay d\u1ea7u theo khuy\u1ebfn c\u00e1o c\u1ee7a nh\u00e0 s\u1ea3n xu\u1ea5t ho\u1eb7c d\u1ef1a tr\u00ean \u0111i\u1ec1u ki\u1ec7n l\u00e0m vi\u1ec7c th\u1ef1c t\u1ebf.<\/li>\n<li data-sourcepos=\"41:1-41:86\"><strong>B\u1ea3o qu\u1ea3n:<\/strong> B\u1ea3o qu\u1ea3n s\u1ea3n ph\u1ea9m \u1edf n\u01a1i kh\u00f4 r\u00e1o, tho\u00e1ng m\u00e1t, tr\u00e1nh \u00e1nh n\u1eafng tr\u1ef1c ti\u1ebfp.<\/li>\n<li data-sourcepos=\"42:1-42:71\"><strong>An to\u00e0n:<\/strong> S\u1eed d\u1ee5ng g\u0103ng tay, k\u00ednh b\u1ea3o h\u1ed9 khi ti\u1ebfp x\u00fac v\u1edbi s\u1ea3n ph\u1ea9m.<\/li>\n<li data-sourcepos=\"43:1-44:0\"><strong>M\u00f4i tr\u01b0\u1eddng:<\/strong> X\u1eed l\u00fd d\u1ea7u th\u1ea3i theo \u0111\u00fang quy \u0111\u1ecbnh.<\/li>\n<\/ul>\n<p>&nbsp;<\/p>\n<\/div>\n","protected":false},"excerpt":{"rendered":"<p>T\u00ean sa\u0309n ph\u00e2\u0309m:\u00a0D\u1ea7u &#8211; SHELL OMALA S2 GX100 (209l\/phuy)<\/p>\n<p><strong>Li\u00ean H\u1ec7:<\/strong> 0397433258<\/p>\n","protected":false},"featured_media":8985,"comment_status":"closed","ping_status":"closed","template":"","meta":[],"product_brand":[],"product_cat":[168],"product_tag":[],"class_list":{"0":"post-8984","1":"product","2":"type-product","3":"status-publish","4":"has-post-thumbnail","6":"product_cat-shell","8":"first","9":"instock","10":"shipping-taxable","11":"product-type-simple"},"_links":{"self":[{"href":"https:\/\/yenhung.com\/index.php?rest_route=\/wp\/v2\/product\/8984","targetHints":{"allow":["GET"]}}],"collection":[{"href":"https:\/\/yenhung.com\/index.php?rest_route=\/wp\/v2\/product"}],"about":[{"href":"https:\/\/yenhung.com\/index.php?rest_route=\/wp\/v2\/types\/product"}],"replies":[{"embeddable":true,"href":"https:\/\/yenhung.com\/index.php?rest_route=%2Fwp%2Fv2%2Fcomments&post=8984"}],"wp:featuredmedia":[{"embeddable":true,"href":"https:\/\/yenhung.com\/index.php?rest_route=\/wp\/v2\/media\/8985"}],"wp:attachment":[{"href":"https:\/\/yenhung.com\/index.php?rest_route=%2Fwp%2Fv2%2Fmedia&parent=8984"}],"wp:term":[{"taxonomy":"product_brand","embeddable":true,"href":"https:\/\/yenhung.com\/index.php?rest_route=%2Fwp%2Fv2%2Fproduct_brand&post=8984"},{"taxonomy":"product_cat","embeddable":true,"href":"https:\/\/yenhung.com\/index.php?rest_route=%2Fwp%2Fv2%2Fproduct_cat&post=8984"},{"taxonomy":"product_tag","embeddable":true,"href":"https:\/\/yenhung.com\/index.php?rest_route=%2Fwp%2Fv2%2Fproduct_tag&post=8984"}],"curies":[{"name":"wp","href":"https:\/\/api.w.org\/{rel}","templated":true}]}}