{"id":8992,"date":"2025-11-10T09:05:03","date_gmt":"2025-11-10T09:05:03","guid":{"rendered":"https:\/\/yenhung.com\/?product=dau-nhon-shell-omala-s2-gx68-209l-phuy"},"modified":"2026-03-13T07:08:59","modified_gmt":"2026-03-13T07:08:59","slug":"dau-nhon-shell-omala-s2-gx68-209l-phuy","status":"publish","type":"product","link":"https:\/\/yenhung.com\/?product=dau-nhon-shell-omala-s2-gx68-209l-phuy","title":{"rendered":"Shell Omala S2 GX68 \u2013 D\u1ea7u b\u00e1nh r\u0103ng c\u00f4ng nghi\u1ec7p ch\u1ea5t l\u01b0\u1ee3ng cao, b\u00f4i tr\u01a1n v\u01b0\u1ee3t tr\u1ed9i, b\u1ea3o v\u1ec7 thi\u1ebft b\u1ecb t\u1ed1i \u01b0u"},"content":{"rendered":"<div class=\"ba-text-fpt\">\n<h4 data-sourcepos=\"3:1-3:79\"><\/h4>\n<p><img decoding=\"async\" style=\"font-size: 14.4px;\" title=\"dau-nhon-shell-omala-s2-gx68-a-1750297005024-1\" src=\"https:\/\/yenhung.com\/wp-content\/uploads\/2025\/11\/dau-nhon-shell-omala-s2-gx68-a-1750297005024-1.jpg\" alt=\"D\u1ea7u nh\u1eddn - shell omala s2 gx68 (209l\/Phuy)\" data-thumb=\"large\" \/><\/p>\n<h3 data-sourcepos=\"5:1-5:23\">Gi\u1edbi thi\u1ec7u s\u1ea3n ph\u1ea9m<\/h3>\n<p data-sourcepos=\"7:1-7:27\"><strong>Shell Omala S2 GX 68<\/strong> l\u00e0 m\u1ed9t lo\u1ea1i d\u1ea7u b\u00e1nh r\u0103ng c\u00f4ng nghi\u1ec7p g\u1ed1c kho\u00e1ng ch\u1ea5t l\u01b0\u1ee3ng cao, \u0111\u01b0\u1ee3c thi\u1ebft k\u1ebf \u0111\u1eb7c bi\u1ec7t \u0111\u1ec3 b\u00f4i tr\u01a1n c\u00e1c h\u1ec7 th\u1ed1ng b\u00e1nh r\u0103ng ch\u1ecbu t\u1ea3i tr\u1ecdng n\u1eb7ng, \u00e1p su\u1ea5t cao trong c\u00e1c \u0111i\u1ec1u ki\u1ec7n l\u00e0m vi\u1ec7c kh\u1eafc nghi\u1ec7t. S\u1ea3n ph\u1ea9m n\u00e0y n\u1ed5i ti\u1ebfng v\u1edbi kh\u1ea3 n\u0103ng ch\u1ecbu c\u1ef1c \u00e1p, ch\u1ed1ng m\u00e0i m\u00f2n v\u00e0 k\u00e9o d\u00e0i tu\u1ed5i th\u1ecd c\u1ee7a c\u00e1c thi\u1ebft b\u1ecb.<\/p>\n<h1 data-start=\"620\" data-end=\"707\"><strong data-start=\"622\" data-end=\"707\">Shell Omala S2 GX68 \u2013 L\u1ef1a ch\u1ecdn t\u1ed1i \u01b0u cho h\u1ec7 th\u1ed1ng b\u00e1nh r\u0103ng c\u00f4ng nghi\u1ec7p hi\u1ec7n \u0111\u1ea1i<\/strong><\/h1>\n<p data-start=\"709\" data-end=\"1112\">Ngay t\u1eeb \u0111\u1ea7u n\u1ed9i dung, <strong data-start=\"731\" data-end=\"754\">Shell Omala S2 GX68<\/strong> \u0111\u01b0\u1ee3c bi\u1ebft \u0111\u1ebfn nh\u01b0 m\u1ed9t d\u00f2ng d\u1ea7u b\u00e1nh r\u0103ng c\u00f4ng nghi\u1ec7p ch\u1ea5t l\u01b0\u1ee3ng cao, \u0111\u01b0\u1ee3c thi\u1ebft k\u1ebf nh\u1eb1m \u0111\u00e1p \u1ee9ng y\u00eau c\u1ea7u b\u00f4i tr\u01a1n nghi\u00eam ng\u1eb7t c\u1ee7a c\u00e1c h\u1ec7 th\u1ed1ng b\u00e1nh r\u0103ng ch\u1ecbu t\u1ea3i n\u1eb7ng. V\u1edbi c\u00f4ng ngh\u1ec7 ph\u1ee5 gia ti\u00ean ti\u1ebfn v\u00e0 d\u1ea7u g\u1ed1c tinh l\u1ecdc ch\u1ea5t l\u01b0\u1ee3ng cao, s\u1ea3n ph\u1ea9m mang l\u1ea1i kh\u1ea3 n\u0103ng b\u1ea3o v\u1ec7 tuy\u1ec7t v\u1eddi, t\u0103ng \u0111\u1ed9 b\u1ec1n cho thi\u1ebft b\u1ecb v\u00e0 gi\u00fap doanh nghi\u1ec7p v\u1eadn h\u00e0nh \u1ed5n \u0111\u1ecbnh, hi\u1ec7u qu\u1ea3 h\u01a1n.<\/p>\n<h2 data-start=\"1114\" data-end=\"1171\"><strong data-start=\"1117\" data-end=\"1171\">Kh\u1ea3 n\u0103ng b\u1ea3o v\u1ec7 v\u01b0\u1ee3t tr\u1ed9i v\u00e0 ch\u1ed1ng m\u00e0i m\u00f2n m\u1ea1nh m\u1ebd<\/strong><\/h2>\n<p data-start=\"1172\" data-end=\"1588\">Shell Omala S2 GX68 \u0111\u01b0\u1ee3c ph\u00e1t tri\u1ec3n \u0111\u1eb7c bi\u1ec7t \u0111\u1ec3 b\u1ea3o v\u1ec7 b\u1ec1 m\u1eb7t b\u00e1nh r\u0103ng kh\u1ecfi hi\u1ec7n t\u01b0\u1ee3ng m\u00e0i m\u00f2n, pitting v\u00e0 scuffing trong qu\u00e1 tr\u00ecnh v\u1eadn h\u00e0nh. Nh\u1edd kh\u1ea3 n\u0103ng t\u1ea1o m\u00e0ng d\u1ea7u b\u1ec1n v\u1eefng, s\u1ea3n ph\u1ea9m gi\u00fap gi\u1ea3m t\u1ed1i \u0111a ma s\u00e1t, h\u1ea1n ch\u1ebf t\u1ed5n h\u1ea1i chi ti\u1ebft kim lo\u1ea1i ngay c\u1ea3 khi l\u00e0m vi\u1ec7c d\u01b0\u1edbi t\u1ea3i tr\u1ecdng cao v\u00e0 \u0111i\u1ec1u ki\u1ec7n kh\u1eafc nghi\u1ec7t. \u0110i\u1ec1u n\u00e0y kh\u00f4ng ch\u1ec9 gi\u00fap t\u0103ng tu\u1ed5i th\u1ecd thi\u1ebft b\u1ecb m\u00e0 c\u00f2n gi\u1ea3m chi ph\u00ed thay th\u1ebf, s\u1eeda ch\u1eefa cho doanh nghi\u1ec7p.<\/p>\n<h2 data-start=\"1590\" data-end=\"1643\"><strong data-start=\"1593\" data-end=\"1643\">Hi\u1ec7u su\u1ea5t b\u00f4i tr\u01a1n \u1ed5n \u0111\u1ecbnh \u2013 V\u1eadn h\u00e0nh tr\u01a1n tru<\/strong><\/h2>\n<p data-start=\"1644\" data-end=\"2047\">M\u1ed9t trong nh\u1eefng \u01b0u \u0111i\u1ec3m n\u1ed5i b\u1eadt c\u1ee7a <strong data-start=\"1680\" data-end=\"1703\">Shell Omala S2 GX68<\/strong> ch\u00ednh l\u00e0 t\u00ednh \u1ed5n \u0111\u1ecbnh nhi\u1ec7t v\u00e0 kh\u1ea3 n\u0103ng ch\u1ecbu oxy h\u00f3a tuy\u1ec7t v\u1eddi. D\u1ea7u kh\u00f4ng b\u1ecb suy gi\u1ea3m ch\u1ea5t l\u01b0\u1ee3ng nhanh khi l\u00e0m vi\u1ec7c trong th\u1eddi gian d\u00e0i, gi\u00fap h\u1ec7 th\u1ed1ng v\u1eadn h\u00e0nh li\u00ean t\u1ee5c, h\u1ea1n ch\u1ebf s\u1ef1 c\u1ed1 d\u1eebng m\u00e1y. \u0110\u1ed3ng th\u1eddi, Shell Omala S2 GX68 c\u00f2n gi\u00fap gi\u1ea3m ti\u1ebfng \u1ed3n b\u00e1nh r\u0103ng, t\u0103ng \u0111\u1ed9 \u00eam \u00e1i khi v\u1eadn h\u00e0nh v\u00e0 c\u1ea3i thi\u1ec7n hi\u1ec7u su\u1ea5t t\u1ed5ng th\u1ec3 c\u1ee7a h\u1ec7 th\u1ed1ng truy\u1ec1n \u0111\u1ed9ng.<\/p>\n<h2 data-start=\"2049\" data-end=\"2096\"><strong data-start=\"2052\" data-end=\"2096\">Kh\u1ea3 n\u0103ng ch\u1ed1ng r\u1ec9 s\u00e9t v\u00e0 \u0103n m\u00f2n hi\u1ec7u qu\u1ea3<\/strong><\/h2>\n<p data-start=\"2097\" data-end=\"2415\">Trong m\u00f4i tr\u01b0\u1eddng c\u00f4ng nghi\u1ec7p, thi\u1ebft b\u1ecb th\u01b0\u1eddng ph\u1ea3i \u0111\u1ed1i m\u1eb7t v\u1edbi \u0111\u1ed9 \u1ea9m, h\u01a1i n\u01b0\u1edbc ho\u1eb7c c\u00e1c t\u00e1c nh\u00e2n g\u00e2y oxy h\u00f3a. Shell Omala S2 GX68 s\u1edf h\u1eefu ph\u1ee5 gia ch\u1ed1ng r\u1ec9 s\u00e9t m\u1ea1nh m\u1ebd, gi\u00fap b\u1ea3o v\u1ec7 ho\u00e0n h\u1ea3o b\u1ec1 m\u1eb7t kim lo\u1ea1i, ng\u0103n ch\u1eb7n qu\u00e1 tr\u00ecnh \u0103n m\u00f2n. Nh\u1edd \u0111\u00f3, thi\u1ebft b\u1ecb lu\u00f4n duy tr\u00ec t\u00ecnh tr\u1ea1ng l\u00e0m vi\u1ec7c t\u1ed1t v\u00e0 \u1ed5n \u0111\u1ecbnh trong th\u1eddi gian d\u00e0i.<\/p>\n<h2 data-start=\"2417\" data-end=\"2459\"><strong data-start=\"2420\" data-end=\"2459\">\u1ee8ng d\u1ee5ng r\u1ed9ng r\u00e3i trong c\u00f4ng nghi\u1ec7p<\/strong><\/h2>\n<p data-start=\"2460\" data-end=\"2508\">Shell Omala S2 GX68 \u0111\u01b0\u1ee3c s\u1eed d\u1ee5ng ph\u1ed5 bi\u1ebfn trong:<\/p>\n<ul data-start=\"2509\" data-end=\"2686\">\n<li data-start=\"2509\" data-end=\"2533\">\n<p data-start=\"2511\" data-end=\"2533\">H\u1ec7 th\u1ed1ng b\u00e1nh r\u0103ng k\u00edn<\/p>\n<\/li>\n<li data-start=\"2534\" data-end=\"2554\">\n<p data-start=\"2536\" data-end=\"2554\">H\u1ed9p s\u1ed1 c\u00f4ng nghi\u1ec7p<\/p>\n<\/li>\n<li data-start=\"2555\" data-end=\"2604\">\n<p data-start=\"2557\" data-end=\"2604\">B\u00e1nh r\u0103ng tr\u1ee5, b\u00e1nh r\u0103ng c\u00f4n, b\u00e1nh r\u0103ng nghi\u00eang<\/p>\n<\/li>\n<li data-start=\"2605\" data-end=\"2686\">\n<p data-start=\"2607\" data-end=\"2686\">C\u00e1c m\u00e1y m\u00f3c trong ng\u00e0nh th\u00e9p, xi m\u0103ng, khai kho\u00e1ng, s\u1ea3n xu\u1ea5t c\u00f4ng nghi\u1ec7p n\u1eb7ng<\/p>\n<\/li>\n<\/ul>\n<p data-start=\"2688\" data-end=\"2833\">V\u1edbi kh\u1ea3 n\u0103ng \u0111\u00e1p \u1ee9ng ti\u00eau chu\u1ea9n nghi\u00eam ng\u1eb7t, s\u1ea3n ph\u1ea9m l\u00e0 l\u1ef1a ch\u1ecdn \u0111\u00e1ng tin c\u1eady c\u1ee7a nhi\u1ec1u doanh nghi\u1ec7p v\u00e0 nh\u00e0 s\u1ea3n xu\u1ea5t thi\u1ebft b\u1ecb l\u1edbn tr\u00ean th\u1ebf gi\u1edbi.<\/p>\n<\/div>\n","protected":false},"excerpt":{"rendered":"<p>T\u00ean sa\u0309n ph\u00e2\u0309m:\u00a0D\u1ea7u nh\u1eddn &#8211; shell omala s2 gx68 (209l\/Phuy)<\/p>\n<p><strong>Li\u00ean H\u1ec7:<\/strong> 0397433258<\/p>\n","protected":false},"featured_media":8993,"comment_status":"closed","ping_status":"closed","template":"","meta":[],"product_brand":[],"product_cat":[168],"product_tag":[],"class_list":{"0":"post-8992","1":"product","2":"type-product","3":"status-publish","4":"has-post-thumbnail","6":"product_cat-shell","8":"first","9":"instock","10":"shipping-taxable","11":"product-type-simple"},"_links":{"self":[{"href":"https:\/\/yenhung.com\/index.php?rest_route=\/wp\/v2\/product\/8992","targetHints":{"allow":["GET"]}}],"collection":[{"href":"https:\/\/yenhung.com\/index.php?rest_route=\/wp\/v2\/product"}],"about":[{"href":"https:\/\/yenhung.com\/index.php?rest_route=\/wp\/v2\/types\/product"}],"replies":[{"embeddable":true,"href":"https:\/\/yenhung.com\/index.php?rest_route=%2Fwp%2Fv2%2Fcomments&post=8992"}],"wp:featuredmedia":[{"embeddable":true,"href":"https:\/\/yenhung.com\/index.php?rest_route=\/wp\/v2\/media\/8993"}],"wp:attachment":[{"href":"https:\/\/yenhung.com\/index.php?rest_route=%2Fwp%2Fv2%2Fmedia&parent=8992"}],"wp:term":[{"taxonomy":"product_brand","embeddable":true,"href":"https:\/\/yenhung.com\/index.php?rest_route=%2Fwp%2Fv2%2Fproduct_brand&post=8992"},{"taxonomy":"product_cat","embeddable":true,"href":"https:\/\/yenhung.com\/index.php?rest_route=%2Fwp%2Fv2%2Fproduct_cat&post=8992"},{"taxonomy":"product_tag","embeddable":true,"href":"https:\/\/yenhung.com\/index.php?rest_route=%2Fwp%2Fv2%2Fproduct_tag&post=8992"}],"curies":[{"name":"wp","href":"https:\/\/api.w.org\/{rel}","templated":true}]}}