{"id":9009,"date":"2025-11-10T09:05:15","date_gmt":"2025-11-10T09:05:15","guid":{"rendered":"https:\/\/yenhung.com\/?product=mo-shell-gadus-s2-v100-3-18kg-xo"},"modified":"2026-03-13T07:08:42","modified_gmt":"2026-03-13T07:08:42","slug":"mo-shell-gadus-s2-v100-3-18kg-xo","status":"publish","type":"product","link":"https:\/\/yenhung.com\/?product=mo-shell-gadus-s2-v100-3-18kg-xo","title":{"rendered":"M\u1ee1 shell GADUS S2 V100 3 (18kg\/x\u00f4)"},"content":{"rendered":"<div class=\"ba-text-fpt\">\n<h2 data-sourcepos=\"3:1-3:95\"><strong>M\u1ee1 Shell Gadus S2 V100 3 (18kg\/x\u00f4): Gi\u1ea3i ph\u00e1p b\u00f4i tr\u01a1n ho\u00e0n h\u1ea3o cho thi\u1ebft b\u1ecb c\u00f4ng nghi\u1ec7p<\/strong><\/h2>\n<h3 data-sourcepos=\"5:1-5:27\"><img decoding=\"async\" title=\"shell-gadus-s2-v100-3-18kg-1-1\" src=\"https:\/\/yenhung.com\/wp-content\/uploads\/2025\/11\/shell-gadus-s2-v100-3-18kg-1-1.jpg\" alt=\"M\u1ee1 shell GADUS S2 V100 3 (18kg\/x\u00f4)\" data-thumb=\"large\" \/><\/h3>\n<h3 data-sourcepos=\"5:1-5:27\"><\/h3>\n<p data-sourcepos=\"7:1-7:53\"><strong>Shell Gadus S2 V100 3<\/strong> l\u00e0 lo\u1ea1i m\u1ee1 b\u00f4i tr\u01a1n \u0111a d\u1ee5ng, \u0111\u01b0\u1ee3c \u0111\u1eb7c ch\u1ebf t\u1eeb ch\u1ea5t l\u00e0m \u0111\u1eb7c g\u1ed1c x\u00e0 ph\u00f2ng lithium hydroxystreate m\u1edbi \u0111\u01b0\u1ee3c t\u0103ng c\u01b0\u1eddng v\u1edbi c\u00e1c ph\u1ee5 gia ch\u1ed1ng oxy h\u00f3a, ch\u1ed1ng \u0103n m\u00f2n v\u00e0 r\u1ec9 s\u00e9t. S\u1ea3n ph\u1ea9m n\u00e0y \u0111\u01b0\u1ee3c thi\u1ebft k\u1ebf \u0111\u1ec3 ho\u1ea1t \u0111\u1ed9ng hi\u1ec7u qu\u1ea3 trong c\u00e1c \u0111i\u1ec1u ki\u1ec7n kh\u1eafc nghi\u1ec7t, \u0111\u1ea3m b\u1ea3o tu\u1ed5i th\u1ecd v\u00e0 hi\u1ec7u su\u1ea5t t\u1ed1i \u01b0u cho c\u00e1c thi\u1ebft b\u1ecb c\u00f4ng nghi\u1ec7p.<\/p>\n<ul data-sourcepos=\"11:1-12:28\">\n<li data-sourcepos=\"11:1-11:117\"><strong>Kh\u1ea3 n\u0103ng ch\u1ecbu nhi\u1ec7t v\u01b0\u1ee3t tr\u1ed9i:<\/strong> Ho\u1ea1t \u0111\u1ed9ng \u1ed5n \u0111\u1ecbnh \u1edf nhi\u1ec7t \u0111\u1ed9 cao l\u00ean \u0111\u1ebfn +130\u00b0C, gi\u00fap k\u00e9o d\u00e0i tu\u1ed5i th\u1ecd c\u1ee7a \u1ed5 \u0111\u1ee1.<\/li>\n<li data-sourcepos=\"12:1-12:28\"><strong>\u0110\u1ed9 b\u1ec1n c\u01a1 h\u1ecdc v\u00e0 \u00f4xy h\u00f3a t\u1ed1t:<\/strong> Ch\u1ed1ng l\u1ea1i s\u1ef1 h\u00ecnh th\u00e0nh c\u1eb7n do qu\u00e1 tr\u00ecnh \u00f4xy h\u00f3a \u1edf nhi\u1ec7t \u0111\u1ed9 cao.<\/li>\n<li data-sourcepos=\"13:1-13:119\"><strong>C\u1ef1c k\u00ec \u1ed5n \u0111\u1ecbnh trong \u0111i\u1ec1u ki\u1ec7n rung \u0111\u1ed9ng:<\/strong> \u0110\u1ea3m b\u1ea3o kh\u00f4ng r\u00f2 r\u1ec9 ngay c\u1ea3 trong c\u00e1c \u1ed5 \u0111\u1ee1 ch\u1ecbu t\u1ea3i rung \u0111\u1ed9ng li\u00ean t\u1ee5c.<\/li>\n<li data-sourcepos=\"14:1-14:80\"><strong>Kh\u1ea3 n\u0103ng b\u1ea3o v\u1ec7 ch\u1ed1ng \u0103n m\u00f2n t\u1ed1t:<\/strong> B\u1ea3o v\u1ec7 hi\u1ec7u qu\u1ea3 trong m\u00f4i tr\u01b0\u1eddng \u1ea9m \u01b0\u1edbt.<\/li>\n<li data-sourcepos=\"15:1-16:0\"><strong>Tu\u1ed5i th\u1ecd b\u1ea3o qu\u1ea3n m\u1ee1 l\u00e2u d\u00e0i:<\/strong> Duy tr\u00ec \u0111\u1ed9 c\u1ee9ng c\u1ee7a m\u1ee1 trong su\u1ed1t th\u1eddi gian b\u1ea3o qu\u1ea3n.<\/li>\n<li data-sourcepos=\"19:1-19:122\"><strong>C\u00e1c \u1ed5 tr\u01b0\u1ee3t v\u00e0 \u1ed5 l\u0103n s\u1eed d\u1ee5ng m\u1ee1 b\u00f4i tr\u01a1n:<\/strong> \u0110\u1eb7c bi\u1ec7t ph\u00f9 h\u1ee3p v\u1edbi c\u00e1c \u1ee9ng d\u1ee5ng trong m\u00f4i tr\u01b0\u1eddng nhi\u1ec7t \u0111\u1ed9 cao v\u00e0 \u1ea9m \u01b0\u1edbt.<\/li>\n<li data-sourcepos=\"20:1-20:86\"><strong>C\u00e1c \u1ed5 \u0111\u1ee1 m\u00f4 t\u01a1 \u0111i\u1ec7n, \u0111\u1ed9ng c\u01a1 \u0111i\u1ec7n:<\/strong> Gi\u00fap gi\u1ea3m ma s\u00e1t, t\u0103ng tu\u1ed5i th\u1ecd cho thi\u1ebft b\u1ecb.<\/li>\n<li data-sourcepos=\"21:1-21:86\"><strong>\u1ed4 \u0111\u1ee1 b\u00f4i tr\u01a1n m\u1ed9t l\u1ea7n:<\/strong> \u0110\u1ea3m b\u1ea3o hi\u1ec7u qu\u1ea3 b\u00f4i tr\u01a1n trong su\u1ed1t qu\u00e1 tr\u00ecnh ho\u1ea1t \u0111\u1ed9ng.<\/li>\n<li data-sourcepos=\"22:1-23:0\"><strong>\u1ed4 \u0111\u1ee1 m\u00e1y b\u01a1m n\u01b0\u1edbc:<\/strong> B\u1ea3o v\u1ec7 c\u00e1c b\u1ed9 ph\u1eadn m\u00e1y b\u01a1m kh\u1ecfi s\u1ef1 \u0103n m\u00f2n v\u00e0 m\u00e0i m\u00f2n.<\/li>\n<li data-sourcepos=\"26:1-26:74\"><strong>K\u00e9o d\u00e0i tu\u1ed5i th\u1ecd thi\u1ebft b\u1ecb:<\/strong> Nh\u1edd kh\u1ea3 n\u0103ng ch\u1ecbu nhi\u1ec7t, ch\u1ed1ng m\u00e0i m\u00f2n v\u00e0 \u0103n m\u00f2n t\u1ed1t.<\/li>\n<li data-sourcepos=\"27:1-27:67\"><strong>Gi\u1ea3m chi ph\u00ed b\u1ea3o tr\u00ec:<\/strong> Gi\u1ea3m t\u1ea7n su\u1ea5t b\u1ea3o d\u01b0\u1ee1ng v\u00e0 thay th\u1ebf m\u1ee1.<\/li>\n<li data-sourcepos=\"28:1-28:85\"><strong>N\u00e2ng cao hi\u1ec7u su\u1ea5t l\u00e0m vi\u1ec7c:<\/strong> Gi\u1ea3m ma s\u00e1t, gi\u00fap thi\u1ebft b\u1ecb ho\u1ea1t \u0111\u1ed9ng tr\u01a1n tru h\u01a1n.<\/li>\n<li data-sourcepos=\"29:1-30:0\"><strong>\u0110\u1ea3m b\u1ea3o an to\u00e0n:<\/strong> Gi\u1ea3m nguy c\u01a1 x\u1ea3y ra s\u1ef1 c\u1ed1 do thi\u1ebfu d\u1ea7u m\u1ee1.<\/li>\n<\/ul>\n<\/div>\n","protected":false},"excerpt":{"rendered":"<p>T\u00ean sa\u0309n ph\u00e2\u0309m:\u00a0M\u1ee1 shell GADUS S2 V100 3 (18kg\/x\u00f4)<\/p>\n<p><strong>Li\u00ean H\u1ec7:<\/strong> 0397433258<\/p>\n","protected":false},"featured_media":9010,"comment_status":"closed","ping_status":"closed","template":"","meta":[],"product_brand":[],"product_cat":[168],"product_tag":[],"class_list":{"0":"post-9009","1":"product","2":"type-product","3":"status-publish","4":"has-post-thumbnail","6":"product_cat-shell","8":"first","9":"instock","10":"shipping-taxable","11":"product-type-simple"},"_links":{"self":[{"href":"https:\/\/yenhung.com\/index.php?rest_route=\/wp\/v2\/product\/9009","targetHints":{"allow":["GET"]}}],"collection":[{"href":"https:\/\/yenhung.com\/index.php?rest_route=\/wp\/v2\/product"}],"about":[{"href":"https:\/\/yenhung.com\/index.php?rest_route=\/wp\/v2\/types\/product"}],"replies":[{"embeddable":true,"href":"https:\/\/yenhung.com\/index.php?rest_route=%2Fwp%2Fv2%2Fcomments&post=9009"}],"wp:featuredmedia":[{"embeddable":true,"href":"https:\/\/yenhung.com\/index.php?rest_route=\/wp\/v2\/media\/9010"}],"wp:attachment":[{"href":"https:\/\/yenhung.com\/index.php?rest_route=%2Fwp%2Fv2%2Fmedia&parent=9009"}],"wp:term":[{"taxonomy":"product_brand","embeddable":true,"href":"https:\/\/yenhung.com\/index.php?rest_route=%2Fwp%2Fv2%2Fproduct_brand&post=9009"},{"taxonomy":"product_cat","embeddable":true,"href":"https:\/\/yenhung.com\/index.php?rest_route=%2Fwp%2Fv2%2Fproduct_cat&post=9009"},{"taxonomy":"product_tag","embeddable":true,"href":"https:\/\/yenhung.com\/index.php?rest_route=%2Fwp%2Fv2%2Fproduct_tag&post=9009"}],"curies":[{"name":"wp","href":"https:\/\/api.w.org\/{rel}","templated":true}]}}