{"id":9032,"date":"2025-11-10T09:05:31","date_gmt":"2025-11-10T09:05:31","guid":{"rendered":"https:\/\/yenhung.com\/?product=dau-dong-co-shell-rimula-r4-x-20w50-20l-xo"},"modified":"2026-03-13T07:06:05","modified_gmt":"2026-03-13T07:06:05","slug":"dau-dong-co-shell-rimula-r4-x-20w50-20l-xo","status":"publish","type":"product","link":"https:\/\/yenhung.com\/?product=dau-dong-co-shell-rimula-r4-x-20w50-20l-xo","title":{"rendered":"D\u1ea7u \u0110\u1ed9ng C\u01a1 Shell Rimula R4 X 20W50 (20l\/x\u00f4)"},"content":{"rendered":"<div class=\"ba-text-fpt\">\n<h2 data-sourcepos=\"1:1-1:71\"><strong>Shell Rimula R4 X 20W50: D\u1ea7u \u0111\u1ed9ng c\u01a1 Diesel cao c\u1ea5p b\u1ea3o v\u1ec7 v\u01b0\u1ee3t tr\u1ed9i<\/strong><\/h2>\n<p data-sourcepos=\"3:1-3:20\"><img decoding=\"async\" title=\"shell-rimula-r4-x-20w50-jpeg-1\" src=\"https:\/\/yenhung.com\/wp-content\/uploads\/2025\/11\/shell-rimula-r4-x-20w50-jpeg-1.jpg\" alt=\"Shell Rimula R4 X 20W50\" data-thumb=\"large\" \/><\/p>\n<p data-sourcepos=\"3:1-3:20\"><strong>Shell Rimula R4 X 20W50<\/strong> l\u00e0 d\u1ea7u \u0111\u1ed9ng c\u01a1 Diesel cao c\u1ea5p \u0111\u01b0\u1ee3c s\u1ea3n xu\u1ea5t b\u1edfi t\u1eadp \u0111o\u00e0n Shell danh ti\u1ebfng \u0111\u1ebfn t\u1eeb Anh Qu\u1ed1c. S\u1ea3n ph\u1ea9m \u0111\u01b0\u1ee3c thi\u1ebft k\u1ebf \u0111\u1ec3 \u0111\u00e1p \u1ee9ng nhu c\u1ea7u b\u00f4i tr\u01a1n \u0111\u1ed9ng c\u01a1 Diesel hi\u1ec7n \u0111\u1ea1i ho\u1ea1t \u0111\u1ed9ng trong \u0111i\u1ec1u ki\u1ec7n kh\u1eafc nghi\u1ec7t, gi\u00fap b\u1ea3o v\u1ec7 \u0111\u1ed9ng c\u01a1 hi\u1ec7u qu\u1ea3 v\u00e0 k\u00e9o d\u00e0i tu\u1ed5i th\u1ecd s\u1eed d\u1ee5ng.<\/p>\n<h2 data-sourcepos=\"5:1-5:20\"><strong>\u01afu \u0111i\u1ec3m n\u1ed5i b\u1eadt:<\/strong><\/h2>\n<ul data-sourcepos=\"7:1-7:63\">\n<li data-sourcepos=\"7:1-7:63\"><strong>Kh\u1ea3 n\u0103ng b\u1ea3o v\u1ec7 v\u01b0\u1ee3t tr\u1ed9i:<\/strong> B\u1ea3o v\u1ec7 \u0111\u1ed9ng c\u01a1 kh\u1ecfi s\u1ef1 m\u00e0i m\u00f2n, r\u1ec9 s\u00e9t, \u0103n m\u00f2n v\u00e0 h\u00ecnh th\u00e0nh c\u1eb7n b\u1ea9n, gi\u00fap k\u00e9o d\u00e0i tu\u1ed5i th\u1ecd \u0111\u1ed9ng c\u01a1.<\/li>\n<li data-sourcepos=\"8:1-8:117\"><strong>Hi\u1ec7u su\u1ea5t b\u00f4i tr\u01a1n cao:<\/strong> Gi\u1ea3m ma s\u00e1t v\u00e0 nhi\u1ec7t \u0111\u1ed9 v\u1eadn h\u00e0nh, gi\u00fap ti\u1ebft ki\u1ec7m nhi\u00ean li\u1ec7u v\u00e0 t\u0103ng hi\u1ec7u qu\u1ea3 ho\u1ea1t \u0111\u1ed9ng.<\/li>\n<li data-sourcepos=\"9:1-9:124\"><strong>Ch\u1ecbu t\u1ea3i tr\u1ecdng cao:<\/strong> Ch\u1ecbu \u0111\u01b0\u1ee3c t\u1ea3i tr\u1ecdng n\u1eb7ng v\u00e0 rung \u0111\u1ed9ng m\u1ea1nh, \u0111\u1ea3m b\u1ea3o ho\u1ea1t \u0111\u1ed9ng \u1ed5n \u0111\u1ecbnh trong \u0111i\u1ec1u ki\u1ec7n kh\u1eafc nghi\u1ec7t.<\/li>\n<li data-sourcepos=\"10:1-10:18\"><strong>Kh\u1ea3 n\u0103ng ch\u1ed1ng oxy h\u00f3a t\u1ed1t:<\/strong> Ch\u1ed1ng l\u1ea1i s\u1ef1 ph\u00e2n h\u1ee7y do oxy h\u00f3a \u1edf nhi\u1ec7t \u0111\u1ed9 cao, gi\u00fap k\u00e9o d\u00e0i tu\u1ed5i th\u1ecd d\u1ea7u.<\/li>\n<li data-sourcepos=\"11:1-12:0\"><strong>T\u01b0\u01a1ng th\u00edch v\u1edbi nhi\u1ec1u lo\u1ea1i v\u1eadt li\u1ec7u ph\u1ed1t:<\/strong> T\u01b0\u01a1ng th\u00edch v\u1edbi nhi\u1ec1u lo\u1ea1i v\u1eadt li\u1ec7u ph\u1ed1t v\u00e0 gio\u0103ng, an to\u00e0n cho h\u1ec7 th\u1ed1ng.<\/li>\n<\/ul>\n<h2 data-sourcepos=\"13:1-13:13\"><strong>\u1ee8ng d\u1ee5ng:<\/strong><\/h2>\n<ul data-sourcepos=\"15:1-18:0\">\n<li data-sourcepos=\"15:1-15:118\">\u0110\u1ed9ng c\u01a1 Diesel h\u1ea1ng n\u1eb7ng ho\u1ea1t \u0111\u1ed9ng trong \u0111i\u1ec1u ki\u1ec7n kh\u1eafc nghi\u1ec7t nh\u01b0 xe t\u1ea3i, xe ben, xe kh\u00e1ch, m\u00e1y m\u00f3c c\u00f4ng nghi\u1ec7p,&#8230;<\/li>\n<li data-sourcepos=\"16:1-16:28\">\u0110\u1ed9ng c\u01a1 Diesel t\u00e0u thuy\u1ec1n.<\/li>\n<li data-sourcepos=\"17:1-18:0\">C\u00e1c \u1ee9ng d\u1ee5ng c\u00f4ng nghi\u1ec7p kh\u00e1c s\u1eed d\u1ee5ng \u0111\u1ed9ng c\u01a1 Diesel.<\/li>\n<\/ul>\n<p data-sourcepos=\"19:1-19:22\"><strong>Th\u00f4ng s\u1ed1 k\u1ef9 thu\u1eadt:<\/strong><\/p>\n<ul data-sourcepos=\"21:1-28:6\">\n<li data-sourcepos=\"21:1-21:24\"><strong>\u0110\u1ed9 nh\u1edbt:<\/strong> SAE 20W50<\/li>\n<li data-sourcepos=\"22:1-22:32\"><strong>C\u1ea5p hi\u1ec7u su\u1ea5t API:<\/strong> CI-4\/SL<\/li>\n<li data-sourcepos=\"23:1-23:43\"><strong>C\u1ea5p hi\u1ec7u su\u1ea5t ACEA:<\/strong> E7, E6, E5, A3\/B4<\/li>\n<li data-sourcepos=\"24:1-24:25\"><strong>Nhi\u1ec7t \u0111\u1ed9 s\u00f4i:<\/strong> 250\u00b0C<\/li>\n<li data-sourcepos=\"25:1-25:21\"><strong>\u0110i\u1ec3m r\u00f3t:<\/strong> -15\u00b0C<\/li>\n<li data-sourcepos=\"26:1-26:33\"><strong>Kh\u1ed1i l\u01b0\u1ee3ng ri\u00eang:<\/strong> 900 kg\/m\u00b3<\/li>\n<li data-sourcepos=\"27:1-27:24\"><strong>Th\u01b0\u01a1ng hi\u1ec7u:<\/strong> Shell<\/li>\n<li data-sourcepos=\"28:1-28:6\"><strong>M\u00e3 s\u1ea3n ph\u1ea9m:<\/strong> Shell Rimula R4 X 20W50<\/li>\n<\/ul>\n<p data-sourcepos=\"30:1-30:48\"><strong>L\u1ee3i \u00edch khi s\u1eed d\u1ee5ng Shell Rimula R4 X 20W50:<\/strong><\/p>\n<ul data-sourcepos=\"32:1-36:0\">\n<li data-sourcepos=\"32:1-32:132\"><strong>K\u00e9o d\u00e0i tu\u1ed5i th\u1ecd \u0111\u1ed9ng c\u01a1:<\/strong> B\u1ea3o v\u1ec7 \u0111\u1ed9ng c\u01a1 kh\u1ecfi s\u1ef1 m\u00e0i m\u00f2n, r\u1ec9 s\u00e9t, \u0103n m\u00f2n v\u00e0 h\u00ecnh th\u00e0nh c\u1eb7n b\u1ea9n, gi\u00fap k\u00e9o d\u00e0i tu\u1ed5i th\u1ecd \u0111\u1ed9ng c\u01a1.<\/li>\n<li data-sourcepos=\"33:1-33:109\"><strong>Gi\u1ea3m chi ph\u00ed b\u1ea3o tr\u00ec:<\/strong> Gi\u1ea3m thi\u1ec3u s\u1ef1 c\u1ed1 h\u1ecfng h\u00f3c v\u00e0 nhu c\u1ea7u b\u1ea3o tr\u00ec, ti\u1ebft ki\u1ec7m chi ph\u00ed cho doanh nghi\u1ec7p.<\/li>\n<li data-sourcepos=\"34:1-34:122\"><strong>N\u00e2ng cao hi\u1ec7u qu\u1ea3 ho\u1ea1t \u0111\u1ed9ng:<\/strong> Gi\u1ea3m ma s\u00e1t v\u00e0 nhi\u1ec7t \u0111\u1ed9 v\u1eadn h\u00e0nh, gi\u00fap ti\u1ebft ki\u1ec7m nhi\u00ean li\u1ec7u v\u00e0 t\u0103ng hi\u1ec7u qu\u1ea3 ho\u1ea1t \u0111\u1ed9ng.<\/li>\n<li data-sourcepos=\"35:1-36:0\"><strong>B\u1ea3o v\u1ec7 m\u00f4i tr\u01b0\u1eddng:<\/strong> S\u1ea3n ph\u1ea9m th\u00e2n thi\u1ec7n v\u1edbi m\u00f4i tr\u01b0\u1eddng, \u0111\u00e1p \u1ee9ng c\u00e1c ti\u00eau chu\u1ea9n m\u00f4i tr\u01b0\u1eddng qu\u1ed1c t\u1ebf.<\/li>\n<\/ul>\n<\/div>\n","protected":false},"excerpt":{"rendered":"<p><strong>T\u00ean sa\u0309n ph\u00e2\u0309m: Shell Rimula R4 X 20W50<\/strong><\/p>\n<p><strong>Li\u00ean H\u1ec7:<\/strong> 0397433258<\/p>\n","protected":false},"featured_media":9033,"comment_status":"closed","ping_status":"closed","template":"","meta":[],"product_brand":[],"product_cat":[168],"product_tag":[],"class_list":{"0":"post-9032","1":"product","2":"type-product","3":"status-publish","4":"has-post-thumbnail","6":"product_cat-shell","8":"first","9":"instock","10":"shipping-taxable","11":"product-type-simple"},"_links":{"self":[{"href":"https:\/\/yenhung.com\/index.php?rest_route=\/wp\/v2\/product\/9032","targetHints":{"allow":["GET"]}}],"collection":[{"href":"https:\/\/yenhung.com\/index.php?rest_route=\/wp\/v2\/product"}],"about":[{"href":"https:\/\/yenhung.com\/index.php?rest_route=\/wp\/v2\/types\/product"}],"replies":[{"embeddable":true,"href":"https:\/\/yenhung.com\/index.php?rest_route=%2Fwp%2Fv2%2Fcomments&post=9032"}],"wp:featuredmedia":[{"embeddable":true,"href":"https:\/\/yenhung.com\/index.php?rest_route=\/wp\/v2\/media\/9033"}],"wp:attachment":[{"href":"https:\/\/yenhung.com\/index.php?rest_route=%2Fwp%2Fv2%2Fmedia&parent=9032"}],"wp:term":[{"taxonomy":"product_brand","embeddable":true,"href":"https:\/\/yenhung.com\/index.php?rest_route=%2Fwp%2Fv2%2Fproduct_brand&post=9032"},{"taxonomy":"product_cat","embeddable":true,"href":"https:\/\/yenhung.com\/index.php?rest_route=%2Fwp%2Fv2%2Fproduct_cat&post=9032"},{"taxonomy":"product_tag","embeddable":true,"href":"https:\/\/yenhung.com\/index.php?rest_route=%2Fwp%2Fv2%2Fproduct_tag&post=9032"}],"curies":[{"name":"wp","href":"https:\/\/api.w.org\/{rel}","templated":true}]}}