{"id":9039,"date":"2025-11-10T09:05:37","date_gmt":"2025-11-10T09:05:37","guid":{"rendered":"https:\/\/yenhung.com\/?product=dau-nhon-shell-omala-s2-gx68-20l-can"},"modified":"2026-03-13T07:06:03","modified_gmt":"2026-03-13T07:06:03","slug":"dau-nhon-shell-omala-s2-gx68-20l-can","status":"publish","type":"product","link":"https:\/\/yenhung.com\/?product=dau-nhon-shell-omala-s2-gx68-20l-can","title":{"rendered":"D\u1ea7u B\u00e1nh R\u0103ng C\u00f4ng Nghi\u1ec7p &#8211; Shell Omala S2 GX 68 (20l\/Can)"},"content":{"rendered":"<div class=\"ba-text-fpt\">\n<h2 data-sourcepos=\"1:1-1:83\"><strong>D\u1ea7u B\u00e1nh R\u0103ng C\u00f4ng Nghi\u1ec7p &#8211; Shell Omala S2 GX 68 (20l\/Can)<\/strong><\/h2>\n<h2 data-sourcepos=\"1:1-1:83\">B\u1ea3o V\u1ec7 Hi\u1ec7u Qu\u1ea3 Cho H\u1ec7 Th\u1ed1ng B\u00e1nh R\u0103ng C\u00f4ng Nghi\u1ec7p<\/h2>\n<p><img decoding=\"async\" title=\"shell-omala-s2-gx68-c-1750296486732-2\" src=\"https:\/\/yenhung.com\/wp-content\/uploads\/2025\/11\/shell-omala-s2-gx68-c-1750296486732-2.png\" alt=\"D\u1ea7u nh\u1eddn - shell omala s2 gx68 (20l\/Can)\" data-thumb=\"large\" \/><\/p>\n<p data-sourcepos=\"3:1-3:3\"><strong>D\u1ea7u nh\u1edbt Shell Omala S2 GX68<\/strong> l\u00e0 lo\u1ea1i d\u1ea7u b\u00e1nh r\u0103ng c\u00f4ng nghi\u1ec7p cao c\u1ea5p \u0111\u01b0\u1ee3c s\u1ea3n xu\u1ea5t b\u1edfi t\u1eadp \u0111o\u00e0n Shell danh ti\u1ebfng \u0111\u1ebfn t\u1eeb Anh Qu\u1ed1c. S\u1ea3n ph\u1ea9m \u0111\u01b0\u1ee3c thi\u1ebft k\u1ebf \u0111\u1ec3 b\u00f4i tr\u01a1n hi\u1ec7u qu\u1ea3 c\u00e1c h\u1ec7 th\u1ed1ng b\u00e1nh r\u0103ng ch\u1ecbu t\u1ea3i tr\u1ecdng n\u1eb7ng, ho\u1ea1t \u0111\u1ed9ng trong \u0111i\u1ec1u ki\u1ec7n kh\u1eafc nghi\u1ec7t.<\/p>\n<p data-sourcepos=\"5:1-5:20\"><strong>\u01afu \u0111i\u1ec3m n\u1ed5i b\u1eadt:<\/strong><\/p>\n<ul data-sourcepos=\"7:1-7:78\">\n<li data-sourcepos=\"7:1-7:78\"><strong>Kh\u1ea3 n\u0103ng b\u1ea3o v\u1ec7 v\u01b0\u1ee3t tr\u1ed9i:<\/strong> B\u1ea3o v\u1ec7 b\u00e1nh r\u0103ng v\u00e0 \u1ed5 tr\u1ee5c kh\u1ecfi s\u1ef1 m\u00e0i m\u00f2n, r\u1ec9 s\u00e9t, \u0103n m\u00f2n v\u00e0 h\u00ecnh th\u00e0nh c\u1eb7n b\u1ea9n, gi\u00fap k\u00e9o d\u00e0i tu\u1ed5i th\u1ecd thi\u1ebft b\u1ecb.<\/li>\n<li data-sourcepos=\"8:1-8:117\"><strong>Hi\u1ec7u su\u1ea5t b\u00f4i tr\u01a1n cao:<\/strong> Gi\u1ea3m ma s\u00e1t v\u00e0 nhi\u1ec7t \u0111\u1ed9 v\u1eadn h\u00e0nh, gi\u00fap ti\u1ebft ki\u1ec7m n\u0103ng l\u01b0\u1ee3ng v\u00e0 t\u0103ng hi\u1ec7u qu\u1ea3 ho\u1ea1t \u0111\u1ed9ng.<\/li>\n<li data-sourcepos=\"9:1-9:124\"><strong>Ch\u1ecbu t\u1ea3i tr\u1ecdng cao:<\/strong> Ch\u1ecbu \u0111\u01b0\u1ee3c t\u1ea3i tr\u1ecdng n\u1eb7ng v\u00e0 rung \u0111\u1ed9ng m\u1ea1nh, \u0111\u1ea3m b\u1ea3o ho\u1ea1t \u0111\u1ed9ng \u1ed5n \u0111\u1ecbnh trong \u0111i\u1ec1u ki\u1ec7n kh\u1eafc nghi\u1ec7t.<\/li>\n<li data-sourcepos=\"10:1-10:109\"><strong>Kh\u1ea3 n\u0103ng ch\u1ed1ng oxy h\u00f3a t\u1ed1t:<\/strong> Ch\u1ed1ng l\u1ea1i s\u1ef1 ph\u00e2n h\u1ee7y do oxy h\u00f3a \u1edf nhi\u1ec7t \u0111\u1ed9 cao, gi\u00fap k\u00e9o d\u00e0i tu\u1ed5i th\u1ecd d\u1ea7u.<\/li>\n<li data-sourcepos=\"11:1-11:19\"><strong>T\u01b0\u01a1ng th\u00edch v\u1edbi nhi\u1ec1u lo\u1ea1i v\u1eadt li\u1ec7u ph\u1ed1t:<\/strong> T\u01b0\u01a1ng th\u00edch v\u1edbi nhi\u1ec1u lo\u1ea1i v\u1eadt li\u1ec7u ph\u1ed1t v\u00e0 gio\u0103ng, an to\u00e0n cho h\u1ec7 th\u1ed1ng.<\/li>\n<\/ul>\n<p data-sourcepos=\"13:1-13:13\"><strong>\u1ee8ng d\u1ee5ng:<\/strong><\/p>\n<p data-sourcepos=\"13:1-13:13\"><strong><img decoding=\"async\" title=\"shell-omala-s2-gx68-b-1750296487477-1\" src=\"https:\/\/yenhung.com\/wp-content\/uploads\/2025\/11\/shell-omala-s2-gx68-b-1750296487477-1.jpg\" alt=\"D\u1ea7u nh\u1eddn - shell omala s2 gx68 (20l\/Can)\" data-thumb=\"large\" \/><\/strong><\/p>\n<ul data-sourcepos=\"15:1-19:0\">\n<li data-sourcepos=\"15:1-15:76\"><strong>H\u1ec7 th\u1ed1ng b\u00e1nh r\u0103ng c\u00f4ng nghi\u1ec7p:<\/strong> H\u1ed9p s\u1ed1, b\u1ed9 gi\u1ea3m t\u1ed1c, tr\u1ee5c d\u1eabn \u0111\u1ed9ng,&#8230;<\/li>\n<li data-sourcepos=\"16:1-16:63\"><strong>M\u00e1y m\u00f3c c\u00f4ng nghi\u1ec7p:<\/strong> M\u00e1y n\u00e9n kh\u00ed, m\u00e1y b\u01a1m, m\u00e1y nghi\u1ec1n,&#8230;<\/li>\n<li data-sourcepos=\"17:1-17:78\"><strong>Ng\u00e0nh c\u00f4ng nghi\u1ec7p n\u1eb7ng:<\/strong> Nh\u00e0 m\u00e1y th\u00e9p, nh\u00e0 m\u00e1y xi m\u0103ng, nh\u00e0 m\u00e1y \u0111\u01b0\u1eddng,&#8230;<\/li>\n<li data-sourcepos=\"18:1-19:0\"><strong>Thi\u1ebft b\u1ecb v\u1eadn chuy\u1ec3n:<\/strong> Xe t\u1ea3i, xe ben, xe n\u00e2ng,&#8230;<\/li>\n<\/ul>\n<p data-sourcepos=\"30:1-30:41\"><strong>L\u1ee3i \u00edch khi s\u1eed d\u1ee5ng Shell Omala S2 GX68:<\/strong><\/p>\n<p data-sourcepos=\"30:1-30:41\"><strong><img decoding=\"async\" title=\"shell-omala-s2-gx68-a-1750296488026-1\" src=\"https:\/\/yenhung.com\/wp-content\/uploads\/2025\/11\/shell-omala-s2-gx68-a-1750296488026-1.jpg\" alt=\"D\u1ea7u nh\u1eddn - shell omala s2 gx68 (20l\/Can)\" data-thumb=\"large\" \/><\/strong><\/p>\n<ul data-sourcepos=\"32:1-36:0\">\n<li data-sourcepos=\"32:1-32:146\"><strong>K\u00e9o d\u00e0i tu\u1ed5i th\u1ecd thi\u1ebft b\u1ecb:<\/strong> B\u1ea3o v\u1ec7 b\u00e1nh r\u0103ng v\u00e0 \u1ed5 tr\u1ee5c kh\u1ecfi s\u1ef1 m\u00e0i m\u00f2n, r\u1ec9 s\u00e9t, \u0103n m\u00f2n v\u00e0 h\u00ecnh th\u00e0nh c\u1eb7n b\u1ea9n, gi\u00fap k\u00e9o d\u00e0i tu\u1ed5i th\u1ecd thi\u1ebft b\u1ecb.<\/li>\n<li data-sourcepos=\"33:1-33:109\"><strong>Gi\u1ea3m chi ph\u00ed b\u1ea3o tr\u00ec:<\/strong> Gi\u1ea3m thi\u1ec3u s\u1ef1 c\u1ed1 h\u1ecfng h\u00f3c v\u00e0 nhu c\u1ea7u b\u1ea3o tr\u00ec, ti\u1ebft ki\u1ec7m chi ph\u00ed cho doanh nghi\u1ec7p.<\/li>\n<li data-sourcepos=\"34:1-34:122\"><strong>N\u00e2ng cao hi\u1ec7u qu\u1ea3 ho\u1ea1t \u0111\u1ed9ng:<\/strong> Gi\u1ea3m ma s\u00e1t v\u00e0 nhi\u1ec7t \u0111\u1ed9 v\u1eadn h\u00e0nh, gi\u00fap ti\u1ebft ki\u1ec7m n\u0103ng l\u01b0\u1ee3ng v\u00e0 t\u0103ng hi\u1ec7u qu\u1ea3 ho\u1ea1t \u0111\u1ed9ng.<\/li>\n<li data-sourcepos=\"35:1-36:0\"><strong>B\u1ea3o v\u1ec7 m\u00f4i tr\u01b0\u1eddng:<\/strong> S\u1ea3n ph\u1ea9m th\u00e2n thi\u1ec7n v\u1edbi m\u00f4i tr\u01b0\u1eddng, \u0111\u00e1p \u1ee9ng c\u00e1c ti\u00eau chu\u1ea9n m\u00f4i tr\u01b0\u1eddng qu\u1ed1c t\u1ebf.<\/li>\n<\/ul>\n<\/div>\n","protected":false},"excerpt":{"rendered":"<p><strong>T\u00ean sa\u0309n ph\u00e2\u0309m:<\/strong>\u00a0D\u1ea6U NH\u1edcN &#8211; SHELL OMALA S2 GX68<\/p>\n<p><strong>Li\u00ean H\u1ec7:<\/strong> 0397433258<\/p>\n","protected":false},"featured_media":9040,"comment_status":"closed","ping_status":"closed","template":"","meta":[],"product_brand":[],"product_cat":[168],"product_tag":[],"class_list":{"0":"post-9039","1":"product","2":"type-product","3":"status-publish","4":"has-post-thumbnail","6":"product_cat-shell","8":"first","9":"instock","10":"shipping-taxable","11":"product-type-simple"},"_links":{"self":[{"href":"https:\/\/yenhung.com\/index.php?rest_route=\/wp\/v2\/product\/9039","targetHints":{"allow":["GET"]}}],"collection":[{"href":"https:\/\/yenhung.com\/index.php?rest_route=\/wp\/v2\/product"}],"about":[{"href":"https:\/\/yenhung.com\/index.php?rest_route=\/wp\/v2\/types\/product"}],"replies":[{"embeddable":true,"href":"https:\/\/yenhung.com\/index.php?rest_route=%2Fwp%2Fv2%2Fcomments&post=9039"}],"wp:featuredmedia":[{"embeddable":true,"href":"https:\/\/yenhung.com\/index.php?rest_route=\/wp\/v2\/media\/9040"}],"wp:attachment":[{"href":"https:\/\/yenhung.com\/index.php?rest_route=%2Fwp%2Fv2%2Fmedia&parent=9039"}],"wp:term":[{"taxonomy":"product_brand","embeddable":true,"href":"https:\/\/yenhung.com\/index.php?rest_route=%2Fwp%2Fv2%2Fproduct_brand&post=9039"},{"taxonomy":"product_cat","embeddable":true,"href":"https:\/\/yenhung.com\/index.php?rest_route=%2Fwp%2Fv2%2Fproduct_cat&post=9039"},{"taxonomy":"product_tag","embeddable":true,"href":"https:\/\/yenhung.com\/index.php?rest_route=%2Fwp%2Fv2%2Fproduct_tag&post=9039"}],"curies":[{"name":"wp","href":"https:\/\/api.w.org\/{rel}","templated":true}]}}