{"id":9056,"date":"2025-11-10T09:05:56","date_gmt":"2025-11-10T09:05:56","guid":{"rendered":"https:\/\/yenhung.com\/?product=shell-omala-s2-g320-omala-oil-320-209l-phuy"},"modified":"2026-03-13T07:05:51","modified_gmt":"2026-03-13T07:05:51","slug":"shell-omala-s2-g320-omala-oil-320-209l-phuy","status":"publish","type":"product","link":"https:\/\/yenhung.com\/?product=shell-omala-s2-g320-omala-oil-320-209l-phuy","title":{"rendered":"D\u1ea7u B\u00e1nh R\u0103ng C\u00f4ng Nghi\u1ec7p &#8211; Shell Omala S2 GX 320"},"content":{"rendered":"<div class=\"ba-text-fpt\">\n<h2 data-sourcepos=\"1:1-1:80\"><strong>Shell Omala S2 GX 320 (209l\/ Phuy)<\/strong><\/h2>\n<p data-sourcepos=\"1:1-1:80\"><strong>Shell Omala S2 GX 320 (D\u1ea7u b\u00e1nh r\u0103ng) &#8211; B\u1ea3o v\u1ec7 to\u00e0n di\u1ec7n cho h\u1ed9p s\u1ed1 c\u00f4ng nghi\u1ec7p<\/strong><\/p>\n<p><img decoding=\"async\" title=\"shell-omala-s2-gx320-209l-b-1\" src=\"https:\/\/yenhung.com\/wp-content\/uploads\/2025\/11\/shell-omala-s2-gx320-209l-b-1.jpg\" alt=\"Shell omala s2 g320 (omala oil 320) (209l\/phuy)\" data-thumb=\"large\" \/><\/p>\n<p data-sourcepos=\"3:1-3:15\"><strong>Shell Omala S2 GX320<\/strong> l\u00e0 d\u1ea7u b\u00e1nh r\u0103ng c\u00f4ng nghi\u1ec7p ch\u1ea5t l\u01b0\u1ee3ng cao, \u0111\u01b0\u1ee3c s\u1ea3n xu\u1ea5t b\u1edfi t\u1eadp \u0111o\u00e0n Shell uy t\u00edn \u0111\u1ebfn t\u1eeb Anh Qu\u1ed1c. S\u1ea3n ph\u1ea9m \u0111\u01b0\u1ee3c thi\u1ebft k\u1ebf \u0111\u1ec3 b\u1ea3o v\u1ec7 hi\u1ec7u qu\u1ea3 cho c\u00e1c h\u1ed9p s\u1ed1 c\u00f4ng nghi\u1ec7p ho\u1ea1t \u0111\u1ed9ng trong \u0111i\u1ec1u ki\u1ec7n t\u1ea3i tr\u1ecdng n\u1eb7ng v\u00e0 nhi\u1ec7t \u0111\u1ed9 cao.<\/p>\n<p data-sourcepos=\"5:1-5:17\"><strong>\u01afu \u0111i\u1ec3m n\u1ed5i b\u1eadt:<\/strong><\/p>\n<ul data-sourcepos=\"7:1-7:88\">\n<li data-sourcepos=\"7:1-7:88\"><strong>Kh\u1ea3 n\u0103ng b\u00f4i tr\u01a1n v\u01b0\u1ee3t tr\u1ed9i:<\/strong> T\u1ea1o m\u00e0ng b\u00f4i tr\u01a1n d\u00e0y, b\u1ec1n b\u1ec9, gi\u00fap gi\u1ea3m thi\u1ec3u ma s\u00e1t v\u00e0 m\u00e0i m\u00f2n, b\u1ea3o v\u1ec7 c\u00e1c chi ti\u1ebft kim lo\u1ea1i trong h\u1ed9p s\u1ed1 hi\u1ec7u qu\u1ea3.<\/li>\n<li data-sourcepos=\"8:1-8:119\"><strong>Ch\u1ecbu t\u1ea3i tr\u1ecdng cao:<\/strong> Ch\u1ecbu \u0111\u01b0\u1ee3c \u00e1p su\u1ea5t v\u00e0 t\u1ea3i tr\u1ecdng cao, th\u00edch h\u1ee3p cho c\u00e1c h\u1ed9p s\u1ed1 c\u00f4ng nghi\u1ec7p ho\u1ea1t \u0111\u1ed9ng n\u1eb7ng nh\u1ecdc.<\/li>\n<li data-sourcepos=\"9:1-9:129\"><strong>B\u1ea3o v\u1ec7 ch\u1ed1ng r\u1ec9 s\u00e9t v\u00e0 \u0103n m\u00f2n:<\/strong> Ch\u1ee9a c\u00e1c ch\u1ea5t ph\u1ee5 gia ch\u1ed1ng r\u1ec9 s\u00e9t v\u00e0 \u0103n m\u00f2n, gi\u00fap b\u1ea3o v\u1ec7 c\u00e1c chi ti\u1ebft kim lo\u1ea1i trong h\u1ed9p s\u1ed1 kh\u1ecfi t\u00e1c \u0111\u1ed9ng c\u1ee7a m\u00f4i tr\u01b0\u1eddng kh\u1eafc nghi\u1ec7t.<\/li>\n<li data-sourcepos=\"10:1-10:102\"><strong>K\u00e9o d\u00e0i tu\u1ed5i th\u1ecd h\u1ed9p s\u1ed1:<\/strong> Gi\u00fap k\u00e9o d\u00e0i tu\u1ed5i th\u1ecd h\u1ed9p s\u1ed1, gi\u1ea3m thi\u1ec3u chi ph\u00ed s\u1eeda ch\u1eefa v\u00e0 b\u1ea3o d\u01b0\u1ee1ng.<\/li>\n<li data-sourcepos=\"11:1-12:0\"><strong>Ho\u1ea1t \u0111\u1ed9ng \u00eam \u00e1i:<\/strong> Gi\u00fap gi\u1ea3m ti\u1ebfng \u1ed3n v\u00e0 rung \u0111\u1ed9ng trong qu\u00e1 tr\u00ecnh v\u1eadn h\u00e0nh, t\u1ea1o ra m\u00f4i tr\u01b0\u1eddng l\u00e0m vi\u1ec7c y\u00ean t\u0129nh h\u01a1n.<\/li>\n<\/ul>\n<p data-sourcepos=\"13:1-13:13\"><strong>\u1ee8ng d\u1ee5ng:<\/strong><\/p>\n<ul data-sourcepos=\"15:1-18:0\">\n<li data-sourcepos=\"15:1-15:163\"><strong>H\u1ed9p s\u1ed1 c\u00f4ng nghi\u1ec7p:<\/strong> S\u1eed d\u1ee5ng cho c\u00e1c h\u1ed9p s\u1ed1 c\u00f4ng nghi\u1ec7p ho\u1ea1t \u0111\u1ed9ng trong c\u00e1c ng\u00e0nh c\u00f4ng nghi\u1ec7p nh\u01b0: s\u1ea3n xu\u1ea5t th\u00e9p, xi m\u0103ng, khai kho\u00e1ng, ch\u1ebf bi\u1ebfn th\u1ef1c ph\u1ea9m,&#8230;<\/li>\n<li data-sourcepos=\"16:1-16:104\"><strong>M\u00e1y m\u00f3c c\u00f4ng nghi\u1ec7p:<\/strong> S\u1eed d\u1ee5ng cho c\u00e1c m\u00e1y m\u00f3c c\u00f4ng nghi\u1ec7p nh\u01b0: m\u00e1y n\u00e9n kh\u00ed, m\u00e1y b\u01a1m, m\u00e1y nghi\u1ec1n,&#8230;<\/li>\n<li data-sourcepos=\"17:1-18:0\"><strong>H\u1ec7 th\u1ed1ng truy\u1ec1n \u0111\u1ed9ng:<\/strong> S\u1eed d\u1ee5ng cho c\u00e1c h\u1ec7 th\u1ed1ng truy\u1ec1n \u0111\u1ed9ng c\u00f4ng nghi\u1ec7p nh\u01b0: b\u0103ng t\u1ea3i, thang m\u00e1y,&#8230;<\/li>\n<\/ul>\n<p data-sourcepos=\"27:1-27:2\"><strong>L\u01b0u \u00fd:<\/strong><\/p>\n<ul data-sourcepos=\"29:1-32:0\">\n<li data-sourcepos=\"29:1-29:51\">Tham kh\u1ea3o k\u1ef9 h\u01b0\u1edbng d\u1eabn s\u1eed d\u1ee5ng tr\u01b0\u1edbc khi s\u1eed d\u1ee5ng.<\/li>\n<li data-sourcepos=\"30:1-30:40\">Kh\u00f4ng pha lo\u00e3ng d\u1ea7u v\u1edbi c\u00e1c ch\u1ea5t kh\u00e1c.<\/li>\n<li data-sourcepos=\"31:1-32:0\">Thay d\u1ea7u \u0111\u1ecbnh k\u1ef3 theo khuy\u1ebfn c\u00e1o c\u1ee7a nh\u00e0 s\u1ea3n xu\u1ea5t.<\/li>\n<\/ul>\n<p data-sourcepos=\"33:1-33:233\"><strong>Shell Omala S2 GX 320<\/strong> l\u00e0 l\u1ef1a ch\u1ecdn ho\u00e0n h\u1ea3o cho vi\u1ec7c b\u1ea3o v\u1ec7 v\u00e0 b\u00f4i tr\u01a1n c\u00e1c h\u1ed9p s\u1ed1 c\u00f4ng nghi\u1ec7p ho\u1ea1t \u0111\u1ed9ng trong \u0111i\u1ec1u ki\u1ec7n kh\u1eafc nghi\u1ec7t. H\u00e3y s\u1eed d\u1ee5ng s\u1ea3n ph\u1ea9m \u0111\u1ec3 \u0111\u1ea3m b\u1ea3o hi\u1ec7u su\u1ea5t ho\u1ea1t \u0111\u1ed9ng t\u1ed1i \u01b0u v\u00e0 k\u00e9o d\u00e0i tu\u1ed5i th\u1ecd cho h\u1ed9p s\u1ed1 c\u1ee7a b\u1ea1n.<\/p>\n<\/div>\n","protected":false},"excerpt":{"rendered":"<p><strong>T\u00ean sa\u0309n ph\u00e2\u0309m: Shell Omala S2 GX 320 (Omala Oil 320)<\/strong><\/p>\n<p><strong>Li\u00ean H\u1ec7:<\/strong> 0397433258<\/p>\n","protected":false},"featured_media":9057,"comment_status":"closed","ping_status":"closed","template":"","meta":[],"product_brand":[],"product_cat":[168],"product_tag":[],"class_list":{"0":"post-9056","1":"product","2":"type-product","3":"status-publish","4":"has-post-thumbnail","6":"product_cat-shell","8":"first","9":"instock","10":"shipping-taxable","11":"product-type-simple"},"_links":{"self":[{"href":"https:\/\/yenhung.com\/index.php?rest_route=\/wp\/v2\/product\/9056","targetHints":{"allow":["GET"]}}],"collection":[{"href":"https:\/\/yenhung.com\/index.php?rest_route=\/wp\/v2\/product"}],"about":[{"href":"https:\/\/yenhung.com\/index.php?rest_route=\/wp\/v2\/types\/product"}],"replies":[{"embeddable":true,"href":"https:\/\/yenhung.com\/index.php?rest_route=%2Fwp%2Fv2%2Fcomments&post=9056"}],"wp:featuredmedia":[{"embeddable":true,"href":"https:\/\/yenhung.com\/index.php?rest_route=\/wp\/v2\/media\/9057"}],"wp:attachment":[{"href":"https:\/\/yenhung.com\/index.php?rest_route=%2Fwp%2Fv2%2Fmedia&parent=9056"}],"wp:term":[{"taxonomy":"product_brand","embeddable":true,"href":"https:\/\/yenhung.com\/index.php?rest_route=%2Fwp%2Fv2%2Fproduct_brand&post=9056"},{"taxonomy":"product_cat","embeddable":true,"href":"https:\/\/yenhung.com\/index.php?rest_route=%2Fwp%2Fv2%2Fproduct_cat&post=9056"},{"taxonomy":"product_tag","embeddable":true,"href":"https:\/\/yenhung.com\/index.php?rest_route=%2Fwp%2Fv2%2Fproduct_tag&post=9056"}],"curies":[{"name":"wp","href":"https:\/\/api.w.org\/{rel}","templated":true}]}}