{"id":9064,"date":"2025-11-10T09:06:04","date_gmt":"2025-11-10T09:06:04","guid":{"rendered":"https:\/\/yenhung.com\/?product=dau-shell-turbo-oil-t68-209l-phuy"},"modified":"2026-03-13T07:05:39","modified_gmt":"2026-03-13T07:05:39","slug":"https-yenhung-com-productdau-shell-turbo-oil-t68-209l-phuy","status":"publish","type":"product","link":"https:\/\/yenhung.com\/?product=https-yenhung-com-productdau-shell-turbo-oil-t68-209l-phuy","title":{"rendered":"D\u1ea7u Tua Bin &#8211; Shell Turbo Oil T68 (209l\/phuy)"},"content":{"rendered":"<div class=\"ba-text-fpt\">\n<h2 data-sourcepos=\"1:1-1:82\"><strong>D\u1ea7u Shell Turbo Oil T68: Gi\u1ea3i ph\u00e1p b\u00f4i tr\u01a1n ho\u00e0n h\u1ea3o cho Tuabin kh\u00ed v\u00e0 h\u01a1i n\u01b0\u1edbc<\/strong><\/h2>\n<p data-sourcepos=\"3:1-3:300\"><img decoding=\"async\" title=\"dau-shell-turbo-oil-t68-209l-c-1750387239378-1\" src=\"https:\/\/yenhung.com\/wp-content\/uploads\/2025\/11\/dau-shell-turbo-oil-t68-209l-c-1750387239378-1.jpg\" alt=\"D\u1ea7u Shell Turbo Oil T68\" data-thumb=\"large\" \/><\/p>\n<p data-sourcepos=\"3:1-3:300\"><strong>Shell Turbo Oil T68<\/strong> l\u00e0 d\u1ea7u tuabin ch\u1ea5t l\u01b0\u1ee3ng cao \u0111\u01b0\u1ee3c thi\u1ebft k\u1ebf \u0111\u1ec3 \u0111\u00e1p \u1ee9ng nhu c\u1ea7u b\u00f4i tr\u01a1n hi\u1ec7u qu\u1ea3 cho c\u00e1c h\u1ec7 th\u1ed1ng tuabin kh\u00ed v\u00e0 h\u01a1i n\u01b0\u1edbc hi\u1ec7n \u0111\u1ea1i. S\u1ea3n ph\u1ea9m \u0111\u01b0\u1ee3c s\u1ea3n xu\u1ea5t t\u1eeb d\u1ea7u g\u1ed1c kho\u00e1ng tinh ch\u1ebf cao k\u1ebft h\u1ee3p v\u1edbi h\u1ec7 ph\u1ee5 gia ti\u00ean ti\u1ebfn, mang l\u1ea1i hi\u1ec7u su\u1ea5t v\u01b0\u1ee3t tr\u1ed9i v\u00e0 b\u1ea3o v\u1ec7 t\u1ed1i \u01b0u cho \u0111\u1ed9ng c\u01a1.<\/p>\n<h2 data-sourcepos=\"5:1-5:22\"><strong>T\u00ednh n\u0103ng n\u1ed5i b\u1eadt:<\/strong><\/h2>\n<ul data-sourcepos=\"7:1-12:0\">\n<li data-sourcepos=\"7:1-7:153\"><strong>Kh\u1ea3 n\u0103ng ch\u1ed1ng oxy h\u00f3a tuy\u1ec7t v\u1eddi:<\/strong> Gi\u00fap ng\u0103n ng\u1eeba s\u1ef1 h\u00ecnh th\u00e0nh c\u1eb7n b\u1ea9n v\u00e0 axit, k\u00e9o d\u00e0i tu\u1ed5i th\u1ecd d\u1ea7u v\u00e0 b\u1ea3o v\u1ec7 c\u00e1c b\u1ed9 ph\u1eadn kim lo\u1ea1i kh\u1ecfi s\u1ef1 \u0103n m\u00f2n.<\/li>\n<li data-sourcepos=\"8:1-8:135\"><strong>Kh\u1ea3 n\u0103ng ch\u1ed1ng m\u00e0i m\u00f2n hi\u1ec7u qu\u1ea3:<\/strong> B\u1ea3o v\u1ec7 c\u00e1c b\u1ec1 m\u1eb7t kim lo\u1ea1i kh\u1ecfi s\u1ef1 m\u00e0i m\u00f2n, gi\u00fap gi\u1ea3m thi\u1ec3u h\u01b0 h\u1ecfng v\u00e0 k\u00e9o d\u00e0i tu\u1ed5i th\u1ecd \u0111\u1ed9ng c\u01a1.<\/li>\n<li data-sourcepos=\"9:1-9:137\"><strong>Kh\u1ea3 n\u0103ng t\u00e1ch n\u01b0\u1edbc \u01b0u vi\u1ec7t:<\/strong> Ng\u0103n ng\u1eeba s\u1ef1 h\u00ecnh th\u00e0nh nh\u0169 t\u01b0\u01a1ng, \u0111\u1ea3m b\u1ea3o hi\u1ec7u su\u1ea5t b\u00f4i tr\u01a1n t\u1ed1i \u01b0u v\u00e0 b\u1ea3o v\u1ec7 h\u1ec7 th\u1ed1ng kh\u1ecfi s\u1ef1 \u0103n m\u00f2n.<\/li>\n<li data-sourcepos=\"10:1-10:145\"><strong>\u0110\u1ed9 \u1ed5n \u0111\u1ecbnh nhi\u1ec7t cao:<\/strong> Ch\u1ecbu \u0111\u01b0\u1ee3c nhi\u1ec7t \u0111\u1ed9 cao m\u00e0 kh\u00f4ng b\u1ecb ph\u00e2n h\u1ee7y, \u0111\u1ea3m b\u1ea3o hi\u1ec7u su\u1ea5t b\u00f4i tr\u01a1n \u1ed5n \u0111\u1ecbnh trong \u0111i\u1ec1u ki\u1ec7n v\u1eadn h\u00e0nh kh\u1eafc nghi\u1ec7t.<\/li>\n<li data-sourcepos=\"11:1-12:0\"><strong>Kh\u1ea3 n\u0103ng ch\u1ed1ng t\u1ea1o b\u1ecdt t\u1ed1t:<\/strong> Gi\u1ea3m thi\u1ec3u s\u1ef1 h\u00ecnh th\u00e0nh b\u1ecdt kh\u00ed, gi\u00fap b\u1ea3o v\u1ec7 h\u1ec7 th\u1ed1ng kh\u1ecfi s\u1ef1 \u0103n m\u00f2n v\u00e0 \u0111\u1ea3m b\u1ea3o hi\u1ec7u qu\u1ea3 truy\u1ec1n t\u1ea3i d\u1ea7u.<\/li>\n<\/ul>\n<h2 data-sourcepos=\"13:1-13:12\"><strong>L\u1ee3i \u00edch:<\/strong><\/h2>\n<p><img decoding=\"async\" title=\"dau-shell-turbo-oil-t68-209l-b-1750387240439-1\" src=\"https:\/\/yenhung.com\/wp-content\/uploads\/2025\/11\/dau-shell-turbo-oil-t68-209l-b-1750387240439-1.jpg\" alt=\"D\u1ea7u Shell Turbo Oil T68\" data-thumb=\"large\" \/><\/p>\n<ul data-sourcepos=\"15:1-19:0\">\n<li data-sourcepos=\"15:1-15:131\"><strong>K\u00e9o d\u00e0i tu\u1ed5i th\u1ecd \u0111\u1ed9ng c\u01a1:<\/strong> Gi\u00fap gi\u1ea3m thi\u1ec3u h\u01b0 h\u1ecfng v\u00e0 hao m\u00f2n, g\u00f3p ph\u1ea7n k\u00e9o d\u00e0i tu\u1ed5i th\u1ecd \u0111\u1ed9ng c\u01a1 v\u00e0 ti\u1ebft ki\u1ec7m chi ph\u00ed b\u1ea3o tr\u00ec.<\/li>\n<li data-sourcepos=\"16:1-16:137\"><strong>N\u00e2ng cao hi\u1ec7u su\u1ea5t ho\u1ea1t \u0111\u1ed9ng:<\/strong> \u0110\u1ea3m b\u1ea3o hi\u1ec7u su\u1ea5t b\u00f4i tr\u01a1n t\u1ed1i \u01b0u, gi\u00fap \u0111\u1ed9ng c\u01a1 ho\u1ea1t \u0111\u1ed9ng tr\u01a1n tru v\u00e0 hi\u1ec7u qu\u1ea3, ti\u1ebft ki\u1ec7m n\u0103ng l\u01b0\u1ee3ng.<\/li>\n<li data-sourcepos=\"17:1-17:125\"><strong>Gi\u1ea3m thi\u1ec3u chi ph\u00ed v\u1eadn h\u00e0nh:<\/strong> Gi\u00fap gi\u1ea3m thi\u1ec3u chi ph\u00ed b\u1ea3o tr\u00ec v\u00e0 s\u1eeda ch\u1eefa, g\u00f3p ph\u1ea7n n\u00e2ng cao l\u1ee3i nhu\u1eadn cho doanh nghi\u1ec7p.<\/li>\n<li data-sourcepos=\"18:1-19:0\"><strong>B\u1ea3o v\u1ec7 m\u00f4i tr\u01b0\u1eddng:<\/strong> S\u1ea3n ph\u1ea9m th\u00e2n thi\u1ec7n v\u1edbi m\u00f4i tr\u01b0\u1eddng, \u0111\u00e1p \u1ee9ng c\u00e1c ti\u00eau chu\u1ea9n m\u00f4i tr\u01b0\u1eddng qu\u1ed1c t\u1ebf.<\/li>\n<\/ul>\n<h2 data-sourcepos=\"20:1-20:13\"><strong>\u1ee8ng d\u1ee5ng:<\/strong><\/h2>\n<ul data-sourcepos=\"22:1-26:0\">\n<li data-sourcepos=\"22:1-22:26\">Tuabin kh\u00ed t\u1ea3i tr\u1ecdng nh\u1eb9<\/li>\n<li data-sourcepos=\"23:1-23:70\">Tuabin h\u01a1i n\u01b0\u1edbc kh\u00f4ng y\u00eau c\u1ea7u t\u00ednh n\u0103ng ch\u1ed1ng m\u00e0i m\u00f2n cao cho h\u1ed9p s\u1ed1<\/li>\n<li data-sourcepos=\"24:1-24:18\">Tuabin th\u1ee7y \u0111i\u1ec7n<\/li>\n<li data-sourcepos=\"25:1-26:0\">C\u00e1c \u1ee9ng d\u1ee5ng y\u00eau c\u1ea7u d\u1ea7u R&amp;O ho\u1eb7c d\u1ea7u tuabin<\/li>\n<\/ul>\n<p data-sourcepos=\"27:1-27:194\"><strong>Shell Turbo Oil T68<\/strong> l\u00e0 l\u1ef1a ch\u1ecdn ho\u00e0n h\u1ea3o cho c\u00e1c nh\u00e0 khai th\u00e1c v\u00e0 v\u1eadn h\u00e0nh tuabin kh\u00ed v\u00e0 h\u01a1i n\u01b0\u1edbc, gi\u00fap n\u00e2ng cao hi\u1ec7u su\u1ea5t ho\u1ea1t \u0111\u1ed9ng, k\u00e9o d\u00e0i tu\u1ed5i th\u1ecd \u0111\u1ed9ng c\u01a1 v\u00e0 gi\u1ea3m thi\u1ec3u chi ph\u00ed v\u1eadn h\u00e0nh.<\/p>\n<\/div>\n","protected":false},"excerpt":{"rendered":"<p><strong>T\u00ean sa\u0309n ph\u00e2\u0309m:<\/strong> D\u1ea7u Shell Turbo Oil T68<\/p>\n<p><strong>Li\u00ean H\u1ec7:<\/strong> 0397433258<\/p>\n","protected":false},"featured_media":9065,"comment_status":"closed","ping_status":"closed","template":"","meta":[],"product_brand":[],"product_cat":[168],"product_tag":[],"class_list":{"0":"post-9064","1":"product","2":"type-product","3":"status-publish","4":"has-post-thumbnail","6":"product_cat-shell","8":"first","9":"instock","10":"shipping-taxable","11":"product-type-simple"},"_links":{"self":[{"href":"https:\/\/yenhung.com\/index.php?rest_route=\/wp\/v2\/product\/9064","targetHints":{"allow":["GET"]}}],"collection":[{"href":"https:\/\/yenhung.com\/index.php?rest_route=\/wp\/v2\/product"}],"about":[{"href":"https:\/\/yenhung.com\/index.php?rest_route=\/wp\/v2\/types\/product"}],"replies":[{"embeddable":true,"href":"https:\/\/yenhung.com\/index.php?rest_route=%2Fwp%2Fv2%2Fcomments&post=9064"}],"wp:featuredmedia":[{"embeddable":true,"href":"https:\/\/yenhung.com\/index.php?rest_route=\/wp\/v2\/media\/9065"}],"wp:attachment":[{"href":"https:\/\/yenhung.com\/index.php?rest_route=%2Fwp%2Fv2%2Fmedia&parent=9064"}],"wp:term":[{"taxonomy":"product_brand","embeddable":true,"href":"https:\/\/yenhung.com\/index.php?rest_route=%2Fwp%2Fv2%2Fproduct_brand&post=9064"},{"taxonomy":"product_cat","embeddable":true,"href":"https:\/\/yenhung.com\/index.php?rest_route=%2Fwp%2Fv2%2Fproduct_cat&post=9064"},{"taxonomy":"product_tag","embeddable":true,"href":"https:\/\/yenhung.com\/index.php?rest_route=%2Fwp%2Fv2%2Fproduct_tag&post=9064"}],"curies":[{"name":"wp","href":"https:\/\/api.w.org\/{rel}","templated":true}]}}